{"id":764,"date":"2020-04-21T12:19:36","date_gmt":"2020-04-21T17:19:36","guid":{"rendered":"https:\/\/beta.servicios-nauticos.com\/?page_id=764"},"modified":"2026-02-05T20:41:20","modified_gmt":"2026-02-06T02:41:20","slug":"used-boats","status":"publish","type":"page","link":"https:\/\/servicios-nauticos.com\/es\/used-boats\/","title":{"rendered":"Barcos usados"},"content":{"rendered":"<div data-elementor-type=\"wp-page\" data-elementor-id=\"764\" class=\"elementor elementor-764\" data-elementor-post-type=\"page\">\n\t\t\t\t\t\t<section class=\"elementor-section elementor-top-section elementor-element elementor-element-98151b6 elementor-section-content-middle elementor-section-boxed elementor-section-height-default elementor-section-height-default\" data-id=\"98151b6\" data-element_type=\"section\" data-settings=\"{&quot;background_background&quot;:&quot;classic&quot;}\">\n\t\t\t\t\t\t<div class=\"elementor-container elementor-column-gap-no\">\n\t\t\t\t\t<div class=\"elementor-column elementor-col-100 elementor-top-column elementor-element elementor-element-3ddf15c\" data-id=\"3ddf15c\" data-element_type=\"column\">\n\t\t\t<div class=\"elementor-widget-wrap elementor-element-populated\">\n\t\t\t\t\t\t<div class=\"elementor-element elementor-element-885bc7a elementor-widget elementor-widget-heading\" data-id=\"885bc7a\" data-element_type=\"widget\" data-widget_type=\"heading.default\">\n\t\t\t\t<div class=\"elementor-widget-container\">\n\t\t\t\t\t<h3 class=\"elementor-heading-title elementor-size-default\">Barcos usados<\/h3>\t\t\t\t<\/div>\n\t\t\t\t<\/div>\n\t\t\t\t<div class=\"elementor-element elementor-element-efaa1a9 elementor-widget elementor-widget-shortcode\" data-id=\"efaa1a9\" data-element_type=\"widget\" data-widget_type=\"shortcode.default\">\n\t\t\t\t<div class=\"elementor-widget-container\">\n\t\t\t\t\t\t\t<div class=\"elementor-shortcode\"><div class=\"boats-grid\" style=\"display: grid; grid-template-columns: repeat(auto-fill, minmax(280px, 1fr)); gap: 20px; padding: 20px;\">        <div class=\"boat-card\" style=\"border: 1px solid #ddd; border-radius: 12px; overflow: hidden; background: #fff; box-shadow: 0 4px 10px rgba(0,0,0,0.05);\">\r\n            <a href=\"https:\/\/www.yachtworld.es\/yate\/51-flybridge-10070598\/\" target=\"_blank\" style=\"text-decoration:none; color:inherit;\">\r\n                <img decoding=\"async\" src=\"https:\/\/images.boatsgroup.com\/images\/1\/5\/98\/2005-riviera-51-flybridge-power-10070598-20260131141548293-0.jpg\" style=\"width:100%; height:200px; object-fit:cover;\">\r\n                <div style=\"padding:15px; text-align:center;\">\r\n                    <strong style=\"display:block; min-height:45px; font-size:1.1rem;\">\r\n                          51 Flybridge                    <\/strong>\r\n                    <p style=\"color:#00447C; font-weight:bold; font-size:1.3rem; margin:10px 0;\">Consultar<\/p>\r\n                    <span style=\"background:#00447C; color:#fff; padding:10px 20px; border-radius:6px; display:inline-block; font-weight:bold;\">Ver detalles<\/span>\r\n                    \r\n                    <div style=\"font-size:9px; color:#aaa; margin-top:10px; border-top:1px solid #eee; padding-top:5px;\">\r\n                        Consultar enlace: \/yate\/51-flybridge-10070598\/\r\n                    <\/div>\r\n                <\/div>\r\n            <\/a>\r\n        <\/div>\r\n                <div class=\"boat-card\" style=\"border: 1px solid #ddd; border-radius: 12px; overflow: hidden; background: #fff; box-shadow: 0 4px 10px rgba(0,0,0,0.05);\">\r\n            <a href=\"https:\/\/www.yachtworld.es\/yate\/62s-9125450\/\" target=\"_blank\" style=\"text-decoration:none; color:inherit;\">\r\n                <img decoding=\"async\" src=\"https:\/\/images.boatsgroup.com\/images\/1\/54\/50\/2009-azimut-62s-power-9125450-20251219183806747-0.jpg\" style=\"width:100%; height:200px; object-fit:cover;\">\r\n                <div style=\"padding:15px; text-align:center;\">\r\n                    <strong style=\"display:block; min-height:45px; font-size:1.1rem;\">\r\n                          62S                    <\/strong>\r\n                    <p style=\"color:#00447C; font-weight:bold; font-size:1.3rem; margin:10px 0;\">Consultar<\/p>\r\n                    <span style=\"background:#00447C; color:#fff; padding:10px 20px; border-radius:6px; display:inline-block; font-weight:bold;\">Ver detalles<\/span>\r\n                    \r\n                    <div style=\"font-size:9px; color:#aaa; margin-top:10px; border-top:1px solid #eee; padding-top:5px;\">\r\n                        Ver enlace: \/yate\/62s-9125450\/\r\n                    <\/div>\r\n                <\/div>\r\n            <\/a>\r\n        <\/div>\r\n                <div class=\"boat-card\" style=\"border: 1px solid #ddd; border-radius: 12px; overflow: hidden; background: #fff; box-shadow: 0 4px 10px rgba(0,0,0,0.05);\">\r\n            <a href=\"https:\/\/www.yachtworld.es\/yate\/nc-11-9547749\/\" target=\"_blank\" style=\"text-decoration:none; color:inherit;\">\r\n                <img decoding=\"async\" src=\"https:\/\/images.boatsgroup.com\/images\/1\/77\/49\/2019-jeanneau-nc-11-power-9547749-20260120063956042-0.jpg\" style=\"width:100%; height:200px; object-fit:cover;\">\r\n                <div style=\"padding:15px; text-align:center;\">\r\n                    <strong style=\"display:block; min-height:45px; font-size:1.1rem;\">\r\n                          Carolina del Norte 11                    <\/strong>\r\n                    <p style=\"color:#00447C; font-weight:bold; font-size:1.3rem; margin:10px 0;\">Consultar<\/p>\r\n                    <span style=\"background:#00447C; color:#fff; padding:10px 20px; border-radius:6px; display:inline-block; font-weight:bold;\">Ver detalles<\/span>\r\n                    \r\n                    <div style=\"font-size:9px; color:#aaa; margin-top:10px; border-top:1px solid #eee; padding-top:5px;\">\r\n                        Consultar enlace: \/yate\/nc-11-9547749\/\r\n                    <\/div>\r\n                <\/div>\r\n            <\/a>\r\n        <\/div>\r\n        <\/div><\/div>\n\t\t\t\t\t\t<\/div>\n\t\t\t\t<\/div>\n\t\t\t\t\t<\/div>\n\t\t<\/div>\n\t\t\t\t\t<\/div>\n\t\t<\/section>\n\t\t\t\t<section class=\"elementor-section elementor-top-section elementor-element elementor-element-f53782a elementor-section-boxed elementor-section-height-default elementor-section-height-default\" data-id=\"f53782a\" data-element_type=\"section\" data-settings=\"{&quot;background_background&quot;:&quot;classic&quot;}\">\n\t\t\t\t\t\t<div class=\"elementor-container elementor-column-gap-default\">\n\t\t\t\t\t<div class=\"elementor-column elementor-col-100 elementor-top-column elementor-element elementor-element-b0cb2cf\" data-id=\"b0cb2cf\" data-element_type=\"column\">\n\t\t\t<div class=\"elementor-widget-wrap elementor-element-populated\">\n\t\t\t\t\t\t<div class=\"elementor-element elementor-element-6a105c6 elementor-widget elementor-widget-heading\" data-id=\"6a105c6\" data-element_type=\"widget\" data-widget_type=\"heading.default\">\n\t\t\t\t<div class=\"elementor-widget-container\">\n\t\t\t\t\t<h3 class=\"elementor-heading-title elementor-size-default\">Servicios N\u00e1uticos es una empresa que nace por la necesidad en el sector de la pesca comercial y deportiva.<\/h3>\t\t\t\t<\/div>\n\t\t\t\t<\/div>\n\t\t\t\t<div class=\"elementor-element elementor-element-3d38313 elementor-widget elementor-widget-text-editor\" data-id=\"3d38313\" data-element_type=\"widget\" data-widget_type=\"text-editor.default\">\n\t\t\t\t<div class=\"elementor-widget-container\">\n\t\t\t\t\t\t\t\t\t<p>Encontrar qui\u00e9n ofrece, PRODUCTOS, CALIDAD, SERVICIO, SOPORTE y FINANCIAMIENTO para adquirir equipo comercial y deportivo marino con los precios m\u00e1s accesibles.<\/p>\t\t\t\t\t\t\t\t<\/div>\n\t\t\t\t<\/div>\n\t\t\t\t\t<\/div>\n\t\t<\/div>\n\t\t\t\t\t<\/div>\n\t\t<\/section>\n\t\t\t\t<section class=\"elementor-section elementor-top-section elementor-element elementor-element-d89c15a elementor-section-content-middle elementor-section-boxed elementor-section-height-default elementor-section-height-default\" data-id=\"d89c15a\" data-element_type=\"section\">\n\t\t\t\t\t\t<div class=\"elementor-container elementor-column-gap-no\">\n\t\t\t\t\t<div class=\"elementor-column elementor-col-100 elementor-top-column elementor-element elementor-element-93ffe42\" data-id=\"93ffe42\" data-element_type=\"column\">\n\t\t\t<div class=\"elementor-widget-wrap elementor-element-populated\">\n\t\t\t\t\t\t<div class=\"elementor-element elementor-element-88785d6 elementor-widget elementor-widget-heading\" data-id=\"88785d6\" data-element_type=\"widget\" data-widget_type=\"heading.default\">\n\t\t\t\t<div class=\"elementor-widget-container\">\n\t\t\t\t\t<h3 class=\"elementor-heading-title elementor-size-default\">Env\u00edanos un mensaje<\/h3>\t\t\t\t<\/div>\n\t\t\t\t<\/div>\n\t\t\t\t<div class=\"elementor-element elementor-element-d5c1b9a elementor-button-align-start elementor-mobile-button-align-center elementor-widget elementor-widget-form\" data-id=\"d5c1b9a\" data-element_type=\"widget\" data-settings=\"{&quot;step_next_label&quot;:&quot;Next&quot;,&quot;step_previous_label&quot;:&quot;Previous&quot;,&quot;button_width&quot;:&quot;100&quot;,&quot;step_type&quot;:&quot;number_text&quot;,&quot;step_icon_shape&quot;:&quot;circle&quot;}\" data-widget_type=\"form.default\">\n\t\t\t\t<div class=\"elementor-widget-container\">\n\t\t\t\t\t\t\t<form class=\"elementor-form\" method=\"post\" name=\"Used Boats - Contact Us\" action=\"\">\n\t\t\t<input type=\"hidden\" name=\"post_id\" value=\"764\"\/>\n\t\t\t<input type=\"hidden\" name=\"form_id\" value=\"d5c1b9a\"\/>\n\t\t\t<input type=\"hidden\" name=\"referer_title\" value=\"\" \/>\n\n\t\t\t\n\t\t\t<div class=\"elementor-form-fields-wrapper elementor-labels-\">\n\t\t\t\t\t\t\t\t<div class=\"elementor-field-type-text elementor-field-group elementor-column elementor-field-group-name elementor-col-50 elementor-field-required\">\n\t\t\t\t\t\t\t\t\t\t\t\t<label for=\"form-field-name\" class=\"elementor-field-label elementor-screen-only\">\n\t\t\t\t\t\t\t\tNombre\t\t\t\t\t\t\t<\/label>\n\t\t\t\t\t\t\t\t\t\t\t\t\t\t<input size=\"1\" type=\"text\" name=\"form_fields[name]\" id=\"form-field-name\" class=\"elementor-field elementor-size-sm  elementor-field-textual\" placeholder=\"Nombre\" required=\"required\">\n\t\t\t\t\t\t\t\t\t\t\t<\/div>\n\t\t\t\t\t\t\t\t<div class=\"elementor-field-type-email elementor-field-group elementor-column elementor-field-group-email elementor-col-50 elementor-field-required\">\n\t\t\t\t\t\t\t\t\t\t\t\t<label for=\"form-field-email\" class=\"elementor-field-label elementor-screen-only\">\n\t\t\t\t\t\t\t\tCorreo electr\u00f3nico\t\t\t\t\t\t\t<\/label>\n\t\t\t\t\t\t\t\t\t\t\t\t\t\t<input size=\"1\" type=\"email\" name=\"form_fields[email]\" id=\"form-field-email\" class=\"elementor-field elementor-size-sm  elementor-field-textual\" placeholder=\"Correo electr\u00f3nico\" required=\"required\">\n\t\t\t\t\t\t\t\t\t\t\t<\/div>\n\t\t\t\t\t\t\t\t<div class=\"elementor-field-type-text elementor-field-group elementor-column elementor-field-group-5fc6f08 elementor-col-50 elementor-field-required\">\n\t\t\t\t\t\t\t\t\t\t\t\t<label for=\"form-field-5fc6f08\" class=\"elementor-field-label elementor-screen-only\">\n\t\t\t\t\t\t\t\tTel\u00e9fono\t\t\t\t\t\t\t<\/label>\n\t\t\t\t\t\t\t\t\t\t\t\t\t\t<input size=\"1\" type=\"text\" name=\"form_fields[5fc6f08]\" id=\"form-field-5fc6f08\" class=\"elementor-field elementor-size-sm  elementor-field-textual\" placeholder=\"Tel\u00e9fono\" required=\"required\">\n\t\t\t\t\t\t\t\t\t\t\t<\/div>\n\t\t\t\t\t\t\t\t<div class=\"elementor-field-type-select elementor-field-group elementor-column elementor-field-group-brand elementor-col-50\">\n\t\t\t\t\t\t\t\t\t\t\t\t<label for=\"form-field-brand\" class=\"elementor-field-label elementor-screen-only\">\n\t\t\t\t\t\t\t\tSujeto\t\t\t\t\t\t\t<\/label>\n\t\t\t\t\t\t\t\t<div class=\"elementor-field elementor-select-wrapper remove-before\">\n\t\t\t<div class=\"select-caret-down-wrapper\">\n\t\t\t\t<i aria-hidden=\"true\" class=\"eicon-caret-down\"><\/i>\t\t\t<\/div>\n\t\t\t<select name=\"form_fields[brand]\" id=\"form-field-brand\" class=\"elementor-field-textual elementor-size-sm\">\n\t\t\t\t\t\t\t\t\t<option value=\"Used Boats\">Barcos usados<\/option>\n\t\t\t\t\t\t\t<\/select>\n\t\t<\/div>\n\t\t\t\t\t\t<\/div>\n\t\t\t\t\t\t\t\t<div class=\"elementor-field-type-textarea elementor-field-group elementor-column elementor-field-group-6ed25c0 elementor-col-100\">\n\t\t\t\t\t\t\t\t\t\t\t\t<label for=\"form-field-6ed25c0\" class=\"elementor-field-label elementor-screen-only\">\n\t\t\t\t\t\t\t\tMensaje\t\t\t\t\t\t\t<\/label>\n\t\t\t\t\t\t<textarea class=\"elementor-field-textual elementor-field  elementor-size-sm\" name=\"form_fields[6ed25c0]\" id=\"form-field-6ed25c0\" rows=\"4\" placeholder=\"Mensaje\"><\/textarea>\t\t\t\t<\/div>\n\t\t\t\t\t\t\t\t<div class=\"elementor-field-group elementor-column elementor-field-type-submit elementor-col-100 e-form__buttons\">\n\t\t\t\t\t<button class=\"elementor-button elementor-size-md\" type=\"submit\">\n\t\t\t\t\t\t<span class=\"elementor-button-content-wrapper\">\n\t\t\t\t\t\t\t\t\t\t\t\t\t\t\t\t\t\t\t\t\t\t<span class=\"elementor-button-text\">Enviar<\/span>\n\t\t\t\t\t\t\t\t\t\t\t\t\t<\/span>\n\t\t\t\t\t<\/button>\n\t\t\t\t<\/div>\n\t\t\t<\/div>\n\t\t<input type=\"hidden\" name=\"trp-form-language\" value=\"es\"\/><\/form>\n\t\t\t\t\t\t<\/div>\n\t\t\t\t<\/div>\n\t\t\t\t\t<\/div>\n\t\t<\/div>\n\t\t\t\t\t<\/div>\n\t\t<\/section>\n\t\t\t\t<\/div>","protected":false},"excerpt":{"rendered":"<p>Servicios N\u00e1uticos de Barcos Usados es una empresa que surgi\u00f3 de la necesidad en el sector de la pesca comercial y deportiva de encontrar quienes ofrezcan PRODUCTOS, CALIDAD, SERVICIO, SOPORTE Y FINANCIACI\u00d3N para adquirir equipo n\u00e1utico comercial y deportivo a precios accesibles. Env\u00edenos un mensaje.<\/p>","protected":false},"author":2,"featured_media":0,"parent":0,"menu_order":2,"comment_status":"closed","ping_status":"closed","template":"","meta":{"footnotes":""},"class_list":["post-764","page","type-page","status-publish","hentry"],"_links":{"self":[{"href":"https:\/\/servicios-nauticos.com\/es\/wp-json\/wp\/v2\/pages\/764","targetHints":{"allow":["GET"]}}],"collection":[{"href":"https:\/\/servicios-nauticos.com\/es\/wp-json\/wp\/v2\/pages"}],"about":[{"href":"https:\/\/servicios-nauticos.com\/es\/wp-json\/wp\/v2\/types\/page"}],"author":[{"embeddable":true,"href":"https:\/\/servicios-nauticos.com\/es\/wp-json\/wp\/v2\/users\/2"}],"replies":[{"embeddable":true,"href":"https:\/\/servicios-nauticos.com\/es\/wp-json\/wp\/v2\/comments?post=764"}],"version-history":[{"count":5,"href":"https:\/\/servicios-nauticos.com\/es\/wp-json\/wp\/v2\/pages\/764\/revisions"}],"predecessor-version":[{"id":3954,"href":"https:\/\/servicios-nauticos.com\/es\/wp-json\/wp\/v2\/pages\/764\/revisions\/3954"}],"wp:attachment":[{"href":"https:\/\/servicios-nauticos.com\/es\/wp-json\/wp\/v2\/media?parent=764"}],"curies":[{"name":"wp","href":"https:\/\/api.w.org\/{rel}","templated":true}]}}