{"id":758,"date":"2020-04-21T12:10:35","date_gmt":"2020-04-21T17:10:35","guid":{"rendered":"https:\/\/beta.servicios-nauticos.com\/?page_id=758"},"modified":"2025-08-22T13:30:40","modified_gmt":"2025-08-22T19:30:40","slug":"blog","status":"publish","type":"page","link":"https:\/\/servicios-nauticos.com\/es\/blog\/","title":{"rendered":"Blog"},"content":{"rendered":"<div data-elementor-type=\"wp-page\" data-elementor-id=\"758\" class=\"elementor elementor-758\" data-elementor-post-type=\"page\">\n\t\t\t\t\t\t<section class=\"elementor-section elementor-top-section elementor-element elementor-element-62d3742 elementor-section-boxed elementor-section-height-default elementor-section-height-default\" data-id=\"62d3742\" data-element_type=\"section\">\n\t\t\t\t\t\t<div class=\"elementor-container elementor-column-gap-default\">\n\t\t\t\t\t<div class=\"elementor-column elementor-col-100 elementor-top-column elementor-element elementor-element-3b8b05c\" data-id=\"3b8b05c\" data-element_type=\"column\">\n\t\t\t<div class=\"elementor-widget-wrap elementor-element-populated\">\n\t\t\t\t\t\t<div class=\"elementor-element elementor-element-e1c8e95 elementor-grid-3 elementor-grid-tablet-2 elementor-grid-mobile-1 elementor-posts--thumbnail-top elementor-widget elementor-widget-posts\" data-id=\"e1c8e95\" data-element_type=\"widget\" data-settings=\"{&quot;classic_columns&quot;:&quot;3&quot;,&quot;classic_columns_tablet&quot;:&quot;2&quot;,&quot;classic_columns_mobile&quot;:&quot;1&quot;,&quot;classic_row_gap&quot;:{&quot;unit&quot;:&quot;px&quot;,&quot;size&quot;:35,&quot;sizes&quot;:[]},&quot;classic_row_gap_tablet&quot;:{&quot;unit&quot;:&quot;px&quot;,&quot;size&quot;:&quot;&quot;,&quot;sizes&quot;:[]},&quot;classic_row_gap_mobile&quot;:{&quot;unit&quot;:&quot;px&quot;,&quot;size&quot;:&quot;&quot;,&quot;sizes&quot;:[]}}\" data-widget_type=\"posts.classic\">\n\t\t\t\t<div class=\"elementor-widget-container\">\n\t\t\t\t\t\t\t<div class=\"elementor-posts-container elementor-posts elementor-posts--skin-classic elementor-grid\">\n\t\t\t\t<article class=\"elementor-post elementor-grid-item post-3737 post type-post status-publish format-standard has-post-thumbnail hentry category-uncategorized-en\">\n\t\t\t\t<a class=\"elementor-post__thumbnail__link\" href=\"https:\/\/servicios-nauticos.com\/es\/3737-2\/\" tabindex=\"-1\" >\n\t\t\t<div class=\"elementor-post__thumbnail\"><img fetchpriority=\"high\" decoding=\"async\" width=\"300\" height=\"225\" src=\"https:\/\/servicios-nauticos.com\/wp-content\/uploads\/2025\/08\/New-Everglades-367CX-Mexico-300x225.jpg\" class=\"attachment-medium size-medium wp-image-3738\" alt=\"\" srcset=\"https:\/\/servicios-nauticos.com\/wp-content\/uploads\/2025\/08\/New-Everglades-367CX-Mexico-300x225.jpg 300w, https:\/\/servicios-nauticos.com\/wp-content\/uploads\/2025\/08\/New-Everglades-367CX-Mexico-768x575.jpg 768w, https:\/\/servicios-nauticos.com\/wp-content\/uploads\/2025\/08\/New-Everglades-367CX-Mexico-16x12.jpg 16w, https:\/\/servicios-nauticos.com\/wp-content\/uploads\/2025\/08\/New-Everglades-367CX-Mexico.jpg 1024w\" sizes=\"(max-width: 300px) 100vw, 300px\" \/><\/div>\n\t\t<\/a>\n\t\t\t\t<div class=\"elementor-post__text\">\n\t\t\t\t<h3 class=\"elementor-post__title\">\n\t\t\t<a href=\"https:\/\/servicios-nauticos.com\/es\/3737-2\/\" >\n\t\t\t\tEverglades 367CX: El mejor crossover de pesca de lujo para M\u00e9xico\t\t\t<\/a>\n\t\t<\/h3>\n\t\t\t\t<div class=\"elementor-post__excerpt\">\n\t\t\t<p>Para pescadores exigentes y familias adineradas en M\u00e9xico que buscan la m\u00e1xima experiencia en pesca de altura y comodidad en crucero, el Everglades 367CX es inigualable. Esta embarcaci\u00f3n premium de cabina cruzada de 36 pies combina robustez...<\/p>\n\t\t<\/div>\n\t\t\n\t\t<a class=\"elementor-post__read-more\" href=\"https:\/\/servicios-nauticos.com\/es\/3737-2\/\" aria-label=\"Lea m\u00e1s sobre Everglades 367CX: El mejor crossover de pesca de lujo para M\u00e9xico\" tabindex=\"-1\" >\n\t\t\tLeer m\u00e1s &quot;\t\t<\/a>\n\n\t\t\t\t<\/div>\n\t\t\t\t<\/article>\n\t\t\t\t<article class=\"elementor-post elementor-grid-item post-1761 post type-post status-publish format-standard has-post-thumbnail hentry category-uncategorized tag-liberacion-de-marlin tag-liberacion-de-pez-vela tag-marlin-azul tag-pesca-de-marlin-y-pez-vela-en-vallarta\">\n\t\t\t\t<a class=\"elementor-post__thumbnail__link\" href=\"https:\/\/servicios-nauticos.com\/es\/un-pez-vela-y-marlin-valen-mas-vivos-que-muertos\/\" tabindex=\"-1\" >\n\t\t\t<div class=\"elementor-post__thumbnail\"><img decoding=\"async\" width=\"300\" height=\"222\" src=\"https:\/\/servicios-nauticos.com\/wp-content\/uploads\/2021\/04\/Pez-vela-y-marlin-vivos-catch-release-Puerto-Vallarta-002-300x222.jpg\" class=\"attachment-medium size-medium wp-image-1765\" alt=\"\" srcset=\"https:\/\/servicios-nauticos.com\/wp-content\/uploads\/2021\/04\/Pez-vela-y-marlin-vivos-catch-release-Puerto-Vallarta-002-300x222.jpg 300w, https:\/\/servicios-nauticos.com\/wp-content\/uploads\/2021\/04\/Pez-vela-y-marlin-vivos-catch-release-Puerto-Vallarta-002.jpg 443w\" sizes=\"(max-width: 300px) 100vw, 300px\" \/><\/div>\n\t\t<\/a>\n\t\t\t\t<div class=\"elementor-post__text\">\n\t\t\t\t<h3 class=\"elementor-post__title\">\n\t\t\t<a href=\"https:\/\/servicios-nauticos.com\/es\/un-pez-vela-y-marlin-valen-mas-vivos-que-muertos\/\" >\n\t\t\t\tUn Pez Vela y Marlin Valen mas Vivos que Muertos\t\t\t<\/a>\n\t\t<\/h3>\n\t\t\t\t<div class=\"elementor-post__excerpt\">\n\t\t\t<p>Todos hemos escuchado varios temas de c\u00f3mo cuidar el medio ambiente en nuestra comunidad y su servidor al estar involucrado en el sector de la venta y renta de embarcaciones.<\/p>\n\t\t<\/div>\n\t\t\n\t\t<a class=\"elementor-post__read-more\" href=\"https:\/\/servicios-nauticos.com\/es\/un-pez-vela-y-marlin-valen-mas-vivos-que-muertos\/\" aria-label=\"Leer m\u00e1s sobre Un Pez Vela y Marlin Valen mas Vivos que Muertos\" tabindex=\"-1\" >\n\t\t\tLeer m\u00e1s &quot;\t\t<\/a>\n\n\t\t\t\t<\/div>\n\t\t\t\t<\/article>\n\t\t\t\t<article class=\"elementor-post elementor-grid-item post-1757 post type-post status-publish format-standard has-post-thumbnail hentry category-uncategorized tag-pesca-de-marlin tag-pesca-de-marlin-en-nuevo-vallarta tag-pesca-de-marlin-en-puerto-vallarta tag-senuelos-para-marlin tag-servicios-nauticos\">\n\t\t\t\t<a class=\"elementor-post__thumbnail__link\" href=\"https:\/\/servicios-nauticos.com\/es\/trolea-tus-senuelos-para-marlin-correctamente\/\" tabindex=\"-1\" >\n\t\t\t<div class=\"elementor-post__thumbnail\"><img decoding=\"async\" width=\"225\" height=\"300\" src=\"https:\/\/servicios-nauticos.com\/wp-content\/uploads\/2021\/04\/Troleando-Senuelos-para-marlin-225x300.jpg\" class=\"attachment-medium size-medium wp-image-1758\" alt=\"\" srcset=\"https:\/\/servicios-nauticos.com\/wp-content\/uploads\/2021\/04\/Troleando-Senuelos-para-marlin-225x300.jpg 225w, https:\/\/servicios-nauticos.com\/wp-content\/uploads\/2021\/04\/Troleando-Senuelos-para-marlin.jpg 655w\" sizes=\"(max-width: 225px) 100vw, 225px\" \/><\/div>\n\t\t<\/a>\n\t\t\t\t<div class=\"elementor-post__text\">\n\t\t\t\t<h3 class=\"elementor-post__title\">\n\t\t\t<a href=\"https:\/\/servicios-nauticos.com\/es\/trolea-tus-senuelos-para-marlin-correctamente\/\" >\n\t\t\t\tTrolea tus Se\u00f1uelos para marl\u00edn correctamente\t\t\t<\/a>\n\t\t<\/h3>\n\t\t\t\t<div class=\"elementor-post__excerpt\">\n\t\t\t<p>Generalmente todo inicia con el \u201cquiero pescar marl\u00edn\u201d, lo siguiente que sabe uno es que tiene en sus manos una caja con se\u00f1uelos de todos los colores, tama\u00f1os y de<\/p>\n\t\t<\/div>\n\t\t\n\t\t<a class=\"elementor-post__read-more\" href=\"https:\/\/servicios-nauticos.com\/es\/trolea-tus-senuelos-para-marlin-correctamente\/\" aria-label=\"Leer m\u00e1s sobre Trolea tus Se\u00f1uelos para marl\u00edn correctamente\" tabindex=\"-1\" >\n\t\t\tLeer m\u00e1s &quot;\t\t<\/a>\n\n\t\t\t\t<\/div>\n\t\t\t\t<\/article>\n\t\t\t\t<article class=\"elementor-post elementor-grid-item post-1751 post type-post status-publish format-standard has-post-thumbnail hentry category-uncategorized tag-marlin-azul tag-marlin-lures tag-pesca-de-marlin tag-pesca-de-marlin-en-puerto-vallarta\">\n\t\t\t\t<a class=\"elementor-post__thumbnail__link\" href=\"https:\/\/servicios-nauticos.com\/es\/tacticas-de-los-profesionales-para-enganchar-un-marlin-con-lures\/\" tabindex=\"-1\" >\n\t\t\t<div class=\"elementor-post__thumbnail\"><img loading=\"lazy\" decoding=\"async\" width=\"300\" height=\"225\" src=\"https:\/\/servicios-nauticos.com\/wp-content\/uploads\/2021\/04\/Tacticas-profesionales-para-enganchar-marlin-con-lures-300x225.jpg\" class=\"attachment-medium size-medium wp-image-1752\" alt=\"\" srcset=\"https:\/\/servicios-nauticos.com\/wp-content\/uploads\/2021\/04\/Tacticas-profesionales-para-enganchar-marlin-con-lures-300x225.jpg 300w, https:\/\/servicios-nauticos.com\/wp-content\/uploads\/2021\/04\/Tacticas-profesionales-para-enganchar-marlin-con-lures-768x576.jpg 768w, https:\/\/servicios-nauticos.com\/wp-content\/uploads\/2021\/04\/Tacticas-profesionales-para-enganchar-marlin-con-lures.jpg 1000w\" sizes=\"(max-width: 300px) 100vw, 300px\" \/><\/div>\n\t\t<\/a>\n\t\t\t\t<div class=\"elementor-post__text\">\n\t\t\t\t<h3 class=\"elementor-post__title\">\n\t\t\t<a href=\"https:\/\/servicios-nauticos.com\/es\/tacticas-de-los-profesionales-para-enganchar-un-marlin-con-lures\/\" >\n\t\t\t\tT\u00e1cticas de los Profesionales para Enganchar un Marlin con Lures\t\t\t<\/a>\n\t\t<\/h3>\n\t\t\t\t<div class=\"elementor-post__excerpt\">\n\t\t\t<p>He tenido la suerte de pescar en varias partes del mundo y visto varias t\u00e9cnicas y hoy quiero hablar sobre una de ellas, la pesca con se\u00f1uelos. Creo que la<\/p>\n\t\t<\/div>\n\t\t\n\t\t<a class=\"elementor-post__read-more\" href=\"https:\/\/servicios-nauticos.com\/es\/tacticas-de-los-profesionales-para-enganchar-un-marlin-con-lures\/\" aria-label=\"Leer m\u00e1s sobre T\u00e1cticas de los Profesionales para Enganchar un Marlin con Se\u00f1uelos\" tabindex=\"-1\" >\n\t\t\tLeer m\u00e1s &quot;\t\t<\/a>\n\n\t\t\t\t<\/div>\n\t\t\t\t<\/article>\n\t\t\t\t<article class=\"elementor-post elementor-grid-item post-1555 post type-post status-publish format-standard has-post-thumbnail hentry category-uncategorized\">\n\t\t\t\t<a class=\"elementor-post__thumbnail__link\" href=\"https:\/\/servicios-nauticos.com\/es\/carnada-viva-para-la-pesca-de-marlin\/\" tabindex=\"-1\" >\n\t\t\t<div class=\"elementor-post__thumbnail\"><img loading=\"lazy\" decoding=\"async\" width=\"300\" height=\"225\" src=\"https:\/\/servicios-nauticos.com\/wp-content\/uploads\/2020\/03\/SERVIC2-300x225.jpg\" class=\"attachment-medium size-medium wp-image-1550\" alt=\"\" srcset=\"https:\/\/servicios-nauticos.com\/wp-content\/uploads\/2020\/03\/SERVIC2-300x225.jpg 300w, https:\/\/servicios-nauticos.com\/wp-content\/uploads\/2020\/03\/SERVIC2.jpg 655w\" sizes=\"(max-width: 300px) 100vw, 300px\" \/><\/div>\n\t\t<\/a>\n\t\t\t\t<div class=\"elementor-post__text\">\n\t\t\t\t<h3 class=\"elementor-post__title\">\n\t\t\t<a href=\"https:\/\/servicios-nauticos.com\/es\/carnada-viva-para-la-pesca-de-marlin\/\" >\n\t\t\t\tC\u00f3mo usar la carnada viva para la pesca de Marlin\t\t\t<\/a>\n\t\t<\/h3>\n\t\t\t\t<div class=\"elementor-post__excerpt\">\n\t\t\t<p>1. Un marl\u00edn azul que pesa 899.6 libras en la embarcaci\u00f3n Cotton Patch gan\u00f3 el 2015 Emerald Coast Blue Marlin Classic. Un a\u00f1o despu\u00e9s, un azul de 806.8 libras en<\/p>\n\t\t<\/div>\n\t\t\n\t\t<a class=\"elementor-post__read-more\" href=\"https:\/\/servicios-nauticos.com\/es\/carnada-viva-para-la-pesca-de-marlin\/\" aria-label=\"Leer m\u00e1s sobre C\u00f3mo usar la carnada viva para la pesca de Marlin\" tabindex=\"-1\" >\n\t\t\tLeer m\u00e1s &quot;\t\t<\/a>\n\n\t\t\t\t<\/div>\n\t\t\t\t<\/article>\n\t\t\t\t<\/div>\n\t\t\n\t\t\t\t\t\t<\/div>\n\t\t\t\t<\/div>\n\t\t\t\t\t<\/div>\n\t\t<\/div>\n\t\t\t\t\t<\/div>\n\t\t<\/section>\n\t\t\t\t<\/div>","protected":false},"excerpt":{"rendered":"","protected":false},"author":2,"featured_media":0,"parent":0,"menu_order":4,"comment_status":"closed","ping_status":"closed","template":"","meta":{"footnotes":""},"class_list":["post-758","page","type-page","status-publish","hentry"],"_links":{"self":[{"href":"https:\/\/servicios-nauticos.com\/es\/wp-json\/wp\/v2\/pages\/758","targetHints":{"allow":["GET"]}}],"collection":[{"href":"https:\/\/servicios-nauticos.com\/es\/wp-json\/wp\/v2\/pages"}],"about":[{"href":"https:\/\/servicios-nauticos.com\/es\/wp-json\/wp\/v2\/types\/page"}],"author":[{"embeddable":true,"href":"https:\/\/servicios-nauticos.com\/es\/wp-json\/wp\/v2\/users\/2"}],"replies":[{"embeddable":true,"href":"https:\/\/servicios-nauticos.com\/es\/wp-json\/wp\/v2\/comments?post=758"}],"version-history":[{"count":5,"href":"https:\/\/servicios-nauticos.com\/es\/wp-json\/wp\/v2\/pages\/758\/revisions"}],"predecessor-version":[{"id":3829,"href":"https:\/\/servicios-nauticos.com\/es\/wp-json\/wp\/v2\/pages\/758\/revisions\/3829"}],"wp:attachment":[{"href":"https:\/\/servicios-nauticos.com\/es\/wp-json\/wp\/v2\/media?parent=758"}],"curies":[{"name":"wp","href":"https:\/\/api.w.org\/{rel}","templated":true}]}}