{"id":3274,"date":"2025-05-23T11:38:45","date_gmt":"2025-05-23T17:38:45","guid":{"rendered":"https:\/\/beta.servicios-nauticos.com\/?page_id=3274"},"modified":"2025-05-23T11:41:35","modified_gmt":"2025-05-23T17:41:35","slug":"365cc","status":"publish","type":"page","link":"https:\/\/servicios-nauticos.com\/es\/new-boats\/everglades\/365cc\/","title":{"rendered":"365 cc"},"content":{"rendered":"<div data-elementor-type=\"wp-page\" data-elementor-id=\"3274\" class=\"elementor elementor-3274\" data-elementor-post-type=\"page\">\n\t\t\t\t\t\t<section class=\"elementor-section elementor-top-section elementor-element elementor-element-fc619fd elementor-section-boxed elementor-section-height-default elementor-section-height-default\" data-id=\"fc619fd\" data-element_type=\"section\">\n\t\t\t\t\t\t<div class=\"elementor-container elementor-column-gap-default\">\n\t\t\t\t\t<div class=\"elementor-column elementor-col-50 elementor-top-column elementor-element elementor-element-80808b9\" data-id=\"80808b9\" data-element_type=\"column\">\n\t\t\t<div class=\"elementor-widget-wrap elementor-element-populated\">\n\t\t\t\t\t\t<section class=\"elementor-section elementor-inner-section elementor-element elementor-element-8db663a elementor-section-boxed elementor-section-height-default elementor-section-height-default\" data-id=\"8db663a\" data-element_type=\"section\">\n\t\t\t\t\t\t<div class=\"elementor-container elementor-column-gap-default\">\n\t\t\t\t\t<div class=\"elementor-column elementor-col-50 elementor-inner-column elementor-element elementor-element-7184e0b\" data-id=\"7184e0b\" data-element_type=\"column\">\n\t\t\t<div class=\"elementor-widget-wrap elementor-element-populated\">\n\t\t\t\t\t\t<div class=\"elementor-element elementor-element-45e8ab1 elementor-widget elementor-widget-heading\" data-id=\"45e8ab1\" data-element_type=\"widget\" data-widget_type=\"heading.default\">\n\t\t\t\t<div class=\"elementor-widget-container\">\n\t\t\t\t\t<h1 class=\"elementor-heading-title elementor-size-default\">365 cc<\/h1>\t\t\t\t<\/div>\n\t\t\t\t<\/div>\n\t\t\t\t\t<\/div>\n\t\t<\/div>\n\t\t\t\t<div class=\"elementor-column elementor-col-50 elementor-inner-column elementor-element elementor-element-0dc6802\" data-id=\"0dc6802\" data-element_type=\"column\">\n\t\t\t<div class=\"elementor-widget-wrap elementor-element-populated\">\n\t\t\t\t\t\t<div class=\"elementor-element elementor-element-503df35e elementor-widget elementor-widget-image\" data-id=\"503df35e\" data-element_type=\"widget\" data-widget_type=\"image.default\">\n\t\t\t\t<div class=\"elementor-widget-container\">\n\t\t\t\t\t\t\t\t\t\t\t\t\t\t\t<img decoding=\"async\" width=\"400\" height=\"100\" src=\"https:\/\/servicios-nauticos.com\/wp-content\/uploads\/2025\/02\/Servicios-Nauticos-Venta-de-Embarcaciones-Yates-de-Pesca-en-Mexico-2-1.png\" class=\"attachment-full size-full wp-image-1958\" alt=\"\" srcset=\"https:\/\/servicios-nauticos.com\/wp-content\/uploads\/2025\/02\/Servicios-Nauticos-Venta-de-Embarcaciones-Yates-de-Pesca-en-Mexico-2-1.png 400w, https:\/\/servicios-nauticos.com\/wp-content\/uploads\/2025\/02\/Servicios-Nauticos-Venta-de-Embarcaciones-Yates-de-Pesca-en-Mexico-2-1-300x75.png 300w\" sizes=\"(max-width: 400px) 100vw, 400px\" \/>\t\t\t\t\t\t\t\t\t\t\t\t\t\t\t<\/div>\n\t\t\t\t<\/div>\n\t\t\t\t\t<\/div>\n\t\t<\/div>\n\t\t\t\t\t<\/div>\n\t\t<\/section>\n\t\t\t\t<div class=\"elementor-element elementor-element-79e029f elementor-widget elementor-widget-text-editor\" data-id=\"79e029f\" data-element_type=\"widget\" data-widget_type=\"text-editor.default\">\n\t\t\t\t<div class=\"elementor-widget-container\">\n\t\t\t\t\t\t\t\t\t<div class=\"nectar-split-heading font_size_22px font_size_tablet_18px custom-trigger scroll-timeline markup-generated\" data-align=\"default\" data-m-align=\"inherit\" data-text-effect=\"scroll-opacity-reveal\" data-animation-type=\"line-reveal-by-space\" data-animation-delay=\"0\" data-animation-offset=\"\" data-m-rm-animation=\"\" data-stagger=\"true\" data-custom-font-size=\"true\"><div class=\"vc_col-sm-5 wpb_column column_container vc_column_container col column_position_relative el_spacing_0px\" data-border-radius=\"15px\" data-overlay-color=\"true\" data-padding-pos=\"all\" data-has-bg-color=\"false\" data-bg-color=\"\" data-bg-opacity=\"1\" data-animation=\"\" data-delay=\"0\"><div class=\"vc_column-inner\"><div class=\"wpb_wrapper\"><div class=\"nectar-split-heading custom-trigger scroll-timeline markup-generated\" data-align=\"default\" data-m-align=\"inherit\" data-text-effect=\"scroll-opacity-reveal\" data-animation-type=\"line-reveal-by-space\" data-animation-delay=\"0\" data-animation-offset=\"\" data-m-rm-animation=\"\" data-stagger=\"true\" data-custom-font-size=\"false\"><h2 aria-label=\"Presentamos la lancha con consola central de 375 cc \">Embarcaci\u00f3n de consola central Offshore de 365 cc<\/h2><\/div><\/div><\/div><\/div><p>La consola central offshore 365CC es una combinaci\u00f3n magistral de innovaci\u00f3n, estilo y rendimiento, dise\u00f1ada para satisfacer las necesidades de navegantes y pescadores apasionados. Esta vers\u00e1til embarcaci\u00f3n cuenta con una distribuci\u00f3n cuidadosamente dise\u00f1ada que maximiza el espacio y la funcionalidad, lo que la hace ideal para diversas actividades acu\u00e1ticas. La 365CC cuenta con una espaciosa ba\u00f1era, elegante distribuci\u00f3n de asientos y amplio espacio de almacenamiento, lo que garantiza comodidad y conveniencia durante largas jornadas en el mar.<\/p><p>Su construcci\u00f3n patentada RAMCAP proporciona durabilidad y flotabilidad superiores, ofreciendo una navegaci\u00f3n suave y estable incluso en aguas turbulentas. Con un dise\u00f1o elegante y moderno y acabados de primera calidad, el 365CC se distingue por su elegancia y capacidad en alta mar. La tecnolog\u00eda avanzada est\u00e1 al mando, con sistemas de navegaci\u00f3n integrados, pantallas de alta definici\u00f3n y sistemas de sonido premium que mejoran su experiencia de navegaci\u00f3n. El 365CC est\u00e1 equipado con numerosas comodidades para la pesca, incluyendo una gran caja de pesca, viveros y portaca\u00f1as, para satisfacer las necesidades de los pescadores m\u00e1s exigentes. La seguridad y la fiabilidad son primordiales, con caracter\u00edsticas como bombas de achique autom\u00e1ticas y un robusto dise\u00f1o de casco RAMCAP que garantizan tranquilidad durante sus aventuras en alta mar. El Everglades 365CC no es solo un barco; es un testimonio de la artesan\u00eda superior y una puerta de entrada a inolvidables aventuras marinas.<\/p><\/div>\t\t\t\t\t\t\t\t<\/div>\n\t\t\t\t<\/div>\n\t\t\t\t\t<\/div>\n\t\t<\/div>\n\t\t\t\t<div class=\"elementor-column elementor-col-50 elementor-top-column elementor-element elementor-element-f62ccdd\" data-id=\"f62ccdd\" data-element_type=\"column\">\n\t\t\t<div class=\"elementor-widget-wrap elementor-element-populated\">\n\t\t\t\t\t\t<div class=\"elementor-element elementor-element-f2774fa elementor-widget elementor-widget-image\" data-id=\"f2774fa\" data-element_type=\"widget\" data-widget_type=\"image.default\">\n\t\t\t\t<div class=\"elementor-widget-container\">\n\t\t\t\t\t\t\t\t\t\t\t\t\t\t\t<img fetchpriority=\"high\" decoding=\"async\" width=\"800\" height=\"534\" src=\"https:\/\/servicios-nauticos.com\/wp-content\/uploads\/2025\/05\/Servicios-Nauticos-Puerto-Vallarta-Maztalan-Los-Cabos-Everglades-365cc-008-1024x683.jpg\" class=\"attachment-large size-large wp-image-3279\" alt=\"\" srcset=\"https:\/\/servicios-nauticos.com\/wp-content\/uploads\/2025\/05\/Servicios-Nauticos-Puerto-Vallarta-Maztalan-Los-Cabos-Everglades-365cc-008-1024x683.jpg 1024w, https:\/\/servicios-nauticos.com\/wp-content\/uploads\/2025\/05\/Servicios-Nauticos-Puerto-Vallarta-Maztalan-Los-Cabos-Everglades-365cc-008-300x200.jpg 300w, https:\/\/servicios-nauticos.com\/wp-content\/uploads\/2025\/05\/Servicios-Nauticos-Puerto-Vallarta-Maztalan-Los-Cabos-Everglades-365cc-008-768x512.jpg 768w, https:\/\/servicios-nauticos.com\/wp-content\/uploads\/2025\/05\/Servicios-Nauticos-Puerto-Vallarta-Maztalan-Los-Cabos-Everglades-365cc-008.jpg 1240w\" sizes=\"(max-width: 800px) 100vw, 800px\" \/>\t\t\t\t\t\t\t\t\t\t\t\t\t\t\t<\/div>\n\t\t\t\t<\/div>\n\t\t\t\t<div class=\"elementor-element elementor-element-5c8414b elementor-widget elementor-widget-text-editor\" data-id=\"5c8414b\" data-element_type=\"widget\" data-widget_type=\"text-editor.default\">\n\t\t\t\t<div class=\"elementor-widget-container\">\n\t\t\t\t\t\t\t\t\t<h2><strong>Presupuesto<\/strong><\/h2><table><tbody><tr><td><strong>Carta de Aprobaci\u00f3n<\/strong><\/td><td>37&#039;8\u201d<\/td><\/tr><tr><td><strong>Haz<\/strong><\/td><td>10&#8217;8&#8243;<\/td><\/tr><tr><td><strong>HP m\u00e1ximo<\/strong><\/td><td>1.200 CV<\/td><\/tr><tr><td><strong>Capacidad de combustible<\/strong><\/td><td><p>339 galones<\/p><\/td><\/tr><tr><td><div class=\"wpb_text_column wpb_content_element\"><div class=\"wpb_wrapper\"><p><strong>Peso con opciones<\/strong><\/p><\/div><\/div><\/td><td><p>17,600 libras<\/p><\/td><\/tr><\/tbody><\/table>\t\t\t\t\t\t\t\t<\/div>\n\t\t\t\t<\/div>\n\t\t\t\t\t<\/div>\n\t\t<\/div>\n\t\t\t\t\t<\/div>\n\t\t<\/section>\n\t\t\t\t<section class=\"elementor-section elementor-top-section elementor-element elementor-element-7fe8483 elementor-section-boxed elementor-section-height-default elementor-section-height-default\" data-id=\"7fe8483\" data-element_type=\"section\">\n\t\t\t\t\t\t<div class=\"elementor-container elementor-column-gap-default\">\n\t\t\t\t\t<div class=\"elementor-column elementor-col-100 elementor-top-column elementor-element elementor-element-c0a9a4f\" data-id=\"c0a9a4f\" data-element_type=\"column\">\n\t\t\t<div class=\"elementor-widget-wrap elementor-element-populated\">\n\t\t\t\t\t\t<div class=\"elementor-element elementor-element-d3f08cf gallery-spacing-custom elementor-widget elementor-widget-image-gallery\" data-id=\"d3f08cf\" data-element_type=\"widget\" data-widget_type=\"image-gallery.default\">\n\t\t\t\t<div class=\"elementor-widget-container\">\n\t\t\t\t\t\t\t<div class=\"elementor-image-gallery\">\n\t\t\t<div id='gallery-1' class='gallery galleryid-3274 gallery-columns-4 gallery-size-medium_large'><figure class='gallery-item'>\n\t\t\t<div class='gallery-icon landscape'>\n\t\t\t\t<a data-elementor-open-lightbox=\"yes\" data-elementor-lightbox-slideshow=\"d3f08cf\" data-elementor-lightbox-title=\"Servicios-Nauticos-Puerto-Vallarta-Maztalan-Los-Cabos-Everglades-365cc-006\" data-e-action-hash=\"#elementor-action%3Aaction%3Dlightbox%26settings%3DeyJpZCI6MzI4MiwidXJsIjoiaHR0cHM6XC9cL3NlcnZpY2lvcy1uYXV0aWNvcy5jb21cL3dwLWNvbnRlbnRcL3VwbG9hZHNcLzIwMjVcLzA1XC9TZXJ2aWNpb3MtTmF1dGljb3MtUHVlcnRvLVZhbGxhcnRhLU1henRhbGFuLUxvcy1DYWJvcy1FdmVyZ2xhZGVzLTM2NWNjLTAwNi5qcGciLCJzbGlkZXNob3ciOiJkM2YwOGNmIn0%3D\" href='https:\/\/servicios-nauticos.com\/wp-content\/uploads\/2025\/05\/Servicios-Nauticos-Puerto-Vallarta-Maztalan-Los-Cabos-Everglades-365cc-006.jpg'><img decoding=\"async\" width=\"768\" height=\"512\" src=\"https:\/\/servicios-nauticos.com\/wp-content\/uploads\/2025\/05\/Servicios-Nauticos-Puerto-Vallarta-Maztalan-Los-Cabos-Everglades-365cc-006-768x512.jpg\" class=\"attachment-medium_large size-medium_large\" alt=\"\" srcset=\"https:\/\/servicios-nauticos.com\/wp-content\/uploads\/2025\/05\/Servicios-Nauticos-Puerto-Vallarta-Maztalan-Los-Cabos-Everglades-365cc-006-768x512.jpg 768w, https:\/\/servicios-nauticos.com\/wp-content\/uploads\/2025\/05\/Servicios-Nauticos-Puerto-Vallarta-Maztalan-Los-Cabos-Everglades-365cc-006-300x200.jpg 300w, https:\/\/servicios-nauticos.com\/wp-content\/uploads\/2025\/05\/Servicios-Nauticos-Puerto-Vallarta-Maztalan-Los-Cabos-Everglades-365cc-006.jpg 1024w\" sizes=\"(max-width: 768px) 100vw, 768px\" \/><\/a>\n\t\t\t<\/div><\/figure><figure class='gallery-item'>\n\t\t\t<div class='gallery-icon landscape'>\n\t\t\t\t<a data-elementor-open-lightbox=\"yes\" data-elementor-lightbox-slideshow=\"d3f08cf\" data-elementor-lightbox-title=\"Servicios-Nauticos-Puerto-Vallarta-Maztalan-Los-Cabos-Everglades-365cc-001\" data-e-action-hash=\"#elementor-action%3Aaction%3Dlightbox%26settings%3DeyJpZCI6MzI3NSwidXJsIjoiaHR0cHM6XC9cL3NlcnZpY2lvcy1uYXV0aWNvcy5jb21cL3dwLWNvbnRlbnRcL3VwbG9hZHNcLzIwMjVcLzA1XC9TZXJ2aWNpb3MtTmF1dGljb3MtUHVlcnRvLVZhbGxhcnRhLU1henRhbGFuLUxvcy1DYWJvcy1FdmVyZ2xhZGVzLTM2NWNjLTAwMS5qcGciLCJzbGlkZXNob3ciOiJkM2YwOGNmIn0%3D\" href='https:\/\/servicios-nauticos.com\/wp-content\/uploads\/2025\/05\/Servicios-Nauticos-Puerto-Vallarta-Maztalan-Los-Cabos-Everglades-365cc-001.jpg'><img loading=\"lazy\" decoding=\"async\" width=\"768\" height=\"512\" src=\"https:\/\/servicios-nauticos.com\/wp-content\/uploads\/2025\/05\/Servicios-Nauticos-Puerto-Vallarta-Maztalan-Los-Cabos-Everglades-365cc-001-768x512.jpg\" class=\"attachment-medium_large size-medium_large\" alt=\"\" srcset=\"https:\/\/servicios-nauticos.com\/wp-content\/uploads\/2025\/05\/Servicios-Nauticos-Puerto-Vallarta-Maztalan-Los-Cabos-Everglades-365cc-001-768x512.jpg 768w, https:\/\/servicios-nauticos.com\/wp-content\/uploads\/2025\/05\/Servicios-Nauticos-Puerto-Vallarta-Maztalan-Los-Cabos-Everglades-365cc-001-300x200.jpg 300w, https:\/\/servicios-nauticos.com\/wp-content\/uploads\/2025\/05\/Servicios-Nauticos-Puerto-Vallarta-Maztalan-Los-Cabos-Everglades-365cc-001-1024x683.jpg 1024w, https:\/\/servicios-nauticos.com\/wp-content\/uploads\/2025\/05\/Servicios-Nauticos-Puerto-Vallarta-Maztalan-Los-Cabos-Everglades-365cc-001.jpg 1240w\" sizes=\"(max-width: 768px) 100vw, 768px\" \/><\/a>\n\t\t\t<\/div><\/figure><figure class='gallery-item'>\n\t\t\t<div class='gallery-icon landscape'>\n\t\t\t\t<a data-elementor-open-lightbox=\"yes\" data-elementor-lightbox-slideshow=\"d3f08cf\" data-elementor-lightbox-title=\"Servicios-Nauticos-Puerto-Vallarta-Maztalan-Los-Cabos-Everglades-365cc-004\" data-e-action-hash=\"#elementor-action%3Aaction%3Dlightbox%26settings%3DeyJpZCI6MzI4MSwidXJsIjoiaHR0cHM6XC9cL3NlcnZpY2lvcy1uYXV0aWNvcy5jb21cL3dwLWNvbnRlbnRcL3VwbG9hZHNcLzIwMjVcLzA1XC9TZXJ2aWNpb3MtTmF1dGljb3MtUHVlcnRvLVZhbGxhcnRhLU1henRhbGFuLUxvcy1DYWJvcy1FdmVyZ2xhZGVzLTM2NWNjLTAwNC5qcGciLCJzbGlkZXNob3ciOiJkM2YwOGNmIn0%3D\" href='https:\/\/servicios-nauticos.com\/wp-content\/uploads\/2025\/05\/Servicios-Nauticos-Puerto-Vallarta-Maztalan-Los-Cabos-Everglades-365cc-004.jpg'><img loading=\"lazy\" decoding=\"async\" width=\"768\" height=\"512\" src=\"https:\/\/servicios-nauticos.com\/wp-content\/uploads\/2025\/05\/Servicios-Nauticos-Puerto-Vallarta-Maztalan-Los-Cabos-Everglades-365cc-004-768x512.jpg\" class=\"attachment-medium_large size-medium_large\" alt=\"\" srcset=\"https:\/\/servicios-nauticos.com\/wp-content\/uploads\/2025\/05\/Servicios-Nauticos-Puerto-Vallarta-Maztalan-Los-Cabos-Everglades-365cc-004-768x512.jpg 768w, https:\/\/servicios-nauticos.com\/wp-content\/uploads\/2025\/05\/Servicios-Nauticos-Puerto-Vallarta-Maztalan-Los-Cabos-Everglades-365cc-004-300x200.jpg 300w, https:\/\/servicios-nauticos.com\/wp-content\/uploads\/2025\/05\/Servicios-Nauticos-Puerto-Vallarta-Maztalan-Los-Cabos-Everglades-365cc-004.jpg 1024w\" sizes=\"(max-width: 768px) 100vw, 768px\" \/><\/a>\n\t\t\t<\/div><\/figure><figure class='gallery-item'>\n\t\t\t<div class='gallery-icon landscape'>\n\t\t\t\t<a data-elementor-open-lightbox=\"yes\" data-elementor-lightbox-slideshow=\"d3f08cf\" data-elementor-lightbox-title=\"Servicios-Nauticos-Puerto-Vallarta-Maztalan-Los-Cabos-Everglades-365cc-002\" data-e-action-hash=\"#elementor-action%3Aaction%3Dlightbox%26settings%3DeyJpZCI6MzI4MCwidXJsIjoiaHR0cHM6XC9cL3NlcnZpY2lvcy1uYXV0aWNvcy5jb21cL3dwLWNvbnRlbnRcL3VwbG9hZHNcLzIwMjVcLzA1XC9TZXJ2aWNpb3MtTmF1dGljb3MtUHVlcnRvLVZhbGxhcnRhLU1henRhbGFuLUxvcy1DYWJvcy1FdmVyZ2xhZGVzLTM2NWNjLTAwMi5qcGciLCJzbGlkZXNob3ciOiJkM2YwOGNmIn0%3D\" href='https:\/\/servicios-nauticos.com\/wp-content\/uploads\/2025\/05\/Servicios-Nauticos-Puerto-Vallarta-Maztalan-Los-Cabos-Everglades-365cc-002.jpg'><img loading=\"lazy\" decoding=\"async\" width=\"768\" height=\"512\" src=\"https:\/\/servicios-nauticos.com\/wp-content\/uploads\/2025\/05\/Servicios-Nauticos-Puerto-Vallarta-Maztalan-Los-Cabos-Everglades-365cc-002-768x512.jpg\" class=\"attachment-medium_large size-medium_large\" alt=\"\" srcset=\"https:\/\/servicios-nauticos.com\/wp-content\/uploads\/2025\/05\/Servicios-Nauticos-Puerto-Vallarta-Maztalan-Los-Cabos-Everglades-365cc-002-768x512.jpg 768w, https:\/\/servicios-nauticos.com\/wp-content\/uploads\/2025\/05\/Servicios-Nauticos-Puerto-Vallarta-Maztalan-Los-Cabos-Everglades-365cc-002-300x200.jpg 300w, https:\/\/servicios-nauticos.com\/wp-content\/uploads\/2025\/05\/Servicios-Nauticos-Puerto-Vallarta-Maztalan-Los-Cabos-Everglades-365cc-002.jpg 1024w\" sizes=\"(max-width: 768px) 100vw, 768px\" \/><\/a>\n\t\t\t<\/div><\/figure><figure class='gallery-item'>\n\t\t\t<div class='gallery-icon landscape'>\n\t\t\t\t<a data-elementor-open-lightbox=\"yes\" data-elementor-lightbox-slideshow=\"d3f08cf\" data-elementor-lightbox-title=\"Servicios-Nauticos-Puerto-Vallarta-Maztalan-Los-Cabos-Everglades-365cc-008\" data-e-action-hash=\"#elementor-action%3Aaction%3Dlightbox%26settings%3DeyJpZCI6MzI3OSwidXJsIjoiaHR0cHM6XC9cL3NlcnZpY2lvcy1uYXV0aWNvcy5jb21cL3dwLWNvbnRlbnRcL3VwbG9hZHNcLzIwMjVcLzA1XC9TZXJ2aWNpb3MtTmF1dGljb3MtUHVlcnRvLVZhbGxhcnRhLU1henRhbGFuLUxvcy1DYWJvcy1FdmVyZ2xhZGVzLTM2NWNjLTAwOC5qcGciLCJzbGlkZXNob3ciOiJkM2YwOGNmIn0%3D\" href='https:\/\/servicios-nauticos.com\/wp-content\/uploads\/2025\/05\/Servicios-Nauticos-Puerto-Vallarta-Maztalan-Los-Cabos-Everglades-365cc-008.jpg'><img loading=\"lazy\" decoding=\"async\" width=\"768\" height=\"512\" src=\"https:\/\/servicios-nauticos.com\/wp-content\/uploads\/2025\/05\/Servicios-Nauticos-Puerto-Vallarta-Maztalan-Los-Cabos-Everglades-365cc-008-768x512.jpg\" class=\"attachment-medium_large size-medium_large\" alt=\"\" srcset=\"https:\/\/servicios-nauticos.com\/wp-content\/uploads\/2025\/05\/Servicios-Nauticos-Puerto-Vallarta-Maztalan-Los-Cabos-Everglades-365cc-008-768x512.jpg 768w, https:\/\/servicios-nauticos.com\/wp-content\/uploads\/2025\/05\/Servicios-Nauticos-Puerto-Vallarta-Maztalan-Los-Cabos-Everglades-365cc-008-300x200.jpg 300w, https:\/\/servicios-nauticos.com\/wp-content\/uploads\/2025\/05\/Servicios-Nauticos-Puerto-Vallarta-Maztalan-Los-Cabos-Everglades-365cc-008-1024x683.jpg 1024w, https:\/\/servicios-nauticos.com\/wp-content\/uploads\/2025\/05\/Servicios-Nauticos-Puerto-Vallarta-Maztalan-Los-Cabos-Everglades-365cc-008.jpg 1240w\" sizes=\"(max-width: 768px) 100vw, 768px\" \/><\/a>\n\t\t\t<\/div><\/figure><figure class='gallery-item'>\n\t\t\t<div class='gallery-icon landscape'>\n\t\t\t\t<a data-elementor-open-lightbox=\"yes\" data-elementor-lightbox-slideshow=\"d3f08cf\" data-elementor-lightbox-title=\"Servicios-Nauticos-Puerto-Vallarta-Maztalan-Los-Cabos-Everglades-365cc-005\" data-e-action-hash=\"#elementor-action%3Aaction%3Dlightbox%26settings%3DeyJpZCI6MzI3NywidXJsIjoiaHR0cHM6XC9cL3NlcnZpY2lvcy1uYXV0aWNvcy5jb21cL3dwLWNvbnRlbnRcL3VwbG9hZHNcLzIwMjVcLzA1XC9TZXJ2aWNpb3MtTmF1dGljb3MtUHVlcnRvLVZhbGxhcnRhLU1henRhbGFuLUxvcy1DYWJvcy1FdmVyZ2xhZGVzLTM2NWNjLTAwNS5qcGciLCJzbGlkZXNob3ciOiJkM2YwOGNmIn0%3D\" href='https:\/\/servicios-nauticos.com\/wp-content\/uploads\/2025\/05\/Servicios-Nauticos-Puerto-Vallarta-Maztalan-Los-Cabos-Everglades-365cc-005.jpg'><img loading=\"lazy\" decoding=\"async\" width=\"768\" height=\"512\" src=\"https:\/\/servicios-nauticos.com\/wp-content\/uploads\/2025\/05\/Servicios-Nauticos-Puerto-Vallarta-Maztalan-Los-Cabos-Everglades-365cc-005-768x512.jpg\" class=\"attachment-medium_large size-medium_large\" alt=\"\" srcset=\"https:\/\/servicios-nauticos.com\/wp-content\/uploads\/2025\/05\/Servicios-Nauticos-Puerto-Vallarta-Maztalan-Los-Cabos-Everglades-365cc-005-768x512.jpg 768w, https:\/\/servicios-nauticos.com\/wp-content\/uploads\/2025\/05\/Servicios-Nauticos-Puerto-Vallarta-Maztalan-Los-Cabos-Everglades-365cc-005-300x200.jpg 300w, https:\/\/servicios-nauticos.com\/wp-content\/uploads\/2025\/05\/Servicios-Nauticos-Puerto-Vallarta-Maztalan-Los-Cabos-Everglades-365cc-005-1024x683.jpg 1024w, https:\/\/servicios-nauticos.com\/wp-content\/uploads\/2025\/05\/Servicios-Nauticos-Puerto-Vallarta-Maztalan-Los-Cabos-Everglades-365cc-005.jpg 1240w\" sizes=\"(max-width: 768px) 100vw, 768px\" \/><\/a>\n\t\t\t<\/div><\/figure><figure class='gallery-item'>\n\t\t\t<div class='gallery-icon landscape'>\n\t\t\t\t<a data-elementor-open-lightbox=\"yes\" data-elementor-lightbox-slideshow=\"d3f08cf\" data-elementor-lightbox-title=\"Servicios-Nauticos-Puerto-Vallarta-Maztalan-Los-Cabos-Everglades-365cc-007\" data-e-action-hash=\"#elementor-action%3Aaction%3Dlightbox%26settings%3DeyJpZCI6MzI3OCwidXJsIjoiaHR0cHM6XC9cL3NlcnZpY2lvcy1uYXV0aWNvcy5jb21cL3dwLWNvbnRlbnRcL3VwbG9hZHNcLzIwMjVcLzA1XC9TZXJ2aWNpb3MtTmF1dGljb3MtUHVlcnRvLVZhbGxhcnRhLU1henRhbGFuLUxvcy1DYWJvcy1FdmVyZ2xhZGVzLTM2NWNjLTAwNy5qcGciLCJzbGlkZXNob3ciOiJkM2YwOGNmIn0%3D\" href='https:\/\/servicios-nauticos.com\/wp-content\/uploads\/2025\/05\/Servicios-Nauticos-Puerto-Vallarta-Maztalan-Los-Cabos-Everglades-365cc-007.jpg'><img loading=\"lazy\" decoding=\"async\" width=\"768\" height=\"512\" src=\"https:\/\/servicios-nauticos.com\/wp-content\/uploads\/2025\/05\/Servicios-Nauticos-Puerto-Vallarta-Maztalan-Los-Cabos-Everglades-365cc-007-768x512.jpg\" class=\"attachment-medium_large size-medium_large\" alt=\"\" srcset=\"https:\/\/servicios-nauticos.com\/wp-content\/uploads\/2025\/05\/Servicios-Nauticos-Puerto-Vallarta-Maztalan-Los-Cabos-Everglades-365cc-007-768x512.jpg 768w, https:\/\/servicios-nauticos.com\/wp-content\/uploads\/2025\/05\/Servicios-Nauticos-Puerto-Vallarta-Maztalan-Los-Cabos-Everglades-365cc-007-300x200.jpg 300w, https:\/\/servicios-nauticos.com\/wp-content\/uploads\/2025\/05\/Servicios-Nauticos-Puerto-Vallarta-Maztalan-Los-Cabos-Everglades-365cc-007-1024x683.jpg 1024w, https:\/\/servicios-nauticos.com\/wp-content\/uploads\/2025\/05\/Servicios-Nauticos-Puerto-Vallarta-Maztalan-Los-Cabos-Everglades-365cc-007.jpg 1240w\" sizes=\"(max-width: 768px) 100vw, 768px\" \/><\/a>\n\t\t\t<\/div><\/figure><figure class='gallery-item'>\n\t\t\t<div class='gallery-icon landscape'>\n\t\t\t\t<a data-elementor-open-lightbox=\"yes\" data-elementor-lightbox-slideshow=\"d3f08cf\" data-elementor-lightbox-title=\"Servicios-Nauticos-Puerto-Vallarta-Maztalan-Los-Cabos-Everglades-365cc-003\" data-e-action-hash=\"#elementor-action%3Aaction%3Dlightbox%26settings%3DeyJpZCI6MzI3NiwidXJsIjoiaHR0cHM6XC9cL3NlcnZpY2lvcy1uYXV0aWNvcy5jb21cL3dwLWNvbnRlbnRcL3VwbG9hZHNcLzIwMjVcLzA1XC9TZXJ2aWNpb3MtTmF1dGljb3MtUHVlcnRvLVZhbGxhcnRhLU1henRhbGFuLUxvcy1DYWJvcy1FdmVyZ2xhZGVzLTM2NWNjLTAwMy5qcGciLCJzbGlkZXNob3ciOiJkM2YwOGNmIn0%3D\" href='https:\/\/servicios-nauticos.com\/wp-content\/uploads\/2025\/05\/Servicios-Nauticos-Puerto-Vallarta-Maztalan-Los-Cabos-Everglades-365cc-003.jpg'><img loading=\"lazy\" decoding=\"async\" width=\"768\" height=\"512\" src=\"https:\/\/servicios-nauticos.com\/wp-content\/uploads\/2025\/05\/Servicios-Nauticos-Puerto-Vallarta-Maztalan-Los-Cabos-Everglades-365cc-003-768x512.jpg\" class=\"attachment-medium_large size-medium_large\" alt=\"\" srcset=\"https:\/\/servicios-nauticos.com\/wp-content\/uploads\/2025\/05\/Servicios-Nauticos-Puerto-Vallarta-Maztalan-Los-Cabos-Everglades-365cc-003-768x512.jpg 768w, https:\/\/servicios-nauticos.com\/wp-content\/uploads\/2025\/05\/Servicios-Nauticos-Puerto-Vallarta-Maztalan-Los-Cabos-Everglades-365cc-003-300x200.jpg 300w, https:\/\/servicios-nauticos.com\/wp-content\/uploads\/2025\/05\/Servicios-Nauticos-Puerto-Vallarta-Maztalan-Los-Cabos-Everglades-365cc-003-1024x683.jpg 1024w, https:\/\/servicios-nauticos.com\/wp-content\/uploads\/2025\/05\/Servicios-Nauticos-Puerto-Vallarta-Maztalan-Los-Cabos-Everglades-365cc-003.jpg 1240w\" sizes=\"(max-width: 768px) 100vw, 768px\" \/><\/a>\n\t\t\t<\/div><\/figure>\n\t\t<\/div>\n\t\t<\/div>\n\t\t\t\t\t\t<\/div>\n\t\t\t\t<\/div>\n\t\t\t\t\t<\/div>\n\t\t<\/div>\n\t\t\t\t\t<\/div>\n\t\t<\/section>\n\t\t\t\t<section class=\"elementor-section elementor-top-section elementor-element elementor-element-018c634 elementor-section-boxed elementor-section-height-default elementor-section-height-default\" data-id=\"018c634\" data-element_type=\"section\">\n\t\t\t\t\t\t<div class=\"elementor-container elementor-column-gap-default\">\n\t\t\t\t\t<div class=\"elementor-column elementor-col-100 elementor-top-column elementor-element elementor-element-136c7d1\" data-id=\"136c7d1\" data-element_type=\"column\">\n\t\t\t<div class=\"elementor-widget-wrap elementor-element-populated\">\n\t\t\t\t\t\t<div class=\"elementor-element elementor-element-97dcc40 elementor-align-center elementor-widget elementor-widget-button\" data-id=\"97dcc40\" data-element_type=\"widget\" data-widget_type=\"button.default\">\n\t\t\t\t<div class=\"elementor-widget-container\">\n\t\t\t\t\t\t\t\t\t<div class=\"elementor-button-wrapper\">\n\t\t\t\t\t<a class=\"elementor-button elementor-button-link elementor-size-sm\" href=\"\/contacto\/\">\n\t\t\t\t\t\t<span class=\"elementor-button-content-wrapper\">\n\t\t\t\t\t\t\t\t\t<span class=\"elementor-button-text\">M\u00e1s informaci\u00f3n<\/span>\n\t\t\t\t\t<\/span>\n\t\t\t\t\t<\/a>\n\t\t\t\t<\/div>\n\t\t\t\t\t\t\t\t<\/div>\n\t\t\t\t<\/div>\n\t\t\t\t\t<\/div>\n\t\t<\/div>\n\t\t\t\t\t<\/div>\n\t\t<\/section>\n\t\t\t\t<\/div>","protected":false},"excerpt":{"rendered":"<p>Embarcaci\u00f3n de consola central Offshore 365CC de 365 cc. La consola central Offshore 365CC es una combinaci\u00f3n magistral de innovaci\u00f3n, estilo y rendimiento, dise\u00f1ada para satisfacer las necesidades de navegantes y pescadores apasionados. Esta vers\u00e1til embarcaci\u00f3n cuenta con un dise\u00f1o inteligente que maximiza el espacio y la funcionalidad, lo que la hace ideal para diversas actividades acu\u00e1ticas. La 365CC cuenta con [\u2026]<\/p>","protected":false},"author":3,"featured_media":3279,"parent":2449,"menu_order":2,"comment_status":"closed","ping_status":"closed","template":"elementor_header_footer","meta":{"footnotes":""},"class_list":["post-3274","page","type-page","status-publish","has-post-thumbnail","hentry"],"_links":{"self":[{"href":"https:\/\/servicios-nauticos.com\/es\/wp-json\/wp\/v2\/pages\/3274","targetHints":{"allow":["GET"]}}],"collection":[{"href":"https:\/\/servicios-nauticos.com\/es\/wp-json\/wp\/v2\/pages"}],"about":[{"href":"https:\/\/servicios-nauticos.com\/es\/wp-json\/wp\/v2\/types\/page"}],"author":[{"embeddable":true,"href":"https:\/\/servicios-nauticos.com\/es\/wp-json\/wp\/v2\/users\/3"}],"replies":[{"embeddable":true,"href":"https:\/\/servicios-nauticos.com\/es\/wp-json\/wp\/v2\/comments?post=3274"}],"version-history":[{"count":4,"href":"https:\/\/servicios-nauticos.com\/es\/wp-json\/wp\/v2\/pages\/3274\/revisions"}],"predecessor-version":[{"id":3286,"href":"https:\/\/servicios-nauticos.com\/es\/wp-json\/wp\/v2\/pages\/3274\/revisions\/3286"}],"up":[{"embeddable":true,"href":"https:\/\/servicios-nauticos.com\/es\/wp-json\/wp\/v2\/pages\/2449"}],"wp:featuredmedia":[{"embeddable":true,"href":"https:\/\/servicios-nauticos.com\/es\/wp-json\/wp\/v2\/media\/3279"}],"wp:attachment":[{"href":"https:\/\/servicios-nauticos.com\/es\/wp-json\/wp\/v2\/media?parent=3274"}],"curies":[{"name":"wp","href":"https:\/\/api.w.org\/{rel}","templated":true}]}}