{"id":3153,"date":"2025-04-21T16:22:26","date_gmt":"2025-04-21T22:22:26","guid":{"rendered":"https:\/\/beta.servicios-nauticos.com\/?page_id=3153"},"modified":"2025-08-22T16:06:18","modified_gmt":"2025-08-22T22:06:18","slug":"cancun","status":"publish","type":"page","link":"https:\/\/servicios-nauticos.com\/es\/locations\/cancun\/","title":{"rendered":"Canc\u00fan"},"content":{"rendered":"<div data-elementor-type=\"wp-page\" data-elementor-id=\"3153\" class=\"elementor elementor-3153\" data-elementor-post-type=\"page\">\n\t\t\t\t\t\t<section class=\"elementor-section elementor-top-section elementor-element elementor-element-7f53abe4 elementor-section-content-middle elementor-section-boxed elementor-section-height-default elementor-section-height-default\" data-id=\"7f53abe4\" data-element_type=\"section\" data-settings=\"{&quot;background_background&quot;:&quot;classic&quot;}\">\n\t\t\t\t\t\t\t<div class=\"elementor-background-overlay\"><\/div>\n\t\t\t\t\t\t\t<div class=\"elementor-container elementor-column-gap-no\">\n\t\t\t\t\t<div class=\"elementor-column elementor-col-100 elementor-top-column elementor-element elementor-element-7e8123e5\" data-id=\"7e8123e5\" data-element_type=\"column\">\n\t\t\t<div class=\"elementor-widget-wrap elementor-element-populated\">\n\t\t\t\t\t\t<div class=\"elementor-element elementor-element-2b1e026 elementor-widget elementor-widget-heading\" data-id=\"2b1e026\" data-element_type=\"widget\" data-widget_type=\"heading.default\">\n\t\t\t\t<div class=\"elementor-widget-container\">\n\t\t\t\t\t<h2 class=\"elementor-heading-title elementor-size-default\">Canc\u00fan<\/h2>\t\t\t\t<\/div>\n\t\t\t\t<\/div>\n\t\t\t\t\t<\/div>\n\t\t<\/div>\n\t\t\t\t\t<\/div>\n\t\t<\/section>\n\t\t\t\t<section class=\"elementor-section elementor-top-section elementor-element elementor-element-c5c2094 elementor-section-content-middle elementor-section-boxed elementor-section-height-default elementor-section-height-default\" data-id=\"c5c2094\" data-element_type=\"section\" data-settings=\"{&quot;background_background&quot;:&quot;classic&quot;}\">\n\t\t\t\t\t\t<div class=\"elementor-container elementor-column-gap-no\">\n\t\t\t\t\t<div class=\"elementor-column elementor-col-100 elementor-top-column elementor-element elementor-element-bbece04\" data-id=\"bbece04\" data-element_type=\"column\">\n\t\t\t<div class=\"elementor-widget-wrap elementor-element-populated\">\n\t\t\t\t\t\t<div class=\"elementor-element elementor-element-0c85318 elementor-widget elementor-widget-heading\" data-id=\"0c85318\" data-element_type=\"widget\" data-widget_type=\"heading.default\">\n\t\t\t\t<div class=\"elementor-widget-container\">\n\t\t\t\t\t<h2 class=\"elementor-heading-title elementor-size-default\">\"<span style=\"font-size: 2rem;letter-spacing: 1.2px\">BARCOS Y YATES EN VENTA EN Canc\u00fan<\/span>\"\n<\/h2>\t\t\t\t<\/div>\n\t\t\t\t<\/div>\n\t\t\t\t<div class=\"elementor-element elementor-element-bbcd277 elementor-widget elementor-widget-text-editor\" data-id=\"bbcd277\" data-element_type=\"widget\" data-widget_type=\"text-editor.default\">\n\t\t\t\t<div class=\"elementor-widget-container\">\n\t\t\t\t\t\t\t\t\t<p class=\"ds-markdown-paragraph\">Una de nuestras oficinas en M\u00e9xico se encuentra en <strong>Canc\u00fan<\/strong>\u2014un destino internacionalmente reconocido por sus playas v\u00edrgenes y pesca deportiva de primera clase. Aqu\u00ed, las brillantes aguas del Caribe se unen a las doradas costas, creando un para\u00edso costero inigualable.\u00a0<\/p><p class=\"ds-markdown-paragraph\">Como pioneros en la industria de yates de M\u00e9xico, nos enorgullecemos de ofrecer productos excepcionales y un servicio premium, superando constantemente las expectativas para establecer nuevos est\u00e1ndares de excelencia.<\/p>\t\t\t\t\t\t\t\t<\/div>\n\t\t\t\t<\/div>\n\t\t\t\t<div class=\"elementor-element elementor-element-f20f38b elementor-widget-divider--view-line_icon elementor-view-default elementor-widget-divider--element-align-center elementor-widget elementor-widget-divider\" data-id=\"f20f38b\" data-element_type=\"widget\" data-widget_type=\"divider.default\">\n\t\t\t\t<div class=\"elementor-widget-container\">\n\t\t\t\t\t\t\t<div class=\"elementor-divider\">\n\t\t\t<span class=\"elementor-divider-separator\">\n\t\t\t\t\t\t\t<div class=\"elementor-icon elementor-divider__element\">\n\t\t\t\t\t<i aria-hidden=\"true\" class=\"fas fa-fish\"><\/i><\/div>\n\t\t\t\t\t\t<\/span>\n\t\t<\/div>\n\t\t\t\t\t\t<\/div>\n\t\t\t\t<\/div>\n\t\t\t\t<div class=\"elementor-element elementor-element-526ec71 elementor-grid-3 elementor-grid-tablet-2 elementor-grid-mobile-1 elementor-posts--thumbnail-top elementor-widget elementor-widget-posts\" data-id=\"526ec71\" data-element_type=\"widget\" data-settings=\"{&quot;pagination_type&quot;:&quot;lazyload&quot;,&quot;classic_columns&quot;:&quot;3&quot;,&quot;classic_columns_tablet&quot;:&quot;2&quot;,&quot;classic_columns_mobile&quot;:&quot;1&quot;,&quot;classic_row_gap&quot;:{&quot;unit&quot;:&quot;px&quot;,&quot;size&quot;:35,&quot;sizes&quot;:[]},&quot;classic_row_gap_tablet&quot;:{&quot;unit&quot;:&quot;px&quot;,&quot;size&quot;:&quot;&quot;,&quot;sizes&quot;:[]},&quot;classic_row_gap_mobile&quot;:{&quot;unit&quot;:&quot;px&quot;,&quot;size&quot;:&quot;&quot;,&quot;sizes&quot;:[]}}\" data-widget_type=\"posts.classic\">\n\t\t\t\t<div class=\"elementor-widget-container\">\n\t\t\t\t\t\t\t<div class=\"elementor-posts-container elementor-posts elementor-posts--skin-classic elementor-grid\">\n\t\t\t\t<article class=\"elementor-post elementor-grid-item post-2294 page type-page status-publish has-post-thumbnail hentry\">\n\t\t\t\t<a class=\"elementor-post__thumbnail__link\" href=\"https:\/\/servicios-nauticos.com\/es\/new-boats\/cruiser-yachts-puerto-vallarta\/50-gls\/\" tabindex=\"-1\" >\n\t\t\t<div class=\"elementor-post__thumbnail\"><img fetchpriority=\"high\" decoding=\"async\" width=\"1240\" height=\"1033\" src=\"https:\/\/servicios-nauticos.com\/wp-content\/uploads\/2025\/04\/50-gls-modelimagenormal-03242023.jpg\" class=\"attachment-full size-full wp-image-3248\" alt=\"\" srcset=\"https:\/\/servicios-nauticos.com\/wp-content\/uploads\/2025\/04\/50-gls-modelimagenormal-03242023.jpg 1240w, https:\/\/servicios-nauticos.com\/wp-content\/uploads\/2025\/04\/50-gls-modelimagenormal-03242023-300x250.jpg 300w, https:\/\/servicios-nauticos.com\/wp-content\/uploads\/2025\/04\/50-gls-modelimagenormal-03242023-1024x853.jpg 1024w, https:\/\/servicios-nauticos.com\/wp-content\/uploads\/2025\/04\/50-gls-modelimagenormal-03242023-768x640.jpg 768w\" sizes=\"(max-width: 1240px) 100vw, 1240px\" \/><\/div>\n\t\t<\/a>\n\t\t\t\t<div class=\"elementor-post__text\">\n\t\t\t\t<h3 class=\"elementor-post__title\">\n\t\t\t<a href=\"https:\/\/servicios-nauticos.com\/es\/new-boats\/cruiser-yachts-puerto-vallarta\/50-gls\/\" >\n\t\t\t\t50 GLS\t\t\t<\/a>\n\t\t<\/h3>\n\t\t\t\t<div class=\"elementor-post__excerpt\">\n\t\t\t<p>50 GLS El 50 GLS que se vende en su concesionario local es el buque insignia de la serie GLS en busca de aventuras.<\/p>\n\t\t<\/div>\n\t\t\n\t\t<a class=\"elementor-post__read-more\" href=\"https:\/\/servicios-nauticos.com\/es\/new-boats\/cruiser-yachts-puerto-vallarta\/50-gls\/\" aria-label=\"Leer m\u00e1s sobre 50 GLS\" tabindex=\"-1\" >\n\t\t\tVer m\u00e1s\t\t<\/a>\n\n\t\t\t\t<\/div>\n\t\t\t\t<\/article>\n\t\t\t\t<article class=\"elementor-post elementor-grid-item post-2496 page type-page status-publish has-post-thumbnail hentry\">\n\t\t\t\t<a class=\"elementor-post__thumbnail__link\" href=\"https:\/\/servicios-nauticos.com\/es\/new-boats\/everglades\/455cc\/\" tabindex=\"-1\" >\n\t\t\t<div class=\"elementor-post__thumbnail\"><img decoding=\"async\" width=\"1920\" height=\"1281\" src=\"https:\/\/servicios-nauticos.com\/wp-content\/uploads\/2025\/04\/Everglades-Boats-Mexico-455-CC-9.jpg\" class=\"attachment-full size-full wp-image-2497\" alt=\"\" srcset=\"https:\/\/servicios-nauticos.com\/wp-content\/uploads\/2025\/04\/Everglades-Boats-Mexico-455-CC-9.jpg 1920w, https:\/\/servicios-nauticos.com\/wp-content\/uploads\/2025\/04\/Everglades-Boats-Mexico-455-CC-9-300x200.jpg 300w, https:\/\/servicios-nauticos.com\/wp-content\/uploads\/2025\/04\/Everglades-Boats-Mexico-455-CC-9-1024x683.jpg 1024w, https:\/\/servicios-nauticos.com\/wp-content\/uploads\/2025\/04\/Everglades-Boats-Mexico-455-CC-9-768x512.jpg 768w, https:\/\/servicios-nauticos.com\/wp-content\/uploads\/2025\/04\/Everglades-Boats-Mexico-455-CC-9-1536x1025.jpg 1536w\" sizes=\"(max-width: 1920px) 100vw, 1920px\" \/><\/div>\n\t\t<\/a>\n\t\t\t\t<div class=\"elementor-post__text\">\n\t\t\t\t<h3 class=\"elementor-post__title\">\n\t\t\t<a href=\"https:\/\/servicios-nauticos.com\/es\/new-boats\/everglades\/455cc\/\" >\n\t\t\t\t455 cc\t\t\t<\/a>\n\t\t<\/h3>\n\t\t\t\t<div class=\"elementor-post__excerpt\">\n\t\t\t<p>El Everglades 455cc es el ep\u00edtome del rendimiento premium en el mundo de las embarcaciones de consola central. Esta embarcaci\u00f3n domina...<\/p>\n\t\t<\/div>\n\t\t\n\t\t<a class=\"elementor-post__read-more\" href=\"https:\/\/servicios-nauticos.com\/es\/new-boats\/everglades\/455cc\/\" aria-label=\"Leer m\u00e1s sobre 455cc\" tabindex=\"-1\" >\n\t\t\tVer m\u00e1s\t\t<\/a>\n\n\t\t\t\t<\/div>\n\t\t\t\t<\/article>\n\t\t\t\t<article class=\"elementor-post elementor-grid-item post-2521 page type-page status-publish has-post-thumbnail hentry\">\n\t\t\t\t<a class=\"elementor-post__thumbnail__link\" href=\"https:\/\/servicios-nauticos.com\/es\/new-boats\/tidewater\/380-cc\/\" tabindex=\"-1\" >\n\t\t\t<div class=\"elementor-post__thumbnail\"><img decoding=\"async\" width=\"2000\" height=\"1333\" src=\"https:\/\/servicios-nauticos.com\/wp-content\/uploads\/2025\/04\/Tidewater-boats-Servicios-Nauticos-Mexico-380-cc-6.jpg\" class=\"attachment-full size-full wp-image-2524\" alt=\"\" srcset=\"https:\/\/servicios-nauticos.com\/wp-content\/uploads\/2025\/04\/Tidewater-boats-Servicios-Nauticos-Mexico-380-cc-6.jpg 2000w, https:\/\/servicios-nauticos.com\/wp-content\/uploads\/2025\/04\/Tidewater-boats-Servicios-Nauticos-Mexico-380-cc-6-300x200.jpg 300w, https:\/\/servicios-nauticos.com\/wp-content\/uploads\/2025\/04\/Tidewater-boats-Servicios-Nauticos-Mexico-380-cc-6-1024x682.jpg 1024w, https:\/\/servicios-nauticos.com\/wp-content\/uploads\/2025\/04\/Tidewater-boats-Servicios-Nauticos-Mexico-380-cc-6-768x512.jpg 768w, https:\/\/servicios-nauticos.com\/wp-content\/uploads\/2025\/04\/Tidewater-boats-Servicios-Nauticos-Mexico-380-cc-6-1536x1024.jpg 1536w\" sizes=\"(max-width: 2000px) 100vw, 2000px\" \/><\/div>\n\t\t<\/a>\n\t\t\t\t<div class=\"elementor-post__text\">\n\t\t\t\t<h3 class=\"elementor-post__title\">\n\t\t\t<a href=\"https:\/\/servicios-nauticos.com\/es\/new-boats\/tidewater\/380-cc\/\" >\n\t\t\t\t380 cc\t\t\t<\/a>\n\t\t<\/h3>\n\t\t\t\t<div class=\"elementor-post__excerpt\">\n\t\t\t<p>380 cc Especificaciones L\u00ednea central 37\u2032 8\u2033 Manga 11\u2032 11\u2033 Peso sin motores 15500 lbs Capacidad de combustible 406 gal Hp m\u00e1ximo<\/p>\n\t\t<\/div>\n\t\t\n\t\t<a class=\"elementor-post__read-more\" href=\"https:\/\/servicios-nauticos.com\/es\/new-boats\/tidewater\/380-cc\/\" aria-label=\"Leer m\u00e1s sobre 380 cc\" tabindex=\"-1\" >\n\t\t\tVer m\u00e1s\t\t<\/a>\n\n\t\t\t\t<\/div>\n\t\t\t\t<\/article>\n\t\t\t\t<article class=\"elementor-post elementor-grid-item post-3190 page type-page status-publish has-post-thumbnail hentry\">\n\t\t\t\t<a class=\"elementor-post__thumbnail__link\" href=\"https:\/\/servicios-nauticos.com\/es\/new-boats\/cruiser-yachts-puerto-vallarta\/57-fly\/\" tabindex=\"-1\" >\n\t\t\t<div class=\"elementor-post__thumbnail\"><img loading=\"lazy\" decoding=\"async\" width=\"1200\" height=\"680\" src=\"https:\/\/servicios-nauticos.com\/wp-content\/uploads\/2025\/04\/Servicios-Nauticos-Puerto-Vallarta-Maztalan-Los-Cabos-Cruisers-yacht-57-fly-00.jpg8_.png\" class=\"attachment-full size-full wp-image-3191\" alt=\"\" srcset=\"https:\/\/servicios-nauticos.com\/wp-content\/uploads\/2025\/04\/Servicios-Nauticos-Puerto-Vallarta-Maztalan-Los-Cabos-Cruisers-yacht-57-fly-00.jpg8_.png 1200w, https:\/\/servicios-nauticos.com\/wp-content\/uploads\/2025\/04\/Servicios-Nauticos-Puerto-Vallarta-Maztalan-Los-Cabos-Cruisers-yacht-57-fly-00.jpg8_-300x170.png 300w, https:\/\/servicios-nauticos.com\/wp-content\/uploads\/2025\/04\/Servicios-Nauticos-Puerto-Vallarta-Maztalan-Los-Cabos-Cruisers-yacht-57-fly-00.jpg8_-1024x580.png 1024w, https:\/\/servicios-nauticos.com\/wp-content\/uploads\/2025\/04\/Servicios-Nauticos-Puerto-Vallarta-Maztalan-Los-Cabos-Cruisers-yacht-57-fly-00.jpg8_-768x435.png 768w\" sizes=\"(max-width: 1200px) 100vw, 1200px\" \/><\/div>\n\t\t<\/a>\n\t\t\t\t<div class=\"elementor-post__text\">\n\t\t\t\t<h3 class=\"elementor-post__title\">\n\t\t\t<a href=\"https:\/\/servicios-nauticos.com\/es\/new-boats\/cruiser-yachts-puerto-vallarta\/57-fly\/\" >\n\t\t\t\t57 Fly\t\t\t<\/a>\n\t\t<\/h3>\n\t\t\t\t<div class=\"elementor-post__excerpt\">\n\t\t\t<p>57 Fly Redefina el lujo en el agua con un dise\u00f1o nuevo y audaz, entretenimiento en flybridge inigualable, acceso al agua sin inconvenientes y un interior creado<\/p>\n\t\t<\/div>\n\t\t\n\t\t<a class=\"elementor-post__read-more\" href=\"https:\/\/servicios-nauticos.com\/es\/new-boats\/cruiser-yachts-puerto-vallarta\/57-fly\/\" aria-label=\"Leer m\u00e1s sobre 57 Fly\" tabindex=\"-1\" >\n\t\t\tVer m\u00e1s\t\t<\/a>\n\n\t\t\t\t<\/div>\n\t\t\t\t<\/article>\n\t\t\t\t<\/div>\n\t\t\n\t\t\t\t\t\t<\/div>\n\t\t\t\t<\/div>\n\t\t\t\t\t<\/div>\n\t\t<\/div>\n\t\t\t\t\t<\/div>\n\t\t<\/section>\n\t\t\t\t<section class=\"elementor-section elementor-top-section elementor-element elementor-element-8f39848 elementor-section-full_width elementor-section-stretched elementor-section-height-default elementor-section-height-default\" data-id=\"8f39848\" data-element_type=\"section\" data-settings=\"{&quot;stretch_section&quot;:&quot;section-stretched&quot;}\">\n\t\t\t\t\t\t<div class=\"elementor-container elementor-column-gap-no\">\n\t\t\t\t\t<div class=\"elementor-column elementor-col-100 elementor-top-column elementor-element elementor-element-be2af20\" data-id=\"be2af20\" data-element_type=\"column\">\n\t\t\t<div class=\"elementor-widget-wrap elementor-element-populated\">\n\t\t\t\t\t\t<div class=\"elementor-element elementor-element-3391010 elementor-widget elementor-widget-google_maps\" data-id=\"3391010\" data-element_type=\"widget\" data-widget_type=\"google_maps.default\">\n\t\t\t\t<div class=\"elementor-widget-container\">\n\t\t\t\t\t\t\t<div class=\"elementor-custom-embed\">\n\t\t\t<iframe loading=\"lazy\"\n\t\t\t\t\tsrc=\"https:\/\/maps.google.com\/maps?q=servicios%20nauticos%20puerto%20vallarta&#038;t=m&#038;z=13&#038;output=embed&#038;iwloc=near\"\n\t\t\t\t\ttitle=\"servicios n\u00e1uticos puerto vallarta\"\n\t\t\t\t\taria-label=\"servicios n\u00e1uticos puerto vallarta\"\n\t\t\t><\/iframe>\n\t\t<\/div>\n\t\t\t\t\t\t<\/div>\n\t\t\t\t<\/div>\n\t\t\t\t\t<\/div>\n\t\t<\/div>\n\t\t\t\t\t<\/div>\n\t\t<\/section>\n\t\t\t\t<section class=\"elementor-section elementor-top-section elementor-element elementor-element-6bb72b2f elementor-section-content-middle elementor-section-boxed elementor-section-height-default elementor-section-height-default\" data-id=\"6bb72b2f\" data-element_type=\"section\" data-settings=\"{&quot;background_background&quot;:&quot;classic&quot;}\">\n\t\t\t\t\t\t<div class=\"elementor-container elementor-column-gap-no\">\n\t\t\t\t\t<div class=\"elementor-column elementor-col-100 elementor-top-column elementor-element elementor-element-423413c7\" data-id=\"423413c7\" data-element_type=\"column\">\n\t\t\t<div class=\"elementor-widget-wrap elementor-element-populated\">\n\t\t\t\t\t\t<div class=\"elementor-element elementor-element-e97b14c elementor-widget elementor-widget-heading\" data-id=\"e97b14c\" data-element_type=\"widget\" data-widget_type=\"heading.default\">\n\t\t\t\t<div class=\"elementor-widget-container\">\n\t\t\t\t\t<h4 class=\"elementor-heading-title elementor-size-default\">Barcos y Yates en Venta en Puerto Vallarta<\/h4>\t\t\t\t<\/div>\n\t\t\t\t<\/div>\n\t\t\t\t<div class=\"elementor-element elementor-element-78f73e66 elementor-widget elementor-widget-text-editor\" data-id=\"78f73e66\" data-element_type=\"widget\" data-widget_type=\"text-editor.default\">\n\t\t\t\t<div class=\"elementor-widget-container\">\n\t\t\t\t\t\t\t\t\t<div class=\"location-contact-info\"><p class=\"location-address\">Club de Tenis Puesta del Sol, Local 6-A, Marina Vallarta, 48354 Puerto Vallarta, Jal.<\/p><p class=\"location-phone\">+52-322-103-3820<br \/>Lunes \u2013 S\u00e1bado: 9:00 am \u2013 6:00 pm<\/p><p class=\"location-phone\"><span style=\"font-size: 16px;\">Nuestra oficina en M\u00e9xico se encuentra en Puerto Vallarta, un destino galardonado internacionalmente por su pesca deportiva de clase mundial y sus impresionantes playas. Como l\u00edderes en la industria n\u00e1utica, ofrecemos productos superiores y un servicio de alta calidad, superando constantemente las expectativas.<\/span><\/p><\/div>\t\t\t\t\t\t\t\t<\/div>\n\t\t\t\t<\/div>\n\t\t\t\t\t<\/div>\n\t\t<\/div>\n\t\t\t\t\t<\/div>\n\t\t<\/section>\n\t\t\t\t<section class=\"elementor-section elementor-top-section elementor-element elementor-element-1969b09e elementor-section-content-middle elementor-section-boxed elementor-section-height-default elementor-section-height-default\" data-id=\"1969b09e\" data-element_type=\"section\">\n\t\t\t\t\t\t<div class=\"elementor-container elementor-column-gap-no\">\n\t\t\t\t\t<div class=\"elementor-column elementor-col-100 elementor-top-column elementor-element elementor-element-cb3a419\" data-id=\"cb3a419\" data-element_type=\"column\">\n\t\t\t<div class=\"elementor-widget-wrap elementor-element-populated\">\n\t\t\t\t\t\t<div class=\"elementor-element elementor-element-4f3923d6 elementor-widget elementor-widget-heading\" data-id=\"4f3923d6\" data-element_type=\"widget\" data-widget_type=\"heading.default\">\n\t\t\t\t<div class=\"elementor-widget-container\">\n\t\t\t\t\t<h3 class=\"elementor-heading-title elementor-size-default\">\u00a1Cont\u00e1ctanos!<\/h3>\t\t\t\t<\/div>\n\t\t\t\t<\/div>\n\t\t\t\t<div class=\"elementor-element elementor-element-48371d03 elementor-button-align-start elementor-mobile-button-align-center elementor-widget elementor-widget-form\" data-id=\"48371d03\" data-element_type=\"widget\" data-settings=\"{&quot;step_next_label&quot;:&quot;Next&quot;,&quot;step_previous_label&quot;:&quot;Previous&quot;,&quot;button_width&quot;:&quot;100&quot;,&quot;step_type&quot;:&quot;number_text&quot;,&quot;step_icon_shape&quot;:&quot;circle&quot;}\" data-widget_type=\"form.default\">\n\t\t\t\t<div class=\"elementor-widget-container\">\n\t\t\t\t\t\t\t<form class=\"elementor-form\" method=\"post\" name=\"Contact Us\" action=\"\">\n\t\t\t<input type=\"hidden\" name=\"post_id\" value=\"3153\"\/>\n\t\t\t<input type=\"hidden\" name=\"form_id\" value=\"48371d03\"\/>\n\t\t\t<input type=\"hidden\" name=\"referer_title\" value=\"\" \/>\n\n\t\t\t\n\t\t\t<div class=\"elementor-form-fields-wrapper elementor-labels-\">\n\t\t\t\t\t\t\t\t<div class=\"elementor-field-type-text elementor-field-group elementor-column elementor-field-group-name elementor-col-50 elementor-field-required\">\n\t\t\t\t\t\t\t\t\t\t\t\t<label for=\"form-field-name\" class=\"elementor-field-label elementor-screen-only\">\n\t\t\t\t\t\t\t\tNombre\t\t\t\t\t\t\t<\/label>\n\t\t\t\t\t\t\t\t\t\t\t\t\t\t<input size=\"1\" type=\"text\" name=\"form_fields[name]\" id=\"form-field-name\" class=\"elementor-field elementor-size-sm  elementor-field-textual\" placeholder=\"Nombre\" required=\"required\">\n\t\t\t\t\t\t\t\t\t\t\t<\/div>\n\t\t\t\t\t\t\t\t<div class=\"elementor-field-type-email elementor-field-group elementor-column elementor-field-group-email elementor-col-50 elementor-field-required\">\n\t\t\t\t\t\t\t\t\t\t\t\t<label for=\"form-field-email\" class=\"elementor-field-label elementor-screen-only\">\n\t\t\t\t\t\t\t\tCorreo electr\u00f3nico\t\t\t\t\t\t\t<\/label>\n\t\t\t\t\t\t\t\t\t\t\t\t\t\t<input size=\"1\" type=\"email\" name=\"form_fields[email]\" id=\"form-field-email\" class=\"elementor-field elementor-size-sm  elementor-field-textual\" placeholder=\"Correo electr\u00f3nico\" required=\"required\">\n\t\t\t\t\t\t\t\t\t\t\t<\/div>\n\t\t\t\t\t\t\t\t<div class=\"elementor-field-type-text elementor-field-group elementor-column elementor-field-group-5fc6f08 elementor-col-50 elementor-field-required\">\n\t\t\t\t\t\t\t\t\t\t\t\t<label for=\"form-field-5fc6f08\" class=\"elementor-field-label elementor-screen-only\">\n\t\t\t\t\t\t\t\tTel\u00e9fono\t\t\t\t\t\t\t<\/label>\n\t\t\t\t\t\t\t\t\t\t\t\t\t\t<input size=\"1\" type=\"text\" name=\"form_fields[5fc6f08]\" id=\"form-field-5fc6f08\" class=\"elementor-field elementor-size-sm  elementor-field-textual\" placeholder=\"Tel\u00e9fono\" required=\"required\">\n\t\t\t\t\t\t\t\t\t\t\t<\/div>\n\t\t\t\t\t\t\t\t<div class=\"elementor-field-type-select elementor-field-group elementor-column elementor-field-group-brand elementor-col-50\">\n\t\t\t\t\t\t\t\t\t\t\t\t<label for=\"form-field-brand\" class=\"elementor-field-label elementor-screen-only\">\n\t\t\t\t\t\t\t\tMarca\t\t\t\t\t\t\t<\/label>\n\t\t\t\t\t\t\t\t<div class=\"elementor-field elementor-select-wrapper remove-before\">\n\t\t\t<div class=\"select-caret-down-wrapper\">\n\t\t\t\t<i aria-hidden=\"true\" class=\"eicon-caret-down\"><\/i>\t\t\t<\/div>\n\t\t\t<select name=\"form_fields[brand]\" id=\"form-field-brand\" class=\"elementor-field-textual elementor-size-sm\">\n\t\t\t\t\t\t\t\t\t<option value=\"Riviera Boats\">Barcos Riviera<\/option>\n\t\t\t\t\t\t\t<\/select>\n\t\t<\/div>\n\t\t\t\t\t\t<\/div>\n\t\t\t\t\t\t\t\t<div class=\"elementor-field-type-textarea elementor-field-group elementor-column elementor-field-group-6ed25c0 elementor-col-100\">\n\t\t\t\t\t\t\t\t\t\t\t\t<label for=\"form-field-6ed25c0\" class=\"elementor-field-label elementor-screen-only\">\n\t\t\t\t\t\t\t\tMensaje\t\t\t\t\t\t\t<\/label>\n\t\t\t\t\t\t<textarea class=\"elementor-field-textual elementor-field  elementor-size-sm\" name=\"form_fields[6ed25c0]\" id=\"form-field-6ed25c0\" rows=\"4\" placeholder=\"Mensaje\"><\/textarea>\t\t\t\t<\/div>\n\t\t\t\t\t\t\t\t<div class=\"elementor-field-group elementor-column elementor-field-type-submit elementor-col-100 e-form__buttons\">\n\t\t\t\t\t<button class=\"elementor-button elementor-size-md\" type=\"submit\">\n\t\t\t\t\t\t<span class=\"elementor-button-content-wrapper\">\n\t\t\t\t\t\t\t\t\t\t\t\t\t\t\t\t\t\t\t\t\t\t<span class=\"elementor-button-text\">Enviar<\/span>\n\t\t\t\t\t\t\t\t\t\t\t\t\t<\/span>\n\t\t\t\t\t<\/button>\n\t\t\t\t<\/div>\n\t\t\t<\/div>\n\t\t<input type=\"hidden\" name=\"trp-form-language\" value=\"es\"\/><\/form>\n\t\t\t\t\t\t<\/div>\n\t\t\t\t<\/div>\n\t\t\t\t\t<\/div>\n\t\t<\/div>\n\t\t\t\t\t<\/div>\n\t\t<\/section>\n\t\t\t\t<\/div>","protected":false},"excerpt":{"rendered":"<p>Canc\u00fan \u201cBARCOS Y YATES EN VENTA EN Canc\u00fan\u201d. Una de nuestras oficinas en M\u00e9xico se encuentra en Canc\u00fan, un destino internacionalmente reconocido por sus playas v\u00edrgenes y pesca deportiva de primer nivel. Aqu\u00ed, las brillantes aguas del Caribe se unen a las doradas costas, creando un para\u00edso costero inigualable. Como pioneros en la industria n\u00e1utica mexicana, nos enorgullecemos de ofrecer [\u2026]<\/p>","protected":false},"author":3,"featured_media":0,"parent":2831,"menu_order":2,"comment_status":"closed","ping_status":"closed","template":"elementor_header_footer","meta":{"footnotes":""},"class_list":["post-3153","page","type-page","status-publish","hentry"],"_links":{"self":[{"href":"https:\/\/servicios-nauticos.com\/es\/wp-json\/wp\/v2\/pages\/3153","targetHints":{"allow":["GET"]}}],"collection":[{"href":"https:\/\/servicios-nauticos.com\/es\/wp-json\/wp\/v2\/pages"}],"about":[{"href":"https:\/\/servicios-nauticos.com\/es\/wp-json\/wp\/v2\/types\/page"}],"author":[{"embeddable":true,"href":"https:\/\/servicios-nauticos.com\/es\/wp-json\/wp\/v2\/users\/3"}],"replies":[{"embeddable":true,"href":"https:\/\/servicios-nauticos.com\/es\/wp-json\/wp\/v2\/comments?post=3153"}],"version-history":[{"count":5,"href":"https:\/\/servicios-nauticos.com\/es\/wp-json\/wp\/v2\/pages\/3153\/revisions"}],"predecessor-version":[{"id":3859,"href":"https:\/\/servicios-nauticos.com\/es\/wp-json\/wp\/v2\/pages\/3153\/revisions\/3859"}],"up":[{"embeddable":true,"href":"https:\/\/servicios-nauticos.com\/es\/wp-json\/wp\/v2\/pages\/2831"}],"wp:attachment":[{"href":"https:\/\/servicios-nauticos.com\/es\/wp-json\/wp\/v2\/media?parent=3153"}],"curies":[{"name":"wp","href":"https:\/\/api.w.org\/{rel}","templated":true}]}}