{"id":2931,"date":"2025-04-21T13:46:59","date_gmt":"2025-04-21T19:46:59","guid":{"rendered":"https:\/\/beta.servicios-nauticos.com\/?page_id=2931"},"modified":"2025-04-21T13:49:54","modified_gmt":"2025-04-21T19:49:54","slug":"50c","status":"publish","type":"page","link":"https:\/\/servicios-nauticos.com\/es\/new-boats\/viking\/50c\/","title":{"rendered":"50 \u00b0C"},"content":{"rendered":"<div data-elementor-type=\"wp-page\" data-elementor-id=\"2931\" class=\"elementor elementor-2931\" data-elementor-post-type=\"page\">\n\t\t\t\t\t\t<section class=\"elementor-section elementor-top-section elementor-element elementor-element-fc619fd elementor-section-boxed elementor-section-height-default elementor-section-height-default\" data-id=\"fc619fd\" data-element_type=\"section\">\n\t\t\t\t\t\t<div class=\"elementor-container elementor-column-gap-default\">\n\t\t\t\t\t<div class=\"elementor-column elementor-col-50 elementor-top-column elementor-element elementor-element-80808b9\" data-id=\"80808b9\" data-element_type=\"column\">\n\t\t\t<div class=\"elementor-widget-wrap elementor-element-populated\">\n\t\t\t\t\t\t<section class=\"elementor-section elementor-inner-section elementor-element elementor-element-8db663a elementor-section-boxed elementor-section-height-default elementor-section-height-default\" data-id=\"8db663a\" data-element_type=\"section\">\n\t\t\t\t\t\t<div class=\"elementor-container elementor-column-gap-default\">\n\t\t\t\t\t<div class=\"elementor-column elementor-col-50 elementor-inner-column elementor-element elementor-element-7184e0b\" data-id=\"7184e0b\" data-element_type=\"column\">\n\t\t\t<div class=\"elementor-widget-wrap elementor-element-populated\">\n\t\t\t\t\t\t<div class=\"elementor-element elementor-element-45e8ab1 elementor-widget elementor-widget-heading\" data-id=\"45e8ab1\" data-element_type=\"widget\" data-widget_type=\"heading.default\">\n\t\t\t\t<div class=\"elementor-widget-container\">\n\t\t\t\t\t<h1 class=\"elementor-heading-title elementor-size-default\">50 \u00b0C<\/h1>\t\t\t\t<\/div>\n\t\t\t\t<\/div>\n\t\t\t\t\t<\/div>\n\t\t<\/div>\n\t\t\t\t<div class=\"elementor-column elementor-col-50 elementor-inner-column elementor-element elementor-element-0dc6802\" data-id=\"0dc6802\" data-element_type=\"column\">\n\t\t\t<div class=\"elementor-widget-wrap elementor-element-populated\">\n\t\t\t\t\t\t<div class=\"elementor-element elementor-element-503df35e elementor-widget elementor-widget-image\" data-id=\"503df35e\" data-element_type=\"widget\" data-widget_type=\"image.default\">\n\t\t\t\t<div class=\"elementor-widget-container\">\n\t\t\t\t\t\t\t\t\t\t\t\t\t\t\t<img decoding=\"async\" width=\"400\" height=\"100\" src=\"https:\/\/servicios-nauticos.com\/wp-content\/uploads\/2025\/02\/Servicios-Nauticos-Venta-de-Embarcaciones-Yates-de-Pesca-en-Mexico-4-1.png\" class=\"attachment-full size-full wp-image-1960\" alt=\"\" srcset=\"https:\/\/servicios-nauticos.com\/wp-content\/uploads\/2025\/02\/Servicios-Nauticos-Venta-de-Embarcaciones-Yates-de-Pesca-en-Mexico-4-1.png 400w, https:\/\/servicios-nauticos.com\/wp-content\/uploads\/2025\/02\/Servicios-Nauticos-Venta-de-Embarcaciones-Yates-de-Pesca-en-Mexico-4-1-300x75.png 300w\" sizes=\"(max-width: 400px) 100vw, 400px\" \/>\t\t\t\t\t\t\t\t\t\t\t\t\t\t\t<\/div>\n\t\t\t\t<\/div>\n\t\t\t\t\t<\/div>\n\t\t<\/div>\n\t\t\t\t\t<\/div>\n\t\t<\/section>\n\t\t\t\t<div class=\"elementor-element elementor-element-79e029f elementor-widget elementor-widget-text-editor\" data-id=\"79e029f\" data-element_type=\"widget\" data-widget_type=\"text-editor.default\">\n\t\t\t\t<div class=\"elementor-widget-container\">\n\t\t\t\t\t\t\t\t\t<p>Viking Yacht Company anuncia con orgullo cuatro nuevos modelos de 50 pies. El 50 Convertible lidera la tendencia, con tres Vikings m\u00e1s por venir: el Open (O), el Sport Coup\u00e9\/Sport Tower (SC\/ST) y el Billfish (BF).<\/p>\n<p>\u201cNadie m\u00e1s en la industria puede igualar nuestra calidad y versatilidad\u201d, afirma Pat Healey, presidente y director ejecutivo de Viking. \u201cContamos con el mejor equipo de dise\u00f1adores, ingenieros y constructores de barcos del sector. Esta serie del 50 ser\u00e1 un logro incre\u00edble, y sabemos que nuestros propietarios estar\u00e1n encantados con ella\u201d.<\/p>\n<p>El modelo 50 sigue a la serie 48, que incluy\u00f3 un total de 80 embarcaciones, incluyendo 55 convertibles y 25 modelos Open y SC\/ST. Este ser\u00e1 el cuarto modelo Billfish, y el m\u00e1s grande. El constructor de Nueva Jersey ha entregado un total de 85 embarcaciones en tres modelos BF desde el lanzamiento de la serie en 2017 con el Billfish 37. Los modelos 38 y 46 les siguieron en 2019, creando un segmento de mercado \u00fanico para propietarios que buscan yates deportivos y de f\u00e1cil mantenimiento, ideales para propietarios\/operadores dedicados a la pesca.<\/p>\n<p>El Sport Coup\u00e9 y el Sport Tower est\u00e1n dise\u00f1ados para cruceros y pesca, con \u00e9nfasis en la cabina y una cubierta de mando con un cerramiento acristalado de tres lados, que incluye un mamparo de popa opcional. El Sport Tower incorpora una torre de at\u00fan Palm Beach Towers (PBT) en el dise\u00f1o del Sport Coup\u00e9. El Open cuenta con una cubierta de mando con acceso directo a la cabina, construida con un parabrisas envolvente de una sola pieza y techo r\u00edgido; este modelo tambi\u00e9n est\u00e1 disponible con una torre PBT. Todos est\u00e1n equipados con lujosos camarotes, una cocina y un comedor completamente equipados.<\/p>\t\t\t\t\t\t\t\t<\/div>\n\t\t\t\t<\/div>\n\t\t\t\t\t<\/div>\n\t\t<\/div>\n\t\t\t\t<div class=\"elementor-column elementor-col-50 elementor-top-column elementor-element elementor-element-f62ccdd\" data-id=\"f62ccdd\" data-element_type=\"column\">\n\t\t\t<div class=\"elementor-widget-wrap elementor-element-populated\">\n\t\t\t\t\t\t<div class=\"elementor-element elementor-element-f2774fa elementor-widget elementor-widget-image\" data-id=\"f2774fa\" data-element_type=\"widget\" data-widget_type=\"image.default\">\n\t\t\t\t<div class=\"elementor-widget-container\">\n\t\t\t\t\t\t\t\t\t\t\t\t\t\t\t<img fetchpriority=\"high\" decoding=\"async\" width=\"800\" height=\"518\" src=\"https:\/\/servicios-nauticos.com\/wp-content\/uploads\/2025\/04\/Servicios-Nauticos-Puerto-Vallarta-Maztalan-Los-Cabos-Viking-50c-006-1024x663.jpg\" class=\"attachment-large size-large wp-image-2932\" alt=\"\" srcset=\"https:\/\/servicios-nauticos.com\/wp-content\/uploads\/2025\/04\/Servicios-Nauticos-Puerto-Vallarta-Maztalan-Los-Cabos-Viking-50c-006-1024x663.jpg 1024w, https:\/\/servicios-nauticos.com\/wp-content\/uploads\/2025\/04\/Servicios-Nauticos-Puerto-Vallarta-Maztalan-Los-Cabos-Viking-50c-006-300x194.jpg 300w, https:\/\/servicios-nauticos.com\/wp-content\/uploads\/2025\/04\/Servicios-Nauticos-Puerto-Vallarta-Maztalan-Los-Cabos-Viking-50c-006-768x497.jpg 768w, https:\/\/servicios-nauticos.com\/wp-content\/uploads\/2025\/04\/Servicios-Nauticos-Puerto-Vallarta-Maztalan-Los-Cabos-Viking-50c-006-1536x994.jpg 1536w, https:\/\/servicios-nauticos.com\/wp-content\/uploads\/2025\/04\/Servicios-Nauticos-Puerto-Vallarta-Maztalan-Los-Cabos-Viking-50c-006.jpg 2048w\" sizes=\"(max-width: 800px) 100vw, 800px\" \/>\t\t\t\t\t\t\t\t\t\t\t\t\t\t\t<\/div>\n\t\t\t\t<\/div>\n\t\t\t\t\t<\/div>\n\t\t<\/div>\n\t\t\t\t\t<\/div>\n\t\t<\/section>\n\t\t\t\t<section class=\"elementor-section elementor-top-section elementor-element elementor-element-2bf6b7f elementor-section-boxed elementor-section-height-default elementor-section-height-default\" data-id=\"2bf6b7f\" data-element_type=\"section\">\n\t\t\t\t\t\t<div class=\"elementor-container elementor-column-gap-default\">\n\t\t\t\t\t<div class=\"elementor-column elementor-col-50 elementor-top-column elementor-element elementor-element-47c804f\" data-id=\"47c804f\" data-element_type=\"column\">\n\t\t\t<div class=\"elementor-widget-wrap elementor-element-populated\">\n\t\t\t\t\t\t<div class=\"elementor-element elementor-element-5c8414b elementor-widget elementor-widget-text-editor\" data-id=\"5c8414b\" data-element_type=\"widget\" data-widget_type=\"text-editor.default\">\n\t\t\t\t<div class=\"elementor-widget-container\">\n\t\t\t\t\t\t\t\t\t<h2><strong>Presupuesto<\/strong><\/h2>\n<table class=\"GothamStandard14\" role=\"presentation\">\n<tbody>\n<tr>\n<td class=\"GothamGreyStandard\">Eslora total (LOA):<\/td>\n<td class=\"GothamGreyStandard\">51 pies 8 pulgadas (15,75 m)<\/td>\n<\/tr>\n<tr>\n<td class=\"GothamGreyStandard\">Haz:<\/td>\n<td class=\"GothamGreyStandard\">17 pies 1 pulgada (5,21 m)<\/td>\n<\/tr>\n<tr>\n<td class=\"GothamGreyStandard\">Borrador:<\/td>\n<td class=\"GothamGreyStandard\">4 pies 10 pulgadas (1,47 m)<\/td>\n<\/tr>\n<tr>\n<td class=\"GothamGreyStandard\"><span class=\"GothamBlueStandard10\">*<\/span>\u00a0Peso bruto:<\/td>\n<td class=\"GothamGreyStandard\">66.631 libras (30.223 kg)<\/td>\n<\/tr>\n<tr>\n<td class=\"GothamGreyStandard\">Capacidad de combustible:<\/td>\n<td class=\"GothamGreyStandard\">1.000 galones (3.785 litros)<\/td>\n<\/tr>\n<tr>\n<td class=\"GothamGreyStandard\">Capacidad de agua:<\/td>\n<td class=\"GothamGreyStandard\">180 galones (681 litros)<\/td>\n<\/tr>\n<tr>\n<td class=\"GothamGreyStandard\">\u00c1rea de la cabina:<\/td>\n<td class=\"GothamGreyStandard\">131 pies cuadrados (12,2 metros cuadrados)<\/td>\n<\/tr>\n<\/tbody>\n<\/table>\t\t\t\t\t\t\t\t<\/div>\n\t\t\t\t<\/div>\n\t\t\t\t\t<\/div>\n\t\t<\/div>\n\t\t\t\t<div class=\"elementor-column elementor-col-50 elementor-top-column elementor-element elementor-element-948db4e\" data-id=\"948db4e\" data-element_type=\"column\">\n\t\t\t<div class=\"elementor-widget-wrap elementor-element-populated\">\n\t\t\t\t\t\t<div class=\"elementor-element elementor-element-b6a70ce elementor-widget elementor-widget-text-editor\" data-id=\"b6a70ce\" data-element_type=\"widget\" data-widget_type=\"text-editor.default\">\n\t\t\t\t<div class=\"elementor-widget-container\">\n\t\t\t\t\t\t\t\t\t<h2>Opciones de energ\u00eda<\/h2>\n<table class=\"GothamStandard14\" role=\"presentation\">\n<tbody>\n<tr class=\"GothamGreyStandard\">\n<td>MAN \/ V8 1000CRM 1000 MHP Base<\/td>\n<\/tr>\n<tr class=\"GothamGreyStandard\">\n<td>MAN \/ V8 1200CRM 1200 MHP Base<\/td>\n<\/tr>\n<\/tbody>\n<\/table>\n<p>\u00a0<\/p>\t\t\t\t\t\t\t\t<\/div>\n\t\t\t\t<\/div>\n\t\t\t\t\t<\/div>\n\t\t<\/div>\n\t\t\t\t\t<\/div>\n\t\t<\/section>\n\t\t\t\t<section class=\"elementor-section elementor-top-section elementor-element elementor-element-7fe8483 elementor-section-boxed elementor-section-height-default elementor-section-height-default\" data-id=\"7fe8483\" data-element_type=\"section\">\n\t\t\t\t\t\t<div class=\"elementor-container elementor-column-gap-default\">\n\t\t\t\t\t<div class=\"elementor-column elementor-col-100 elementor-top-column elementor-element elementor-element-c0a9a4f\" data-id=\"c0a9a4f\" data-element_type=\"column\">\n\t\t\t<div class=\"elementor-widget-wrap elementor-element-populated\">\n\t\t\t\t\t\t<div class=\"elementor-element elementor-element-d3f08cf gallery-spacing-custom elementor-widget elementor-widget-image-gallery\" data-id=\"d3f08cf\" data-element_type=\"widget\" data-widget_type=\"image-gallery.default\">\n\t\t\t\t<div class=\"elementor-widget-container\">\n\t\t\t\t\t\t\t<div class=\"elementor-image-gallery\">\n\t\t\t<div id='gallery-1' class='gallery galleryid-2931 gallery-columns-4 gallery-size-medium_large'><figure class='gallery-item'>\n\t\t\t<div class='gallery-icon landscape'>\n\t\t\t\t<a data-elementor-open-lightbox=\"yes\" data-elementor-lightbox-slideshow=\"d3f08cf\" data-elementor-lightbox-title=\"Servicios-Nauticos-Puerto-Vallarta-Maztalan-Los-Cabos-Viking-50c-001\" data-e-action-hash=\"#elementor-action%3Aaction%3Dlightbox%26settings%3DeyJpZCI6MjkzNCwidXJsIjoiaHR0cHM6XC9cL3NlcnZpY2lvcy1uYXV0aWNvcy5jb21cL3dwLWNvbnRlbnRcL3VwbG9hZHNcLzIwMjVcLzA0XC9TZXJ2aWNpb3MtTmF1dGljb3MtUHVlcnRvLVZhbGxhcnRhLU1henRhbGFuLUxvcy1DYWJvcy1WaWtpbmctNTBjLTAwMS5qcGciLCJzbGlkZXNob3ciOiJkM2YwOGNmIn0%3D\" href='https:\/\/servicios-nauticos.com\/wp-content\/uploads\/2025\/04\/Servicios-Nauticos-Puerto-Vallarta-Maztalan-Los-Cabos-Viking-50c-001.jpg'><img decoding=\"async\" width=\"768\" height=\"497\" src=\"https:\/\/servicios-nauticos.com\/wp-content\/uploads\/2025\/04\/Servicios-Nauticos-Puerto-Vallarta-Maztalan-Los-Cabos-Viking-50c-001-768x497.jpg\" class=\"attachment-medium_large size-medium_large\" alt=\"\" srcset=\"https:\/\/servicios-nauticos.com\/wp-content\/uploads\/2025\/04\/Servicios-Nauticos-Puerto-Vallarta-Maztalan-Los-Cabos-Viking-50c-001-768x497.jpg 768w, https:\/\/servicios-nauticos.com\/wp-content\/uploads\/2025\/04\/Servicios-Nauticos-Puerto-Vallarta-Maztalan-Los-Cabos-Viking-50c-001-300x194.jpg 300w, https:\/\/servicios-nauticos.com\/wp-content\/uploads\/2025\/04\/Servicios-Nauticos-Puerto-Vallarta-Maztalan-Los-Cabos-Viking-50c-001-1024x663.jpg 1024w, https:\/\/servicios-nauticos.com\/wp-content\/uploads\/2025\/04\/Servicios-Nauticos-Puerto-Vallarta-Maztalan-Los-Cabos-Viking-50c-001-1536x994.jpg 1536w, https:\/\/servicios-nauticos.com\/wp-content\/uploads\/2025\/04\/Servicios-Nauticos-Puerto-Vallarta-Maztalan-Los-Cabos-Viking-50c-001.jpg 2048w\" sizes=\"(max-width: 768px) 100vw, 768px\" \/><\/a>\n\t\t\t<\/div><\/figure><figure class='gallery-item'>\n\t\t\t<div class='gallery-icon landscape'>\n\t\t\t\t<a data-elementor-open-lightbox=\"yes\" data-elementor-lightbox-slideshow=\"d3f08cf\" data-elementor-lightbox-title=\"Servicios-Nauticos-Puerto-Vallarta-Maztalan-Los-Cabos-Viking-50c-002\" data-e-action-hash=\"#elementor-action%3Aaction%3Dlightbox%26settings%3DeyJpZCI6MjkzNSwidXJsIjoiaHR0cHM6XC9cL3NlcnZpY2lvcy1uYXV0aWNvcy5jb21cL3dwLWNvbnRlbnRcL3VwbG9hZHNcLzIwMjVcLzA0XC9TZXJ2aWNpb3MtTmF1dGljb3MtUHVlcnRvLVZhbGxhcnRhLU1henRhbGFuLUxvcy1DYWJvcy1WaWtpbmctNTBjLTAwMi5qcGciLCJzbGlkZXNob3ciOiJkM2YwOGNmIn0%3D\" href='https:\/\/servicios-nauticos.com\/wp-content\/uploads\/2025\/04\/Servicios-Nauticos-Puerto-Vallarta-Maztalan-Los-Cabos-Viking-50c-002.jpg'><img loading=\"lazy\" decoding=\"async\" width=\"768\" height=\"497\" src=\"https:\/\/servicios-nauticos.com\/wp-content\/uploads\/2025\/04\/Servicios-Nauticos-Puerto-Vallarta-Maztalan-Los-Cabos-Viking-50c-002-768x497.jpg\" class=\"attachment-medium_large size-medium_large\" alt=\"\" srcset=\"https:\/\/servicios-nauticos.com\/wp-content\/uploads\/2025\/04\/Servicios-Nauticos-Puerto-Vallarta-Maztalan-Los-Cabos-Viking-50c-002-768x497.jpg 768w, https:\/\/servicios-nauticos.com\/wp-content\/uploads\/2025\/04\/Servicios-Nauticos-Puerto-Vallarta-Maztalan-Los-Cabos-Viking-50c-002-300x194.jpg 300w, https:\/\/servicios-nauticos.com\/wp-content\/uploads\/2025\/04\/Servicios-Nauticos-Puerto-Vallarta-Maztalan-Los-Cabos-Viking-50c-002-1024x663.jpg 1024w, https:\/\/servicios-nauticos.com\/wp-content\/uploads\/2025\/04\/Servicios-Nauticos-Puerto-Vallarta-Maztalan-Los-Cabos-Viking-50c-002-1536x994.jpg 1536w, https:\/\/servicios-nauticos.com\/wp-content\/uploads\/2025\/04\/Servicios-Nauticos-Puerto-Vallarta-Maztalan-Los-Cabos-Viking-50c-002.jpg 2048w\" sizes=\"(max-width: 768px) 100vw, 768px\" \/><\/a>\n\t\t\t<\/div><\/figure><figure class='gallery-item'>\n\t\t\t<div class='gallery-icon landscape'>\n\t\t\t\t<a data-elementor-open-lightbox=\"yes\" data-elementor-lightbox-slideshow=\"d3f08cf\" data-elementor-lightbox-title=\"Servicios-Nauticos-Puerto-Vallarta-Maztalan-Los-Cabos-Viking-50c-003\" data-e-action-hash=\"#elementor-action%3Aaction%3Dlightbox%26settings%3DeyJpZCI6MjkzNiwidXJsIjoiaHR0cHM6XC9cL3NlcnZpY2lvcy1uYXV0aWNvcy5jb21cL3dwLWNvbnRlbnRcL3VwbG9hZHNcLzIwMjVcLzA0XC9TZXJ2aWNpb3MtTmF1dGljb3MtUHVlcnRvLVZhbGxhcnRhLU1henRhbGFuLUxvcy1DYWJvcy1WaWtpbmctNTBjLTAwMy5qcGciLCJzbGlkZXNob3ciOiJkM2YwOGNmIn0%3D\" href='https:\/\/servicios-nauticos.com\/wp-content\/uploads\/2025\/04\/Servicios-Nauticos-Puerto-Vallarta-Maztalan-Los-Cabos-Viking-50c-003.jpg'><img loading=\"lazy\" decoding=\"async\" width=\"768\" height=\"497\" src=\"https:\/\/servicios-nauticos.com\/wp-content\/uploads\/2025\/04\/Servicios-Nauticos-Puerto-Vallarta-Maztalan-Los-Cabos-Viking-50c-003-768x497.jpg\" class=\"attachment-medium_large size-medium_large\" alt=\"\" srcset=\"https:\/\/servicios-nauticos.com\/wp-content\/uploads\/2025\/04\/Servicios-Nauticos-Puerto-Vallarta-Maztalan-Los-Cabos-Viking-50c-003-768x497.jpg 768w, https:\/\/servicios-nauticos.com\/wp-content\/uploads\/2025\/04\/Servicios-Nauticos-Puerto-Vallarta-Maztalan-Los-Cabos-Viking-50c-003-300x194.jpg 300w, https:\/\/servicios-nauticos.com\/wp-content\/uploads\/2025\/04\/Servicios-Nauticos-Puerto-Vallarta-Maztalan-Los-Cabos-Viking-50c-003-1024x663.jpg 1024w, https:\/\/servicios-nauticos.com\/wp-content\/uploads\/2025\/04\/Servicios-Nauticos-Puerto-Vallarta-Maztalan-Los-Cabos-Viking-50c-003-1536x994.jpg 1536w, https:\/\/servicios-nauticos.com\/wp-content\/uploads\/2025\/04\/Servicios-Nauticos-Puerto-Vallarta-Maztalan-Los-Cabos-Viking-50c-003.jpg 2048w\" sizes=\"(max-width: 768px) 100vw, 768px\" \/><\/a>\n\t\t\t<\/div><\/figure><figure class='gallery-item'>\n\t\t\t<div class='gallery-icon landscape'>\n\t\t\t\t<a data-elementor-open-lightbox=\"yes\" data-elementor-lightbox-slideshow=\"d3f08cf\" data-elementor-lightbox-title=\"Servicios-Nauticos-Puerto-Vallarta-Maztalan-Los-Cabos-Viking-50c-004\" data-e-action-hash=\"#elementor-action%3Aaction%3Dlightbox%26settings%3DeyJpZCI6MjkzNywidXJsIjoiaHR0cHM6XC9cL3NlcnZpY2lvcy1uYXV0aWNvcy5jb21cL3dwLWNvbnRlbnRcL3VwbG9hZHNcLzIwMjVcLzA0XC9TZXJ2aWNpb3MtTmF1dGljb3MtUHVlcnRvLVZhbGxhcnRhLU1henRhbGFuLUxvcy1DYWJvcy1WaWtpbmctNTBjLTAwNC5qcGciLCJzbGlkZXNob3ciOiJkM2YwOGNmIn0%3D\" href='https:\/\/servicios-nauticos.com\/wp-content\/uploads\/2025\/04\/Servicios-Nauticos-Puerto-Vallarta-Maztalan-Los-Cabos-Viking-50c-004.jpg'><img loading=\"lazy\" decoding=\"async\" width=\"768\" height=\"497\" src=\"https:\/\/servicios-nauticos.com\/wp-content\/uploads\/2025\/04\/Servicios-Nauticos-Puerto-Vallarta-Maztalan-Los-Cabos-Viking-50c-004-768x497.jpg\" class=\"attachment-medium_large size-medium_large\" alt=\"\" srcset=\"https:\/\/servicios-nauticos.com\/wp-content\/uploads\/2025\/04\/Servicios-Nauticos-Puerto-Vallarta-Maztalan-Los-Cabos-Viking-50c-004-768x497.jpg 768w, https:\/\/servicios-nauticos.com\/wp-content\/uploads\/2025\/04\/Servicios-Nauticos-Puerto-Vallarta-Maztalan-Los-Cabos-Viking-50c-004-300x194.jpg 300w, https:\/\/servicios-nauticos.com\/wp-content\/uploads\/2025\/04\/Servicios-Nauticos-Puerto-Vallarta-Maztalan-Los-Cabos-Viking-50c-004-1024x663.jpg 1024w, https:\/\/servicios-nauticos.com\/wp-content\/uploads\/2025\/04\/Servicios-Nauticos-Puerto-Vallarta-Maztalan-Los-Cabos-Viking-50c-004-1536x994.jpg 1536w, https:\/\/servicios-nauticos.com\/wp-content\/uploads\/2025\/04\/Servicios-Nauticos-Puerto-Vallarta-Maztalan-Los-Cabos-Viking-50c-004.jpg 2048w\" sizes=\"(max-width: 768px) 100vw, 768px\" \/><\/a>\n\t\t\t<\/div><\/figure><figure class='gallery-item'>\n\t\t\t<div class='gallery-icon landscape'>\n\t\t\t\t<a data-elementor-open-lightbox=\"yes\" data-elementor-lightbox-slideshow=\"d3f08cf\" data-elementor-lightbox-title=\"Servicios-Nauticos-Puerto-Vallarta-Maztalan-Los-Cabos-Viking-50c-005\" data-e-action-hash=\"#elementor-action%3Aaction%3Dlightbox%26settings%3DeyJpZCI6MjkzOCwidXJsIjoiaHR0cHM6XC9cL3NlcnZpY2lvcy1uYXV0aWNvcy5jb21cL3dwLWNvbnRlbnRcL3VwbG9hZHNcLzIwMjVcLzA0XC9TZXJ2aWNpb3MtTmF1dGljb3MtUHVlcnRvLVZhbGxhcnRhLU1henRhbGFuLUxvcy1DYWJvcy1WaWtpbmctNTBjLTAwNS5qcGciLCJzbGlkZXNob3ciOiJkM2YwOGNmIn0%3D\" href='https:\/\/servicios-nauticos.com\/wp-content\/uploads\/2025\/04\/Servicios-Nauticos-Puerto-Vallarta-Maztalan-Los-Cabos-Viking-50c-005.jpg'><img loading=\"lazy\" decoding=\"async\" width=\"768\" height=\"497\" src=\"https:\/\/servicios-nauticos.com\/wp-content\/uploads\/2025\/04\/Servicios-Nauticos-Puerto-Vallarta-Maztalan-Los-Cabos-Viking-50c-005-768x497.jpg\" class=\"attachment-medium_large size-medium_large\" alt=\"\" srcset=\"https:\/\/servicios-nauticos.com\/wp-content\/uploads\/2025\/04\/Servicios-Nauticos-Puerto-Vallarta-Maztalan-Los-Cabos-Viking-50c-005-768x497.jpg 768w, https:\/\/servicios-nauticos.com\/wp-content\/uploads\/2025\/04\/Servicios-Nauticos-Puerto-Vallarta-Maztalan-Los-Cabos-Viking-50c-005-300x194.jpg 300w, https:\/\/servicios-nauticos.com\/wp-content\/uploads\/2025\/04\/Servicios-Nauticos-Puerto-Vallarta-Maztalan-Los-Cabos-Viking-50c-005-1024x663.jpg 1024w, https:\/\/servicios-nauticos.com\/wp-content\/uploads\/2025\/04\/Servicios-Nauticos-Puerto-Vallarta-Maztalan-Los-Cabos-Viking-50c-005-1536x994.jpg 1536w, https:\/\/servicios-nauticos.com\/wp-content\/uploads\/2025\/04\/Servicios-Nauticos-Puerto-Vallarta-Maztalan-Los-Cabos-Viking-50c-005.jpg 2048w\" sizes=\"(max-width: 768px) 100vw, 768px\" \/><\/a>\n\t\t\t<\/div><\/figure>\n\t\t<\/div>\n\t\t<\/div>\n\t\t\t\t\t\t<\/div>\n\t\t\t\t<\/div>\n\t\t\t\t\t<\/div>\n\t\t<\/div>\n\t\t\t\t\t<\/div>\n\t\t<\/section>\n\t\t\t\t<section class=\"elementor-section elementor-top-section elementor-element elementor-element-018c634 elementor-section-boxed elementor-section-height-default elementor-section-height-default\" data-id=\"018c634\" data-element_type=\"section\">\n\t\t\t\t\t\t<div class=\"elementor-container elementor-column-gap-default\">\n\t\t\t\t\t<div class=\"elementor-column elementor-col-100 elementor-top-column elementor-element elementor-element-136c7d1\" data-id=\"136c7d1\" data-element_type=\"column\">\n\t\t\t<div class=\"elementor-widget-wrap elementor-element-populated\">\n\t\t\t\t\t\t<div class=\"elementor-element elementor-element-97dcc40 elementor-align-center elementor-widget elementor-widget-button\" data-id=\"97dcc40\" data-element_type=\"widget\" data-widget_type=\"button.default\">\n\t\t\t\t<div class=\"elementor-widget-container\">\n\t\t\t\t\t\t\t\t\t<div class=\"elementor-button-wrapper\">\n\t\t\t\t\t<a class=\"elementor-button elementor-button-link elementor-size-sm\" href=\"\/contacto\/\">\n\t\t\t\t\t\t<span class=\"elementor-button-content-wrapper\">\n\t\t\t\t\t\t\t\t\t<span class=\"elementor-button-text\">M\u00e1s informaci\u00f3n<\/span>\n\t\t\t\t\t<\/span>\n\t\t\t\t\t<\/a>\n\t\t\t\t<\/div>\n\t\t\t\t\t\t\t\t<\/div>\n\t\t\t\t<\/div>\n\t\t\t\t\t<\/div>\n\t\t<\/div>\n\t\t\t\t\t<\/div>\n\t\t<\/section>\n\t\t\t\t<\/div>","protected":false},"excerpt":{"rendered":"<p>50C The Viking Yacht Company anuncia con orgullo cuatro nuevos modelos de 50 pies. El 50 Convertible lidera la tendencia, con tres Vikings m\u00e1s por venir: el Open (O), el Sport Coupe\/Sport Tower (SC\/ST) y el Billfish (BF). \u00abNadie m\u00e1s en la industria puede igualar nuestra calidad y versatilidad\u00bb, afirma el presidente y director ejecutivo de Viking [\u2026]<\/p>","protected":false},"author":3,"featured_media":2932,"parent":2451,"menu_order":2,"comment_status":"closed","ping_status":"closed","template":"elementor_header_footer","meta":{"footnotes":""},"class_list":["post-2931","page","type-page","status-publish","has-post-thumbnail","hentry"],"_links":{"self":[{"href":"https:\/\/servicios-nauticos.com\/es\/wp-json\/wp\/v2\/pages\/2931","targetHints":{"allow":["GET"]}}],"collection":[{"href":"https:\/\/servicios-nauticos.com\/es\/wp-json\/wp\/v2\/pages"}],"about":[{"href":"https:\/\/servicios-nauticos.com\/es\/wp-json\/wp\/v2\/types\/page"}],"author":[{"embeddable":true,"href":"https:\/\/servicios-nauticos.com\/es\/wp-json\/wp\/v2\/users\/3"}],"replies":[{"embeddable":true,"href":"https:\/\/servicios-nauticos.com\/es\/wp-json\/wp\/v2\/comments?post=2931"}],"version-history":[{"count":4,"href":"https:\/\/servicios-nauticos.com\/es\/wp-json\/wp\/v2\/pages\/2931\/revisions"}],"predecessor-version":[{"id":2941,"href":"https:\/\/servicios-nauticos.com\/es\/wp-json\/wp\/v2\/pages\/2931\/revisions\/2941"}],"up":[{"embeddable":true,"href":"https:\/\/servicios-nauticos.com\/es\/wp-json\/wp\/v2\/pages\/2451"}],"wp:featuredmedia":[{"embeddable":true,"href":"https:\/\/servicios-nauticos.com\/es\/wp-json\/wp\/v2\/media\/2932"}],"wp:attachment":[{"href":"https:\/\/servicios-nauticos.com\/es\/wp-json\/wp\/v2\/media?parent=2931"}],"curies":[{"name":"wp","href":"https:\/\/api.w.org\/{rel}","templated":true}]}}