{"id":2521,"date":"2025-04-07T17:38:54","date_gmt":"2025-04-07T23:38:54","guid":{"rendered":"https:\/\/beta.servicios-nauticos.com\/?page_id=2521"},"modified":"2025-04-14T12:55:58","modified_gmt":"2025-04-14T18:55:58","slug":"380-cc","status":"publish","type":"page","link":"https:\/\/servicios-nauticos.com\/es\/new-boats\/tidewater\/380-cc\/","title":{"rendered":"380 cc"},"content":{"rendered":"<div data-elementor-type=\"wp-page\" data-elementor-id=\"2521\" class=\"elementor elementor-2521\" data-elementor-post-type=\"page\">\n\t\t\t\t\t\t<section class=\"elementor-section elementor-top-section elementor-element elementor-element-fc619fd elementor-section-boxed elementor-section-height-default elementor-section-height-default\" data-id=\"fc619fd\" data-element_type=\"section\">\n\t\t\t\t\t\t<div class=\"elementor-container elementor-column-gap-default\">\n\t\t\t\t\t<div class=\"elementor-column elementor-col-50 elementor-top-column elementor-element elementor-element-80808b9\" data-id=\"80808b9\" data-element_type=\"column\">\n\t\t\t<div class=\"elementor-widget-wrap elementor-element-populated\">\n\t\t\t\t\t\t<section class=\"elementor-section elementor-inner-section elementor-element elementor-element-8db663a elementor-section-boxed elementor-section-height-default elementor-section-height-default\" data-id=\"8db663a\" data-element_type=\"section\">\n\t\t\t\t\t\t<div class=\"elementor-container elementor-column-gap-default\">\n\t\t\t\t\t<div class=\"elementor-column elementor-col-50 elementor-inner-column elementor-element elementor-element-7184e0b\" data-id=\"7184e0b\" data-element_type=\"column\">\n\t\t\t<div class=\"elementor-widget-wrap elementor-element-populated\">\n\t\t\t\t\t\t<div class=\"elementor-element elementor-element-45e8ab1 elementor-widget elementor-widget-heading\" data-id=\"45e8ab1\" data-element_type=\"widget\" data-widget_type=\"heading.default\">\n\t\t\t\t<div class=\"elementor-widget-container\">\n\t\t\t\t\t<h1 class=\"elementor-heading-title elementor-size-default\">380 cc<\/h1>\t\t\t\t<\/div>\n\t\t\t\t<\/div>\n\t\t\t\t\t<\/div>\n\t\t<\/div>\n\t\t\t\t<div class=\"elementor-column elementor-col-50 elementor-inner-column elementor-element elementor-element-0dc6802\" data-id=\"0dc6802\" data-element_type=\"column\">\n\t\t\t<div class=\"elementor-widget-wrap elementor-element-populated\">\n\t\t\t\t\t\t<div class=\"elementor-element elementor-element-503df35e elementor-widget elementor-widget-image\" data-id=\"503df35e\" data-element_type=\"widget\" data-widget_type=\"image.default\">\n\t\t\t\t<div class=\"elementor-widget-container\">\n\t\t\t\t\t\t\t\t\t\t\t\t\t\t\t<img decoding=\"async\" width=\"400\" height=\"100\" src=\"https:\/\/servicios-nauticos.com\/wp-content\/uploads\/2025\/02\/Servicios-Nauticos-Venta-de-Embarcaciones-Yates-de-Pesca-en-Mexico-5-1.png\" class=\"attachment-full size-full wp-image-1961\" alt=\"\" srcset=\"https:\/\/servicios-nauticos.com\/wp-content\/uploads\/2025\/02\/Servicios-Nauticos-Venta-de-Embarcaciones-Yates-de-Pesca-en-Mexico-5-1.png 400w, https:\/\/servicios-nauticos.com\/wp-content\/uploads\/2025\/02\/Servicios-Nauticos-Venta-de-Embarcaciones-Yates-de-Pesca-en-Mexico-5-1-300x75.png 300w\" sizes=\"(max-width: 400px) 100vw, 400px\" \/>\t\t\t\t\t\t\t\t\t\t\t\t\t\t\t<\/div>\n\t\t\t\t<\/div>\n\t\t\t\t\t<\/div>\n\t\t<\/div>\n\t\t\t\t\t<\/div>\n\t\t<\/section>\n\t\t\t\t\t<\/div>\n\t\t<\/div>\n\t\t\t\t<div class=\"elementor-column elementor-col-50 elementor-top-column elementor-element elementor-element-f62ccdd\" data-id=\"f62ccdd\" data-element_type=\"column\">\n\t\t\t<div class=\"elementor-widget-wrap elementor-element-populated\">\n\t\t\t\t\t\t<div class=\"elementor-element elementor-element-f2774fa elementor-widget elementor-widget-image\" data-id=\"f2774fa\" data-element_type=\"widget\" data-widget_type=\"image.default\">\n\t\t\t\t<div class=\"elementor-widget-container\">\n\t\t\t\t\t\t\t\t\t\t\t\t\t\t\t<img fetchpriority=\"high\" decoding=\"async\" width=\"800\" height=\"533\" src=\"https:\/\/servicios-nauticos.com\/wp-content\/uploads\/2025\/04\/Tidewater-boats-Servicios-Nauticos-Mexico-380-cc-6-1024x682.jpg\" class=\"attachment-large size-large wp-image-2524\" alt=\"\" srcset=\"https:\/\/servicios-nauticos.com\/wp-content\/uploads\/2025\/04\/Tidewater-boats-Servicios-Nauticos-Mexico-380-cc-6-1024x682.jpg 1024w, https:\/\/servicios-nauticos.com\/wp-content\/uploads\/2025\/04\/Tidewater-boats-Servicios-Nauticos-Mexico-380-cc-6-300x200.jpg 300w, https:\/\/servicios-nauticos.com\/wp-content\/uploads\/2025\/04\/Tidewater-boats-Servicios-Nauticos-Mexico-380-cc-6-768x512.jpg 768w, https:\/\/servicios-nauticos.com\/wp-content\/uploads\/2025\/04\/Tidewater-boats-Servicios-Nauticos-Mexico-380-cc-6-1536x1024.jpg 1536w, https:\/\/servicios-nauticos.com\/wp-content\/uploads\/2025\/04\/Tidewater-boats-Servicios-Nauticos-Mexico-380-cc-6.jpg 2000w\" sizes=\"(max-width: 800px) 100vw, 800px\" \/>\t\t\t\t\t\t\t\t\t\t\t\t\t\t\t<\/div>\n\t\t\t\t<\/div>\n\t\t\t\t\t<\/div>\n\t\t<\/div>\n\t\t\t\t\t<\/div>\n\t\t<\/section>\n\t\t\t\t<section class=\"elementor-section elementor-top-section elementor-element elementor-element-2bf6b7f elementor-section-boxed elementor-section-height-default elementor-section-height-default\" data-id=\"2bf6b7f\" data-element_type=\"section\">\n\t\t\t\t\t\t<div class=\"elementor-container elementor-column-gap-default\">\n\t\t\t\t\t<div class=\"elementor-column elementor-col-100 elementor-top-column elementor-element elementor-element-47c804f\" data-id=\"47c804f\" data-element_type=\"column\">\n\t\t\t<div class=\"elementor-widget-wrap elementor-element-populated\">\n\t\t\t\t\t\t<div class=\"elementor-element elementor-element-5c8414b elementor-widget elementor-widget-text-editor\" data-id=\"5c8414b\" data-element_type=\"widget\" data-widget_type=\"text-editor.default\">\n\t\t\t\t<div class=\"elementor-widget-container\">\n\t\t\t\t\t\t\t\t\t<h2><strong>Presupuesto<\/strong><\/h2>\n<table>\n<tbody>\n<tr>\n<td>L\u00ednea central<\/td>\n<td>37&#8242; 8&#8243;<\/td>\n<\/tr>\n<tr>\n<td>Haz<\/td>\n<td>11&#8242; 11&#8243;<\/td>\n<\/tr>\n<tr>\n<td>Peso sin motores<\/td>\n<td>15500 libras<\/td>\n<\/tr>\n<tr>\n<td>Capacidad de combustible<\/td>\n<td>406 gal<\/td>\n<\/tr>\n<tr>\n<td>M\u00e1xima potencia<\/td>\n<td>1200 caballos<\/td>\n<\/tr>\n<tr>\n<td>Capacidad<\/td>\n<td>Yate certificado<\/td>\n<\/tr>\n<\/tbody>\n<\/table>\t\t\t\t\t\t\t\t<\/div>\n\t\t\t\t<\/div>\n\t\t\t\t\t<\/div>\n\t\t<\/div>\n\t\t\t\t\t<\/div>\n\t\t<\/section>\n\t\t\t\t<section class=\"elementor-section elementor-top-section elementor-element elementor-element-7fe8483 elementor-section-boxed elementor-section-height-default elementor-section-height-default\" data-id=\"7fe8483\" data-element_type=\"section\">\n\t\t\t\t\t\t<div class=\"elementor-container elementor-column-gap-default\">\n\t\t\t\t\t<div class=\"elementor-column elementor-col-100 elementor-top-column elementor-element elementor-element-c0a9a4f\" data-id=\"c0a9a4f\" data-element_type=\"column\">\n\t\t\t<div class=\"elementor-widget-wrap elementor-element-populated\">\n\t\t\t\t\t\t<div class=\"elementor-element elementor-element-d3f08cf gallery-spacing-custom elementor-widget elementor-widget-image-gallery\" data-id=\"d3f08cf\" data-element_type=\"widget\" data-widget_type=\"image-gallery.default\">\n\t\t\t\t<div class=\"elementor-widget-container\">\n\t\t\t\t\t\t\t<div class=\"elementor-image-gallery\">\n\t\t\t<div id='gallery-1' class='gallery galleryid-2521 gallery-columns-4 gallery-size-medium_large'><figure class='gallery-item'>\n\t\t\t<div class='gallery-icon landscape'>\n\t\t\t\t<a data-elementor-open-lightbox=\"yes\" data-elementor-lightbox-slideshow=\"d3f08cf\" data-elementor-lightbox-title=\"Tidewater-boats-Servicios-Nauticos-Mexico-380-cc (3)\" data-e-action-hash=\"#elementor-action%3Aaction%3Dlightbox%26settings%3DeyJpZCI6MjUyNSwidXJsIjoiaHR0cHM6XC9cL3NlcnZpY2lvcy1uYXV0aWNvcy5jb21cL3dwLWNvbnRlbnRcL3VwbG9hZHNcLzIwMjVcLzA0XC9UaWRld2F0ZXItYm9hdHMtU2VydmljaW9zLU5hdXRpY29zLU1leGljby0zODAtY2MtMy5qcGciLCJzbGlkZXNob3ciOiJkM2YwOGNmIn0%3D\" href='https:\/\/servicios-nauticos.com\/wp-content\/uploads\/2025\/04\/Tidewater-boats-Servicios-Nauticos-Mexico-380-cc-3.jpg'><img decoding=\"async\" width=\"768\" height=\"512\" src=\"https:\/\/servicios-nauticos.com\/wp-content\/uploads\/2025\/04\/Tidewater-boats-Servicios-Nauticos-Mexico-380-cc-3-768x512.jpg\" class=\"attachment-medium_large size-medium_large\" alt=\"\" srcset=\"https:\/\/servicios-nauticos.com\/wp-content\/uploads\/2025\/04\/Tidewater-boats-Servicios-Nauticos-Mexico-380-cc-3-768x512.jpg 768w, https:\/\/servicios-nauticos.com\/wp-content\/uploads\/2025\/04\/Tidewater-boats-Servicios-Nauticos-Mexico-380-cc-3-300x200.jpg 300w, https:\/\/servicios-nauticos.com\/wp-content\/uploads\/2025\/04\/Tidewater-boats-Servicios-Nauticos-Mexico-380-cc-3-1024x682.jpg 1024w, https:\/\/servicios-nauticos.com\/wp-content\/uploads\/2025\/04\/Tidewater-boats-Servicios-Nauticos-Mexico-380-cc-3-1536x1024.jpg 1536w, https:\/\/servicios-nauticos.com\/wp-content\/uploads\/2025\/04\/Tidewater-boats-Servicios-Nauticos-Mexico-380-cc-3.jpg 2000w\" sizes=\"(max-width: 768px) 100vw, 768px\" \/><\/a>\n\t\t\t<\/div><\/figure><figure class='gallery-item'>\n\t\t\t<div class='gallery-icon landscape'>\n\t\t\t\t<a data-elementor-open-lightbox=\"yes\" data-elementor-lightbox-slideshow=\"d3f08cf\" data-elementor-lightbox-title=\"Tidewater-boats-Servicios-Nauticos-Mexico-380-cc (4)\" data-e-action-hash=\"#elementor-action%3Aaction%3Dlightbox%26settings%3DeyJpZCI6MjUyNiwidXJsIjoiaHR0cHM6XC9cL3NlcnZpY2lvcy1uYXV0aWNvcy5jb21cL3dwLWNvbnRlbnRcL3VwbG9hZHNcLzIwMjVcLzA0XC9UaWRld2F0ZXItYm9hdHMtU2VydmljaW9zLU5hdXRpY29zLU1leGljby0zODAtY2MtNC5qcGciLCJzbGlkZXNob3ciOiJkM2YwOGNmIn0%3D\" href='https:\/\/servicios-nauticos.com\/wp-content\/uploads\/2025\/04\/Tidewater-boats-Servicios-Nauticos-Mexico-380-cc-4.jpg'><img loading=\"lazy\" decoding=\"async\" width=\"768\" height=\"512\" src=\"https:\/\/servicios-nauticos.com\/wp-content\/uploads\/2025\/04\/Tidewater-boats-Servicios-Nauticos-Mexico-380-cc-4-768x512.jpg\" class=\"attachment-medium_large size-medium_large\" alt=\"\" srcset=\"https:\/\/servicios-nauticos.com\/wp-content\/uploads\/2025\/04\/Tidewater-boats-Servicios-Nauticos-Mexico-380-cc-4-768x512.jpg 768w, https:\/\/servicios-nauticos.com\/wp-content\/uploads\/2025\/04\/Tidewater-boats-Servicios-Nauticos-Mexico-380-cc-4-300x200.jpg 300w, https:\/\/servicios-nauticos.com\/wp-content\/uploads\/2025\/04\/Tidewater-boats-Servicios-Nauticos-Mexico-380-cc-4-1024x682.jpg 1024w, https:\/\/servicios-nauticos.com\/wp-content\/uploads\/2025\/04\/Tidewater-boats-Servicios-Nauticos-Mexico-380-cc-4-1536x1024.jpg 1536w, https:\/\/servicios-nauticos.com\/wp-content\/uploads\/2025\/04\/Tidewater-boats-Servicios-Nauticos-Mexico-380-cc-4.jpg 2000w\" sizes=\"(max-width: 768px) 100vw, 768px\" \/><\/a>\n\t\t\t<\/div><\/figure><figure class='gallery-item'>\n\t\t\t<div class='gallery-icon landscape'>\n\t\t\t\t<a data-elementor-open-lightbox=\"yes\" data-elementor-lightbox-slideshow=\"d3f08cf\" data-elementor-lightbox-title=\"Tidewater-boats-Servicios-Nauticos-Mexico-380-cc (1)\" data-e-action-hash=\"#elementor-action%3Aaction%3Dlightbox%26settings%3DeyJpZCI6MjUyNywidXJsIjoiaHR0cHM6XC9cL3NlcnZpY2lvcy1uYXV0aWNvcy5jb21cL3dwLWNvbnRlbnRcL3VwbG9hZHNcLzIwMjVcLzA0XC9UaWRld2F0ZXItYm9hdHMtU2VydmljaW9zLU5hdXRpY29zLU1leGljby0zODAtY2MtMS5qcGciLCJzbGlkZXNob3ciOiJkM2YwOGNmIn0%3D\" href='https:\/\/servicios-nauticos.com\/wp-content\/uploads\/2025\/04\/Tidewater-boats-Servicios-Nauticos-Mexico-380-cc-1.jpg'><img loading=\"lazy\" decoding=\"async\" width=\"768\" height=\"576\" src=\"https:\/\/servicios-nauticos.com\/wp-content\/uploads\/2025\/04\/Tidewater-boats-Servicios-Nauticos-Mexico-380-cc-1-768x576.jpg\" class=\"attachment-medium_large size-medium_large\" alt=\"\" srcset=\"https:\/\/servicios-nauticos.com\/wp-content\/uploads\/2025\/04\/Tidewater-boats-Servicios-Nauticos-Mexico-380-cc-1-768x576.jpg 768w, https:\/\/servicios-nauticos.com\/wp-content\/uploads\/2025\/04\/Tidewater-boats-Servicios-Nauticos-Mexico-380-cc-1-300x225.jpg 300w, https:\/\/servicios-nauticos.com\/wp-content\/uploads\/2025\/04\/Tidewater-boats-Servicios-Nauticos-Mexico-380-cc-1-1024x768.jpg 1024w, https:\/\/servicios-nauticos.com\/wp-content\/uploads\/2025\/04\/Tidewater-boats-Servicios-Nauticos-Mexico-380-cc-1-1536x1152.jpg 1536w, https:\/\/servicios-nauticos.com\/wp-content\/uploads\/2025\/04\/Tidewater-boats-Servicios-Nauticos-Mexico-380-cc-1.jpg 1867w\" sizes=\"(max-width: 768px) 100vw, 768px\" \/><\/a>\n\t\t\t<\/div><\/figure><figure class='gallery-item'>\n\t\t\t<div class='gallery-icon landscape'>\n\t\t\t\t<a data-elementor-open-lightbox=\"yes\" data-elementor-lightbox-slideshow=\"d3f08cf\" data-elementor-lightbox-title=\"Tidewater-boats-Servicios-Nauticos-Mexico-380-cc (7)\" data-e-action-hash=\"#elementor-action%3Aaction%3Dlightbox%26settings%3DeyJpZCI6MjUyOCwidXJsIjoiaHR0cHM6XC9cL3NlcnZpY2lvcy1uYXV0aWNvcy5jb21cL3dwLWNvbnRlbnRcL3VwbG9hZHNcLzIwMjVcLzA0XC9UaWRld2F0ZXItYm9hdHMtU2VydmljaW9zLU5hdXRpY29zLU1leGljby0zODAtY2MtNy5qcGciLCJzbGlkZXNob3ciOiJkM2YwOGNmIn0%3D\" href='https:\/\/servicios-nauticos.com\/wp-content\/uploads\/2025\/04\/Tidewater-boats-Servicios-Nauticos-Mexico-380-cc-7.jpg'><img loading=\"lazy\" decoding=\"async\" width=\"768\" height=\"512\" src=\"https:\/\/servicios-nauticos.com\/wp-content\/uploads\/2025\/04\/Tidewater-boats-Servicios-Nauticos-Mexico-380-cc-7-768x512.jpg\" class=\"attachment-medium_large size-medium_large\" alt=\"\" srcset=\"https:\/\/servicios-nauticos.com\/wp-content\/uploads\/2025\/04\/Tidewater-boats-Servicios-Nauticos-Mexico-380-cc-7-768x512.jpg 768w, https:\/\/servicios-nauticos.com\/wp-content\/uploads\/2025\/04\/Tidewater-boats-Servicios-Nauticos-Mexico-380-cc-7-300x200.jpg 300w, https:\/\/servicios-nauticos.com\/wp-content\/uploads\/2025\/04\/Tidewater-boats-Servicios-Nauticos-Mexico-380-cc-7-1024x682.jpg 1024w, https:\/\/servicios-nauticos.com\/wp-content\/uploads\/2025\/04\/Tidewater-boats-Servicios-Nauticos-Mexico-380-cc-7-1536x1024.jpg 1536w, https:\/\/servicios-nauticos.com\/wp-content\/uploads\/2025\/04\/Tidewater-boats-Servicios-Nauticos-Mexico-380-cc-7.jpg 2000w\" sizes=\"(max-width: 768px) 100vw, 768px\" \/><\/a>\n\t\t\t<\/div><\/figure><figure class='gallery-item'>\n\t\t\t<div class='gallery-icon landscape'>\n\t\t\t\t<a data-elementor-open-lightbox=\"yes\" data-elementor-lightbox-slideshow=\"d3f08cf\" data-elementor-lightbox-title=\"Tidewater-boats-Servicios-Nauticos-Mexico-380-cc (5)\" data-e-action-hash=\"#elementor-action%3Aaction%3Dlightbox%26settings%3DeyJpZCI6MjUyOSwidXJsIjoiaHR0cHM6XC9cL3NlcnZpY2lvcy1uYXV0aWNvcy5jb21cL3dwLWNvbnRlbnRcL3VwbG9hZHNcLzIwMjVcLzA0XC9UaWRld2F0ZXItYm9hdHMtU2VydmljaW9zLU5hdXRpY29zLU1leGljby0zODAtY2MtNS5qcGciLCJzbGlkZXNob3ciOiJkM2YwOGNmIn0%3D\" href='https:\/\/servicios-nauticos.com\/wp-content\/uploads\/2025\/04\/Tidewater-boats-Servicios-Nauticos-Mexico-380-cc-5.jpg'><img loading=\"lazy\" decoding=\"async\" width=\"768\" height=\"512\" src=\"https:\/\/servicios-nauticos.com\/wp-content\/uploads\/2025\/04\/Tidewater-boats-Servicios-Nauticos-Mexico-380-cc-5-768x512.jpg\" class=\"attachment-medium_large size-medium_large\" alt=\"\" srcset=\"https:\/\/servicios-nauticos.com\/wp-content\/uploads\/2025\/04\/Tidewater-boats-Servicios-Nauticos-Mexico-380-cc-5-768x512.jpg 768w, https:\/\/servicios-nauticos.com\/wp-content\/uploads\/2025\/04\/Tidewater-boats-Servicios-Nauticos-Mexico-380-cc-5-300x200.jpg 300w, https:\/\/servicios-nauticos.com\/wp-content\/uploads\/2025\/04\/Tidewater-boats-Servicios-Nauticos-Mexico-380-cc-5-1024x682.jpg 1024w, https:\/\/servicios-nauticos.com\/wp-content\/uploads\/2025\/04\/Tidewater-boats-Servicios-Nauticos-Mexico-380-cc-5-1536x1024.jpg 1536w, https:\/\/servicios-nauticos.com\/wp-content\/uploads\/2025\/04\/Tidewater-boats-Servicios-Nauticos-Mexico-380-cc-5.jpg 2000w\" sizes=\"(max-width: 768px) 100vw, 768px\" \/><\/a>\n\t\t\t<\/div><\/figure><figure class='gallery-item'>\n\t\t\t<div class='gallery-icon landscape'>\n\t\t\t\t<a data-elementor-open-lightbox=\"yes\" data-elementor-lightbox-slideshow=\"d3f08cf\" data-elementor-lightbox-title=\"Tidewater-boats-Servicios-Nauticos-Mexico-380-cc (2)\" data-e-action-hash=\"#elementor-action%3Aaction%3Dlightbox%26settings%3DeyJpZCI6MjUzMCwidXJsIjoiaHR0cHM6XC9cL3NlcnZpY2lvcy1uYXV0aWNvcy5jb21cL3dwLWNvbnRlbnRcL3VwbG9hZHNcLzIwMjVcLzA0XC9UaWRld2F0ZXItYm9hdHMtU2VydmljaW9zLU5hdXRpY29zLU1leGljby0zODAtY2MtMi5qcGciLCJzbGlkZXNob3ciOiJkM2YwOGNmIn0%3D\" href='https:\/\/servicios-nauticos.com\/wp-content\/uploads\/2025\/04\/Tidewater-boats-Servicios-Nauticos-Mexico-380-cc-2.jpg'><img loading=\"lazy\" decoding=\"async\" width=\"768\" height=\"512\" src=\"https:\/\/servicios-nauticos.com\/wp-content\/uploads\/2025\/04\/Tidewater-boats-Servicios-Nauticos-Mexico-380-cc-2-768x512.jpg\" class=\"attachment-medium_large size-medium_large\" alt=\"\" srcset=\"https:\/\/servicios-nauticos.com\/wp-content\/uploads\/2025\/04\/Tidewater-boats-Servicios-Nauticos-Mexico-380-cc-2-768x512.jpg 768w, https:\/\/servicios-nauticos.com\/wp-content\/uploads\/2025\/04\/Tidewater-boats-Servicios-Nauticos-Mexico-380-cc-2-300x200.jpg 300w, https:\/\/servicios-nauticos.com\/wp-content\/uploads\/2025\/04\/Tidewater-boats-Servicios-Nauticos-Mexico-380-cc-2-1024x682.jpg 1024w, https:\/\/servicios-nauticos.com\/wp-content\/uploads\/2025\/04\/Tidewater-boats-Servicios-Nauticos-Mexico-380-cc-2-1536x1024.jpg 1536w, https:\/\/servicios-nauticos.com\/wp-content\/uploads\/2025\/04\/Tidewater-boats-Servicios-Nauticos-Mexico-380-cc-2.jpg 2000w\" sizes=\"(max-width: 768px) 100vw, 768px\" \/><\/a>\n\t\t\t<\/div><\/figure><figure class='gallery-item'>\n\t\t\t<div class='gallery-icon landscape'>\n\t\t\t\t<a data-elementor-open-lightbox=\"yes\" data-elementor-lightbox-slideshow=\"d3f08cf\" data-elementor-lightbox-title=\"Tidewater-boats-Servicios-Nauticos-Mexico-380-cc (6)\" data-e-action-hash=\"#elementor-action%3Aaction%3Dlightbox%26settings%3DeyJpZCI6MjUyNCwidXJsIjoiaHR0cHM6XC9cL3NlcnZpY2lvcy1uYXV0aWNvcy5jb21cL3dwLWNvbnRlbnRcL3VwbG9hZHNcLzIwMjVcLzA0XC9UaWRld2F0ZXItYm9hdHMtU2VydmljaW9zLU5hdXRpY29zLU1leGljby0zODAtY2MtNi5qcGciLCJzbGlkZXNob3ciOiJkM2YwOGNmIn0%3D\" href='https:\/\/servicios-nauticos.com\/wp-content\/uploads\/2025\/04\/Tidewater-boats-Servicios-Nauticos-Mexico-380-cc-6.jpg'><img loading=\"lazy\" decoding=\"async\" width=\"768\" height=\"512\" src=\"https:\/\/servicios-nauticos.com\/wp-content\/uploads\/2025\/04\/Tidewater-boats-Servicios-Nauticos-Mexico-380-cc-6-768x512.jpg\" class=\"attachment-medium_large size-medium_large\" alt=\"\" srcset=\"https:\/\/servicios-nauticos.com\/wp-content\/uploads\/2025\/04\/Tidewater-boats-Servicios-Nauticos-Mexico-380-cc-6-768x512.jpg 768w, https:\/\/servicios-nauticos.com\/wp-content\/uploads\/2025\/04\/Tidewater-boats-Servicios-Nauticos-Mexico-380-cc-6-300x200.jpg 300w, https:\/\/servicios-nauticos.com\/wp-content\/uploads\/2025\/04\/Tidewater-boats-Servicios-Nauticos-Mexico-380-cc-6-1024x682.jpg 1024w, https:\/\/servicios-nauticos.com\/wp-content\/uploads\/2025\/04\/Tidewater-boats-Servicios-Nauticos-Mexico-380-cc-6-1536x1024.jpg 1536w, https:\/\/servicios-nauticos.com\/wp-content\/uploads\/2025\/04\/Tidewater-boats-Servicios-Nauticos-Mexico-380-cc-6.jpg 2000w\" sizes=\"(max-width: 768px) 100vw, 768px\" \/><\/a>\n\t\t\t<\/div><\/figure>\n\t\t<\/div>\n\t\t<\/div>\n\t\t\t\t\t\t<\/div>\n\t\t\t\t<\/div>\n\t\t\t\t\t<\/div>\n\t\t<\/div>\n\t\t\t\t\t<\/div>\n\t\t<\/section>\n\t\t\t\t<section class=\"elementor-section elementor-top-section elementor-element elementor-element-018c634 elementor-section-boxed elementor-section-height-default elementor-section-height-default\" data-id=\"018c634\" data-element_type=\"section\">\n\t\t\t\t\t\t<div class=\"elementor-container elementor-column-gap-default\">\n\t\t\t\t\t<div class=\"elementor-column elementor-col-100 elementor-top-column elementor-element elementor-element-136c7d1\" data-id=\"136c7d1\" data-element_type=\"column\">\n\t\t\t<div class=\"elementor-widget-wrap elementor-element-populated\">\n\t\t\t\t\t\t<div class=\"elementor-element elementor-element-97dcc40 elementor-align-center elementor-widget elementor-widget-button\" data-id=\"97dcc40\" data-element_type=\"widget\" data-widget_type=\"button.default\">\n\t\t\t\t<div class=\"elementor-widget-container\">\n\t\t\t\t\t\t\t\t\t<div class=\"elementor-button-wrapper\">\n\t\t\t\t\t<a class=\"elementor-button elementor-button-link elementor-size-sm\" href=\"\/contacto\/\">\n\t\t\t\t\t\t<span class=\"elementor-button-content-wrapper\">\n\t\t\t\t\t\t\t\t\t<span class=\"elementor-button-text\">M\u00e1s informaci\u00f3n<\/span>\n\t\t\t\t\t<\/span>\n\t\t\t\t\t<\/a>\n\t\t\t\t<\/div>\n\t\t\t\t\t\t\t\t<\/div>\n\t\t\t\t<\/div>\n\t\t\t\t\t<\/div>\n\t\t<\/div>\n\t\t\t\t\t<\/div>\n\t\t<\/section>\n\t\t\t\t<\/div>","protected":false},"excerpt":{"rendered":"<p>380 cc Especificaciones L\u00ednea central 37\u2032 8\u2033 Manga 11\u2032 11\u2033 Peso sin motores 15500 lbs Capacidad de combustible 406 gal Hp m\u00e1ximo 1200 hp Capacidad Yate certificado m\u00e1s informaci\u00f3n<\/p>","protected":false},"author":3,"featured_media":2524,"parent":2453,"menu_order":2,"comment_status":"closed","ping_status":"closed","template":"elementor_header_footer","meta":{"footnotes":""},"class_list":["post-2521","page","type-page","status-publish","has-post-thumbnail","hentry"],"_links":{"self":[{"href":"https:\/\/servicios-nauticos.com\/es\/wp-json\/wp\/v2\/pages\/2521","targetHints":{"allow":["GET"]}}],"collection":[{"href":"https:\/\/servicios-nauticos.com\/es\/wp-json\/wp\/v2\/pages"}],"about":[{"href":"https:\/\/servicios-nauticos.com\/es\/wp-json\/wp\/v2\/types\/page"}],"author":[{"embeddable":true,"href":"https:\/\/servicios-nauticos.com\/es\/wp-json\/wp\/v2\/users\/3"}],"replies":[{"embeddable":true,"href":"https:\/\/servicios-nauticos.com\/es\/wp-json\/wp\/v2\/comments?post=2521"}],"version-history":[{"count":5,"href":"https:\/\/servicios-nauticos.com\/es\/wp-json\/wp\/v2\/pages\/2521\/revisions"}],"predecessor-version":[{"id":2533,"href":"https:\/\/servicios-nauticos.com\/es\/wp-json\/wp\/v2\/pages\/2521\/revisions\/2533"}],"up":[{"embeddable":true,"href":"https:\/\/servicios-nauticos.com\/es\/wp-json\/wp\/v2\/pages\/2453"}],"wp:featuredmedia":[{"embeddable":true,"href":"https:\/\/servicios-nauticos.com\/es\/wp-json\/wp\/v2\/media\/2524"}],"wp:attachment":[{"href":"https:\/\/servicios-nauticos.com\/es\/wp-json\/wp\/v2\/media?parent=2521"}],"curies":[{"name":"wp","href":"https:\/\/api.w.org\/{rel}","templated":true}]}}