{"id":2398,"date":"2025-04-04T16:55:47","date_gmt":"2025-04-04T22:55:47","guid":{"rendered":"https:\/\/beta.servicios-nauticos.com\/?page_id=2398"},"modified":"2025-04-29T19:09:44","modified_gmt":"2025-04-30T01:09:44","slug":"38-gls-i-o","status":"publish","type":"page","link":"https:\/\/servicios-nauticos.com\/es\/new-boats\/cruiser-yachts-puerto-vallarta\/38-gls-i-o\/","title":{"rendered":"38 E\/S GLS"},"content":{"rendered":"<div data-elementor-type=\"wp-page\" data-elementor-id=\"2398\" class=\"elementor elementor-2398\" data-elementor-post-type=\"page\">\n\t\t\t\t\t\t<section class=\"elementor-section elementor-top-section elementor-element elementor-element-fc619fd elementor-section-boxed elementor-section-height-default elementor-section-height-default\" data-id=\"fc619fd\" data-element_type=\"section\">\n\t\t\t\t\t\t<div class=\"elementor-container elementor-column-gap-default\">\n\t\t\t\t\t<div class=\"elementor-column elementor-col-50 elementor-top-column elementor-element elementor-element-80808b9\" data-id=\"80808b9\" data-element_type=\"column\">\n\t\t\t<div class=\"elementor-widget-wrap elementor-element-populated\">\n\t\t\t\t\t\t<section class=\"elementor-section elementor-inner-section elementor-element elementor-element-8db663a elementor-section-boxed elementor-section-height-default elementor-section-height-default\" data-id=\"8db663a\" data-element_type=\"section\">\n\t\t\t\t\t\t<div class=\"elementor-container elementor-column-gap-default\">\n\t\t\t\t\t<div class=\"elementor-column elementor-col-50 elementor-inner-column elementor-element elementor-element-7184e0b\" data-id=\"7184e0b\" data-element_type=\"column\">\n\t\t\t<div class=\"elementor-widget-wrap elementor-element-populated\">\n\t\t\t\t\t\t<div class=\"elementor-element elementor-element-45e8ab1 elementor-widget elementor-widget-heading\" data-id=\"45e8ab1\" data-element_type=\"widget\" data-widget_type=\"heading.default\">\n\t\t\t\t<div class=\"elementor-widget-container\">\n\t\t\t\t\t<h1 class=\"elementor-heading-title elementor-size-default\">38 E\/S GLS\n<\/h1>\t\t\t\t<\/div>\n\t\t\t\t<\/div>\n\t\t\t\t\t<\/div>\n\t\t<\/div>\n\t\t\t\t<div class=\"elementor-column elementor-col-50 elementor-inner-column elementor-element elementor-element-0dc6802\" data-id=\"0dc6802\" data-element_type=\"column\">\n\t\t\t<div class=\"elementor-widget-wrap elementor-element-populated\">\n\t\t\t\t\t\t<div class=\"elementor-element elementor-element-503df35e elementor-widget elementor-widget-image\" data-id=\"503df35e\" data-element_type=\"widget\" data-widget_type=\"image.default\">\n\t\t\t\t<div class=\"elementor-widget-container\">\n\t\t\t\t\t\t\t\t\t\t\t\t\t\t\t<img decoding=\"async\" width=\"400\" height=\"100\" src=\"https:\/\/servicios-nauticos.com\/wp-content\/uploads\/2025\/02\/Servicios-Nauticos-Venta-de-Embarcaciones-Yates-de-Pesca-en-Mexico-1-1.png\" class=\"attachment-full size-full wp-image-1957\" alt=\"\" srcset=\"https:\/\/servicios-nauticos.com\/wp-content\/uploads\/2025\/02\/Servicios-Nauticos-Venta-de-Embarcaciones-Yates-de-Pesca-en-Mexico-1-1.png 400w, https:\/\/servicios-nauticos.com\/wp-content\/uploads\/2025\/02\/Servicios-Nauticos-Venta-de-Embarcaciones-Yates-de-Pesca-en-Mexico-1-1-300x75.png 300w\" sizes=\"(max-width: 400px) 100vw, 400px\" \/>\t\t\t\t\t\t\t\t\t\t\t\t\t\t\t<\/div>\n\t\t\t\t<\/div>\n\t\t\t\t\t<\/div>\n\t\t<\/div>\n\t\t\t\t\t<\/div>\n\t\t<\/section>\n\t\t\t\t<div class=\"elementor-element elementor-element-79e029f elementor-widget elementor-widget-text-editor\" data-id=\"79e029f\" data-element_type=\"widget\" data-widget_type=\"text-editor.default\">\n\t\t\t\t<div class=\"elementor-widget-container\">\n\t\t\t\t\t\t\t\t\t<p>Con una puerta de playa abatible, una plataforma de ba\u00f1o hidr\u00e1ulica y un espacioso sal\u00f3n de proa, el 38 GLS I\/O en venta cerca de usted lleva su navegaci\u00f3n diurna al siguiente nivel.<\/p>\t\t\t\t\t\t\t\t<\/div>\n\t\t\t\t<\/div>\n\t\t\t\t\t<\/div>\n\t\t<\/div>\n\t\t\t\t<div class=\"elementor-column elementor-col-50 elementor-top-column elementor-element elementor-element-f62ccdd\" data-id=\"f62ccdd\" data-element_type=\"column\">\n\t\t\t<div class=\"elementor-widget-wrap elementor-element-populated\">\n\t\t\t\t\t\t<div class=\"elementor-element elementor-element-f2774fa elementor-widget elementor-widget-image\" data-id=\"f2774fa\" data-element_type=\"widget\" data-widget_type=\"image.default\">\n\t\t\t\t<div class=\"elementor-widget-container\">\n\t\t\t\t\t\t\t\t\t\t\t\t\t\t\t<img fetchpriority=\"high\" decoding=\"async\" width=\"800\" height=\"453\" src=\"https:\/\/servicios-nauticos.com\/wp-content\/uploads\/2025\/04\/38glsob-product-image-gallery-row-3-04072023-1024x580.jpg\" class=\"attachment-large size-large wp-image-2399\" alt=\"\" srcset=\"https:\/\/servicios-nauticos.com\/wp-content\/uploads\/2025\/04\/38glsob-product-image-gallery-row-3-04072023-1024x580.jpg 1024w, https:\/\/servicios-nauticos.com\/wp-content\/uploads\/2025\/04\/38glsob-product-image-gallery-row-3-04072023-300x170.jpg 300w, https:\/\/servicios-nauticos.com\/wp-content\/uploads\/2025\/04\/38glsob-product-image-gallery-row-3-04072023-768x435.jpg 768w, https:\/\/servicios-nauticos.com\/wp-content\/uploads\/2025\/04\/38glsob-product-image-gallery-row-3-04072023-1536x870.jpg 1536w, https:\/\/servicios-nauticos.com\/wp-content\/uploads\/2025\/04\/38glsob-product-image-gallery-row-3-04072023-2048x1160.jpg 2048w\" sizes=\"(max-width: 800px) 100vw, 800px\" \/>\t\t\t\t\t\t\t\t\t\t\t\t\t\t\t<\/div>\n\t\t\t\t<\/div>\n\t\t\t\t\t<\/div>\n\t\t<\/div>\n\t\t\t\t\t<\/div>\n\t\t<\/section>\n\t\t\t\t<section class=\"elementor-section elementor-top-section elementor-element elementor-element-2bf6b7f elementor-section-boxed elementor-section-height-default elementor-section-height-default\" data-id=\"2bf6b7f\" data-element_type=\"section\">\n\t\t\t\t\t\t<div class=\"elementor-container elementor-column-gap-default\">\n\t\t\t\t\t<div class=\"elementor-column elementor-col-50 elementor-top-column elementor-element elementor-element-47c804f\" data-id=\"47c804f\" data-element_type=\"column\">\n\t\t\t<div class=\"elementor-widget-wrap elementor-element-populated\">\n\t\t\t\t\t\t<div class=\"elementor-element elementor-element-5c8414b elementor-widget elementor-widget-text-editor\" data-id=\"5c8414b\" data-element_type=\"widget\" data-widget_type=\"text-editor.default\">\n\t\t\t\t<div class=\"elementor-widget-container\">\n\t\t\t\t\t\t\t\t\t<h2><strong>Presupuesto<\/strong><\/h2><table><tbody><tr><td><strong>Longitud total con motor fueraborda<\/strong><\/td><td>37&#039; 3\u201d \/ 11,35 m<\/td><\/tr><tr><td><strong>Haz<\/strong><\/td><td><p>12&#039; 6\u201d \/ 3,8 m<\/p><\/td><\/tr><tr><td><strong>Despeje del puente<\/strong><\/td><td><p>12&#039; 8\u201d \/ 3,86 m<\/p><\/td><\/tr><tr><td><strong>Borrador hacia abajo<\/strong><\/td><td>38\u2033 \/ 0,97 m<\/td><\/tr><tr><td><strong>Borrador ascendente<\/strong><\/td><td>26\u2033 \/ 0,7 m<\/td><\/tr><\/tbody><\/table><p>\u00a0<\/p>\t\t\t\t\t\t\t\t<\/div>\n\t\t\t\t<\/div>\n\t\t\t\t\t<\/div>\n\t\t<\/div>\n\t\t\t\t<div class=\"elementor-column elementor-col-50 elementor-top-column elementor-element elementor-element-948db4e\" data-id=\"948db4e\" data-element_type=\"column\">\n\t\t\t<div class=\"elementor-widget-wrap elementor-element-populated\">\n\t\t\t\t\t\t<div class=\"elementor-element elementor-element-b6a70ce elementor-widget elementor-widget-text-editor\" data-id=\"b6a70ce\" data-element_type=\"widget\" data-widget_type=\"text-editor.default\">\n\t\t\t\t<div class=\"elementor-widget-container\">\n\t\t\t\t\t\t\t\t\t<h2><strong>Tanque<\/strong><\/h2><table><tbody><tr><td><strong>Combustible (gas)<\/strong><\/td><td>234 galones \/ 886 L<\/td><\/tr><tr><td><strong>Capacidad de agua<\/strong><\/td><td>50 galones \/ 189,3 L<\/td><\/tr><tr><td><strong>Capacidad de residuos<\/strong><\/td><td>31 galones \/ 117,3 L<\/td><\/tr><tr><td><strong>Peso \u2013 Seco<\/strong><\/td><td>18.500 libras \/ 8391 kg<\/td><\/tr><\/tbody><\/table><p>\u00a0<\/p>\t\t\t\t\t\t\t\t<\/div>\n\t\t\t\t<\/div>\n\t\t\t\t\t<\/div>\n\t\t<\/div>\n\t\t\t\t\t<\/div>\n\t\t<\/section>\n\t\t\t\t<section class=\"elementor-section elementor-top-section elementor-element elementor-element-7fe8483 elementor-section-boxed elementor-section-height-default elementor-section-height-default\" data-id=\"7fe8483\" data-element_type=\"section\">\n\t\t\t\t\t\t<div class=\"elementor-container elementor-column-gap-default\">\n\t\t\t\t\t<div class=\"elementor-column elementor-col-100 elementor-top-column elementor-element elementor-element-c0a9a4f\" data-id=\"c0a9a4f\" data-element_type=\"column\">\n\t\t\t<div class=\"elementor-widget-wrap elementor-element-populated\">\n\t\t\t\t\t\t<div class=\"elementor-element elementor-element-d3f08cf gallery-spacing-custom elementor-widget elementor-widget-image-gallery\" data-id=\"d3f08cf\" data-element_type=\"widget\" data-widget_type=\"image-gallery.default\">\n\t\t\t\t<div class=\"elementor-widget-container\">\n\t\t\t\t\t\t\t<div class=\"elementor-image-gallery\">\n\t\t\t<div id='gallery-1' class='gallery galleryid-2398 gallery-columns-4 gallery-size-medium_large'><figure class='gallery-item'>\n\t\t\t<div class='gallery-icon landscape'>\n\t\t\t\t<a data-elementor-open-lightbox=\"yes\" data-elementor-lightbox-slideshow=\"d3f08cf\" data-elementor-lightbox-title=\"38gls_gallery_bowseating_02162024\" data-e-action-hash=\"#elementor-action%3Aaction%3Dlightbox%26settings%3DeyJpZCI6MjQwMSwidXJsIjoiaHR0cHM6XC9cL3NlcnZpY2lvcy1uYXV0aWNvcy5jb21cL3dwLWNvbnRlbnRcL3VwbG9hZHNcLzIwMjVcLzA0XC8zOGdsc19nYWxsZXJ5X2Jvd3NlYXRpbmdfMDIxNjIwMjQuanBnIiwic2xpZGVzaG93IjoiZDNmMDhjZiJ9\" href='https:\/\/servicios-nauticos.com\/wp-content\/uploads\/2025\/04\/38gls_gallery_bowseating_02162024.jpg'><img decoding=\"async\" width=\"768\" height=\"576\" src=\"https:\/\/servicios-nauticos.com\/wp-content\/uploads\/2025\/04\/38gls_gallery_bowseating_02162024-768x576.jpg\" class=\"attachment-medium_large size-medium_large\" alt=\"\" srcset=\"https:\/\/servicios-nauticos.com\/wp-content\/uploads\/2025\/04\/38gls_gallery_bowseating_02162024-768x576.jpg 768w, https:\/\/servicios-nauticos.com\/wp-content\/uploads\/2025\/04\/38gls_gallery_bowseating_02162024-300x225.jpg 300w, https:\/\/servicios-nauticos.com\/wp-content\/uploads\/2025\/04\/38gls_gallery_bowseating_02162024.jpg 960w\" sizes=\"(max-width: 768px) 100vw, 768px\" \/><\/a>\n\t\t\t<\/div><\/figure><figure class='gallery-item'>\n\t\t\t<div class='gallery-icon landscape'>\n\t\t\t\t<a data-elementor-open-lightbox=\"yes\" data-elementor-lightbox-slideshow=\"d3f08cf\" data-elementor-lightbox-title=\"38gls_gallery_cleat_02162024\" data-e-action-hash=\"#elementor-action%3Aaction%3Dlightbox%26settings%3DeyJpZCI6MjQwMiwidXJsIjoiaHR0cHM6XC9cL3NlcnZpY2lvcy1uYXV0aWNvcy5jb21cL3dwLWNvbnRlbnRcL3VwbG9hZHNcLzIwMjVcLzA0XC8zOGdsc19nYWxsZXJ5X2NsZWF0XzAyMTYyMDI0LmpwZyIsInNsaWRlc2hvdyI6ImQzZjA4Y2YifQ%3D%3D\" href='https:\/\/servicios-nauticos.com\/wp-content\/uploads\/2025\/04\/38gls_gallery_cleat_02162024.jpg'><img loading=\"lazy\" decoding=\"async\" width=\"768\" height=\"576\" src=\"https:\/\/servicios-nauticos.com\/wp-content\/uploads\/2025\/04\/38gls_gallery_cleat_02162024-768x576.jpg\" class=\"attachment-medium_large size-medium_large\" alt=\"\" srcset=\"https:\/\/servicios-nauticos.com\/wp-content\/uploads\/2025\/04\/38gls_gallery_cleat_02162024-768x576.jpg 768w, https:\/\/servicios-nauticos.com\/wp-content\/uploads\/2025\/04\/38gls_gallery_cleat_02162024-300x225.jpg 300w, https:\/\/servicios-nauticos.com\/wp-content\/uploads\/2025\/04\/38gls_gallery_cleat_02162024.jpg 960w\" sizes=\"(max-width: 768px) 100vw, 768px\" \/><\/a>\n\t\t\t<\/div><\/figure><figure class='gallery-item'>\n\t\t\t<div class='gallery-icon landscape'>\n\t\t\t\t<a data-elementor-open-lightbox=\"yes\" data-elementor-lightbox-slideshow=\"d3f08cf\" data-elementor-lightbox-title=\"38gls_gallery_emblem_02162024\" data-e-action-hash=\"#elementor-action%3Aaction%3Dlightbox%26settings%3DeyJpZCI6MjQwMywidXJsIjoiaHR0cHM6XC9cL3NlcnZpY2lvcy1uYXV0aWNvcy5jb21cL3dwLWNvbnRlbnRcL3VwbG9hZHNcLzIwMjVcLzA0XC8zOGdsc19nYWxsZXJ5X2VtYmxlbV8wMjE2MjAyNC5qcGciLCJzbGlkZXNob3ciOiJkM2YwOGNmIn0%3D\" href='https:\/\/servicios-nauticos.com\/wp-content\/uploads\/2025\/04\/38gls_gallery_emblem_02162024.jpg'><img loading=\"lazy\" decoding=\"async\" width=\"768\" height=\"576\" src=\"https:\/\/servicios-nauticos.com\/wp-content\/uploads\/2025\/04\/38gls_gallery_emblem_02162024-768x576.jpg\" class=\"attachment-medium_large size-medium_large\" alt=\"\" srcset=\"https:\/\/servicios-nauticos.com\/wp-content\/uploads\/2025\/04\/38gls_gallery_emblem_02162024-768x576.jpg 768w, https:\/\/servicios-nauticos.com\/wp-content\/uploads\/2025\/04\/38gls_gallery_emblem_02162024-300x225.jpg 300w, https:\/\/servicios-nauticos.com\/wp-content\/uploads\/2025\/04\/38gls_gallery_emblem_02162024.jpg 960w\" sizes=\"(max-width: 768px) 100vw, 768px\" \/><\/a>\n\t\t\t<\/div><\/figure><figure class='gallery-item'>\n\t\t\t<div class='gallery-icon landscape'>\n\t\t\t\t<a data-elementor-open-lightbox=\"yes\" data-elementor-lightbox-slideshow=\"d3f08cf\" data-elementor-lightbox-title=\"38gls_gallery_galley_02162024\" data-e-action-hash=\"#elementor-action%3Aaction%3Dlightbox%26settings%3DeyJpZCI6MjQwNCwidXJsIjoiaHR0cHM6XC9cL3NlcnZpY2lvcy1uYXV0aWNvcy5jb21cL3dwLWNvbnRlbnRcL3VwbG9hZHNcLzIwMjVcLzA0XC8zOGdsc19nYWxsZXJ5X2dhbGxleV8wMjE2MjAyNC5qcGciLCJzbGlkZXNob3ciOiJkM2YwOGNmIn0%3D\" href='https:\/\/servicios-nauticos.com\/wp-content\/uploads\/2025\/04\/38gls_gallery_galley_02162024.jpg'><img loading=\"lazy\" decoding=\"async\" width=\"768\" height=\"576\" src=\"https:\/\/servicios-nauticos.com\/wp-content\/uploads\/2025\/04\/38gls_gallery_galley_02162024-768x576.jpg\" class=\"attachment-medium_large size-medium_large\" alt=\"\" srcset=\"https:\/\/servicios-nauticos.com\/wp-content\/uploads\/2025\/04\/38gls_gallery_galley_02162024-768x576.jpg 768w, https:\/\/servicios-nauticos.com\/wp-content\/uploads\/2025\/04\/38gls_gallery_galley_02162024-300x225.jpg 300w, https:\/\/servicios-nauticos.com\/wp-content\/uploads\/2025\/04\/38gls_gallery_galley_02162024.jpg 960w\" sizes=\"(max-width: 768px) 100vw, 768px\" \/><\/a>\n\t\t\t<\/div><\/figure><figure class='gallery-item'>\n\t\t\t<div class='gallery-icon landscape'>\n\t\t\t\t<a data-elementor-open-lightbox=\"yes\" data-elementor-lightbox-slideshow=\"d3f08cf\" data-elementor-lightbox-title=\"38gls_gallery_helm_02162024\" data-e-action-hash=\"#elementor-action%3Aaction%3Dlightbox%26settings%3DeyJpZCI6MjQwNSwidXJsIjoiaHR0cHM6XC9cL3NlcnZpY2lvcy1uYXV0aWNvcy5jb21cL3dwLWNvbnRlbnRcL3VwbG9hZHNcLzIwMjVcLzA0XC8zOGdsc19nYWxsZXJ5X2hlbG1fMDIxNjIwMjQuanBnIiwic2xpZGVzaG93IjoiZDNmMDhjZiJ9\" href='https:\/\/servicios-nauticos.com\/wp-content\/uploads\/2025\/04\/38gls_gallery_helm_02162024.jpg'><img loading=\"lazy\" decoding=\"async\" width=\"768\" height=\"576\" src=\"https:\/\/servicios-nauticos.com\/wp-content\/uploads\/2025\/04\/38gls_gallery_helm_02162024-768x576.jpg\" class=\"attachment-medium_large size-medium_large\" alt=\"\" srcset=\"https:\/\/servicios-nauticos.com\/wp-content\/uploads\/2025\/04\/38gls_gallery_helm_02162024-768x576.jpg 768w, https:\/\/servicios-nauticos.com\/wp-content\/uploads\/2025\/04\/38gls_gallery_helm_02162024-300x225.jpg 300w, https:\/\/servicios-nauticos.com\/wp-content\/uploads\/2025\/04\/38gls_gallery_helm_02162024.jpg 960w\" sizes=\"(max-width: 768px) 100vw, 768px\" \/><\/a>\n\t\t\t<\/div><\/figure><figure class='gallery-item'>\n\t\t\t<div class='gallery-icon landscape'>\n\t\t\t\t<a data-elementor-open-lightbox=\"yes\" data-elementor-lightbox-slideshow=\"d3f08cf\" data-elementor-lightbox-title=\"38gls_gallery_helm-controls_02162024\" data-e-action-hash=\"#elementor-action%3Aaction%3Dlightbox%26settings%3DeyJpZCI6MjQwNiwidXJsIjoiaHR0cHM6XC9cL3NlcnZpY2lvcy1uYXV0aWNvcy5jb21cL3dwLWNvbnRlbnRcL3VwbG9hZHNcLzIwMjVcLzA0XC8zOGdsc19nYWxsZXJ5X2hlbG0tY29udHJvbHNfMDIxNjIwMjQuanBnIiwic2xpZGVzaG93IjoiZDNmMDhjZiJ9\" href='https:\/\/servicios-nauticos.com\/wp-content\/uploads\/2025\/04\/38gls_gallery_helm-controls_02162024.jpg'><img loading=\"lazy\" decoding=\"async\" width=\"768\" height=\"576\" src=\"https:\/\/servicios-nauticos.com\/wp-content\/uploads\/2025\/04\/38gls_gallery_helm-controls_02162024-768x576.jpg\" class=\"attachment-medium_large size-medium_large\" alt=\"\" srcset=\"https:\/\/servicios-nauticos.com\/wp-content\/uploads\/2025\/04\/38gls_gallery_helm-controls_02162024-768x576.jpg 768w, https:\/\/servicios-nauticos.com\/wp-content\/uploads\/2025\/04\/38gls_gallery_helm-controls_02162024-300x225.jpg 300w, https:\/\/servicios-nauticos.com\/wp-content\/uploads\/2025\/04\/38gls_gallery_helm-controls_02162024.jpg 960w\" sizes=\"(max-width: 768px) 100vw, 768px\" \/><\/a>\n\t\t\t<\/div><\/figure><figure class='gallery-item'>\n\t\t\t<div class='gallery-icon landscape'>\n\t\t\t\t<a data-elementor-open-lightbox=\"yes\" data-elementor-lightbox-slideshow=\"d3f08cf\" data-elementor-lightbox-title=\"38glsob-product-image-gallery-row-6-04072023\" data-e-action-hash=\"#elementor-action%3Aaction%3Dlightbox%26settings%3DeyJpZCI6MjQwNywidXJsIjoiaHR0cHM6XC9cL3NlcnZpY2lvcy1uYXV0aWNvcy5jb21cL3dwLWNvbnRlbnRcL3VwbG9hZHNcLzIwMjVcLzA0XC8zOGdsc29iLXByb2R1Y3QtaW1hZ2UtZ2FsbGVyeS1yb3ctNi0wNDA3MjAyMy1zY2FsZWQuanBnIiwic2xpZGVzaG93IjoiZDNmMDhjZiJ9\" href='https:\/\/servicios-nauticos.com\/wp-content\/uploads\/2025\/04\/38glsob-product-image-gallery-row-6-04072023-scaled.jpg'><img loading=\"lazy\" decoding=\"async\" width=\"768\" height=\"435\" src=\"https:\/\/servicios-nauticos.com\/wp-content\/uploads\/2025\/04\/38glsob-product-image-gallery-row-6-04072023-768x435.jpg\" class=\"attachment-medium_large size-medium_large\" alt=\"\" srcset=\"https:\/\/servicios-nauticos.com\/wp-content\/uploads\/2025\/04\/38glsob-product-image-gallery-row-6-04072023-768x435.jpg 768w, https:\/\/servicios-nauticos.com\/wp-content\/uploads\/2025\/04\/38glsob-product-image-gallery-row-6-04072023-300x170.jpg 300w, https:\/\/servicios-nauticos.com\/wp-content\/uploads\/2025\/04\/38glsob-product-image-gallery-row-6-04072023-1024x580.jpg 1024w, https:\/\/servicios-nauticos.com\/wp-content\/uploads\/2025\/04\/38glsob-product-image-gallery-row-6-04072023-1536x870.jpg 1536w, https:\/\/servicios-nauticos.com\/wp-content\/uploads\/2025\/04\/38glsob-product-image-gallery-row-6-04072023-2048x1160.jpg 2048w\" sizes=\"(max-width: 768px) 100vw, 768px\" \/><\/a>\n\t\t\t<\/div><\/figure><figure class='gallery-item'>\n\t\t\t<div class='gallery-icon landscape'>\n\t\t\t\t<a data-elementor-open-lightbox=\"yes\" data-elementor-lightbox-slideshow=\"d3f08cf\" data-elementor-lightbox-title=\"38glsob-product-image-gallery-row-7-04072023\" data-e-action-hash=\"#elementor-action%3Aaction%3Dlightbox%26settings%3DeyJpZCI6MjQwOCwidXJsIjoiaHR0cHM6XC9cL3NlcnZpY2lvcy1uYXV0aWNvcy5jb21cL3dwLWNvbnRlbnRcL3VwbG9hZHNcLzIwMjVcLzA0XC8zOGdsc29iLXByb2R1Y3QtaW1hZ2UtZ2FsbGVyeS1yb3ctNy0wNDA3MjAyMy1zY2FsZWQuanBnIiwic2xpZGVzaG93IjoiZDNmMDhjZiJ9\" href='https:\/\/servicios-nauticos.com\/wp-content\/uploads\/2025\/04\/38glsob-product-image-gallery-row-7-04072023-scaled.jpg'><img loading=\"lazy\" decoding=\"async\" width=\"768\" height=\"435\" src=\"https:\/\/servicios-nauticos.com\/wp-content\/uploads\/2025\/04\/38glsob-product-image-gallery-row-7-04072023-768x435.jpg\" class=\"attachment-medium_large size-medium_large\" alt=\"\" srcset=\"https:\/\/servicios-nauticos.com\/wp-content\/uploads\/2025\/04\/38glsob-product-image-gallery-row-7-04072023-768x435.jpg 768w, https:\/\/servicios-nauticos.com\/wp-content\/uploads\/2025\/04\/38glsob-product-image-gallery-row-7-04072023-300x170.jpg 300w, https:\/\/servicios-nauticos.com\/wp-content\/uploads\/2025\/04\/38glsob-product-image-gallery-row-7-04072023-1024x580.jpg 1024w, https:\/\/servicios-nauticos.com\/wp-content\/uploads\/2025\/04\/38glsob-product-image-gallery-row-7-04072023-1536x870.jpg 1536w, https:\/\/servicios-nauticos.com\/wp-content\/uploads\/2025\/04\/38glsob-product-image-gallery-row-7-04072023-2048x1160.jpg 2048w\" sizes=\"(max-width: 768px) 100vw, 768px\" \/><\/a>\n\t\t\t<\/div><\/figure><figure class='gallery-item'>\n\t\t\t<div class='gallery-icon landscape'>\n\t\t\t\t<a data-elementor-open-lightbox=\"yes\" data-elementor-lightbox-slideshow=\"d3f08cf\" data-elementor-lightbox-title=\"38glsob-product-image-gallery-row-3-04072023\" data-e-action-hash=\"#elementor-action%3Aaction%3Dlightbox%26settings%3DeyJpZCI6MjM5OSwidXJsIjoiaHR0cHM6XC9cL3NlcnZpY2lvcy1uYXV0aWNvcy5jb21cL3dwLWNvbnRlbnRcL3VwbG9hZHNcLzIwMjVcLzA0XC8zOGdsc29iLXByb2R1Y3QtaW1hZ2UtZ2FsbGVyeS1yb3ctMy0wNDA3MjAyMy1zY2FsZWQuanBnIiwic2xpZGVzaG93IjoiZDNmMDhjZiJ9\" href='https:\/\/servicios-nauticos.com\/wp-content\/uploads\/2025\/04\/38glsob-product-image-gallery-row-3-04072023-scaled.jpg'><img loading=\"lazy\" decoding=\"async\" width=\"768\" height=\"435\" src=\"https:\/\/servicios-nauticos.com\/wp-content\/uploads\/2025\/04\/38glsob-product-image-gallery-row-3-04072023-768x435.jpg\" class=\"attachment-medium_large size-medium_large\" alt=\"\" srcset=\"https:\/\/servicios-nauticos.com\/wp-content\/uploads\/2025\/04\/38glsob-product-image-gallery-row-3-04072023-768x435.jpg 768w, https:\/\/servicios-nauticos.com\/wp-content\/uploads\/2025\/04\/38glsob-product-image-gallery-row-3-04072023-300x170.jpg 300w, https:\/\/servicios-nauticos.com\/wp-content\/uploads\/2025\/04\/38glsob-product-image-gallery-row-3-04072023-1024x580.jpg 1024w, https:\/\/servicios-nauticos.com\/wp-content\/uploads\/2025\/04\/38glsob-product-image-gallery-row-3-04072023-1536x870.jpg 1536w, https:\/\/servicios-nauticos.com\/wp-content\/uploads\/2025\/04\/38glsob-product-image-gallery-row-3-04072023-2048x1160.jpg 2048w\" sizes=\"(max-width: 768px) 100vw, 768px\" \/><\/a>\n\t\t\t<\/div><\/figure>\n\t\t<\/div>\n\t\t<\/div>\n\t\t\t\t\t\t<\/div>\n\t\t\t\t<\/div>\n\t\t\t\t\t<\/div>\n\t\t<\/div>\n\t\t\t\t\t<\/div>\n\t\t<\/section>\n\t\t\t\t<section class=\"elementor-section elementor-top-section elementor-element elementor-element-018c634 elementor-section-boxed elementor-section-height-default elementor-section-height-default\" data-id=\"018c634\" data-element_type=\"section\">\n\t\t\t\t\t\t<div class=\"elementor-container elementor-column-gap-default\">\n\t\t\t\t\t<div class=\"elementor-column elementor-col-100 elementor-top-column elementor-element elementor-element-136c7d1\" data-id=\"136c7d1\" data-element_type=\"column\">\n\t\t\t<div class=\"elementor-widget-wrap elementor-element-populated\">\n\t\t\t\t\t\t<div class=\"elementor-element elementor-element-97dcc40 elementor-align-center elementor-widget elementor-widget-button\" data-id=\"97dcc40\" data-element_type=\"widget\" data-widget_type=\"button.default\">\n\t\t\t\t<div class=\"elementor-widget-container\">\n\t\t\t\t\t\t\t\t\t<div class=\"elementor-button-wrapper\">\n\t\t\t\t\t<a class=\"elementor-button elementor-button-link elementor-size-sm\" href=\"\/contacto\/\">\n\t\t\t\t\t\t<span class=\"elementor-button-content-wrapper\">\n\t\t\t\t\t\t\t\t\t<span class=\"elementor-button-text\">M\u00e1s informaci\u00f3n<\/span>\n\t\t\t\t\t<\/span>\n\t\t\t\t\t<\/a>\n\t\t\t\t<\/div>\n\t\t\t\t\t\t\t\t<\/div>\n\t\t\t\t<\/div>\n\t\t\t\t\t<\/div>\n\t\t<\/div>\n\t\t\t\t\t<\/div>\n\t\t<\/section>\n\t\t\t\t<\/div>","protected":false},"excerpt":{"rendered":"<p>38 GLS I\/O Con puerta de playa abatible, plataforma de ba\u00f1o hidr\u00e1ulica y amplio sal\u00f3n de proa, el 38 GLS I\/O a la venta cerca de usted lleva su navegaci\u00f3n diaria al siguiente nivel. Especificaciones: Eslora total con motor fueraborda: 11,35 m (37&#039; 3\u201d) Manga: 3,8 m (12&#039; 6\u201d) Altura libre al puente: 3,86 m (12&#039; 8\u201d) Calado [\u2026]<\/p>","protected":false},"author":3,"featured_media":3244,"parent":677,"menu_order":2,"comment_status":"closed","ping_status":"closed","template":"elementor_header_footer","meta":{"footnotes":""},"class_list":["post-2398","page","type-page","status-publish","has-post-thumbnail","hentry"],"_links":{"self":[{"href":"https:\/\/servicios-nauticos.com\/es\/wp-json\/wp\/v2\/pages\/2398","targetHints":{"allow":["GET"]}}],"collection":[{"href":"https:\/\/servicios-nauticos.com\/es\/wp-json\/wp\/v2\/pages"}],"about":[{"href":"https:\/\/servicios-nauticos.com\/es\/wp-json\/wp\/v2\/types\/page"}],"author":[{"embeddable":true,"href":"https:\/\/servicios-nauticos.com\/es\/wp-json\/wp\/v2\/users\/3"}],"replies":[{"embeddable":true,"href":"https:\/\/servicios-nauticos.com\/es\/wp-json\/wp\/v2\/comments?post=2398"}],"version-history":[{"count":4,"href":"https:\/\/servicios-nauticos.com\/es\/wp-json\/wp\/v2\/pages\/2398\/revisions"}],"predecessor-version":[{"id":2411,"href":"https:\/\/servicios-nauticos.com\/es\/wp-json\/wp\/v2\/pages\/2398\/revisions\/2411"}],"up":[{"embeddable":true,"href":"https:\/\/servicios-nauticos.com\/es\/wp-json\/wp\/v2\/pages\/677"}],"wp:featuredmedia":[{"embeddable":true,"href":"https:\/\/servicios-nauticos.com\/es\/wp-json\/wp\/v2\/media\/3244"}],"wp:attachment":[{"href":"https:\/\/servicios-nauticos.com\/es\/wp-json\/wp\/v2\/media?parent=2398"}],"curies":[{"name":"wp","href":"https:\/\/api.w.org\/{rel}","templated":true}]}}