{"id":2266,"date":"2025-04-04T12:58:21","date_gmt":"2025-04-04T18:58:21","guid":{"rendered":"https:\/\/beta.servicios-nauticos.com\/?page_id=2266"},"modified":"2025-04-29T19:01:18","modified_gmt":"2025-04-30T01:01:18","slug":"42-cantius","status":"publish","type":"page","link":"https:\/\/servicios-nauticos.com\/es\/new-boats\/cruiser-yachts-puerto-vallarta\/42-cantius\/","title":{"rendered":"42 Cantius"},"content":{"rendered":"<div data-elementor-type=\"wp-page\" data-elementor-id=\"2266\" class=\"elementor elementor-2266\" data-elementor-post-type=\"page\">\n\t\t\t\t\t\t<section class=\"elementor-section elementor-top-section elementor-element elementor-element-fc619fd elementor-section-boxed elementor-section-height-default elementor-section-height-default\" data-id=\"fc619fd\" data-element_type=\"section\">\n\t\t\t\t\t\t<div class=\"elementor-container elementor-column-gap-default\">\n\t\t\t\t\t<div class=\"elementor-column elementor-col-50 elementor-top-column elementor-element elementor-element-80808b9\" data-id=\"80808b9\" data-element_type=\"column\">\n\t\t\t<div class=\"elementor-widget-wrap elementor-element-populated\">\n\t\t\t\t\t\t<section class=\"elementor-section elementor-inner-section elementor-element elementor-element-8db663a elementor-section-boxed elementor-section-height-default elementor-section-height-default\" data-id=\"8db663a\" data-element_type=\"section\">\n\t\t\t\t\t\t<div class=\"elementor-container elementor-column-gap-default\">\n\t\t\t\t\t<div class=\"elementor-column elementor-col-50 elementor-inner-column elementor-element elementor-element-7184e0b\" data-id=\"7184e0b\" data-element_type=\"column\">\n\t\t\t<div class=\"elementor-widget-wrap elementor-element-populated\">\n\t\t\t\t\t\t<div class=\"elementor-element elementor-element-45e8ab1 elementor-widget elementor-widget-heading\" data-id=\"45e8ab1\" data-element_type=\"widget\" data-widget_type=\"heading.default\">\n\t\t\t\t<div class=\"elementor-widget-container\">\n\t\t\t\t\t<h1 class=\"elementor-heading-title elementor-size-default\">42 Cantius<\/h1>\t\t\t\t<\/div>\n\t\t\t\t<\/div>\n\t\t\t\t\t<\/div>\n\t\t<\/div>\n\t\t\t\t<div class=\"elementor-column elementor-col-50 elementor-inner-column elementor-element elementor-element-0dc6802\" data-id=\"0dc6802\" data-element_type=\"column\">\n\t\t\t<div class=\"elementor-widget-wrap elementor-element-populated\">\n\t\t\t\t\t\t<div class=\"elementor-element elementor-element-503df35e elementor-widget elementor-widget-image\" data-id=\"503df35e\" data-element_type=\"widget\" data-widget_type=\"image.default\">\n\t\t\t\t<div class=\"elementor-widget-container\">\n\t\t\t\t\t\t\t\t\t\t\t\t\t\t\t<img decoding=\"async\" width=\"400\" height=\"100\" src=\"https:\/\/servicios-nauticos.com\/wp-content\/uploads\/2025\/02\/Servicios-Nauticos-Venta-de-Embarcaciones-Yates-de-Pesca-en-Mexico-1-1.png\" class=\"attachment-full size-full wp-image-1957\" alt=\"\" srcset=\"https:\/\/servicios-nauticos.com\/wp-content\/uploads\/2025\/02\/Servicios-Nauticos-Venta-de-Embarcaciones-Yates-de-Pesca-en-Mexico-1-1.png 400w, https:\/\/servicios-nauticos.com\/wp-content\/uploads\/2025\/02\/Servicios-Nauticos-Venta-de-Embarcaciones-Yates-de-Pesca-en-Mexico-1-1-300x75.png 300w\" sizes=\"(max-width: 400px) 100vw, 400px\" \/>\t\t\t\t\t\t\t\t\t\t\t\t\t\t\t<\/div>\n\t\t\t\t<\/div>\n\t\t\t\t\t<\/div>\n\t\t<\/div>\n\t\t\t\t\t<\/div>\n\t\t<\/section>\n\t\t\t\t<div class=\"elementor-element elementor-element-79e029f elementor-widget elementor-widget-text-editor\" data-id=\"79e029f\" data-element_type=\"widget\" data-widget_type=\"text-editor.default\">\n\t\t\t\t<div class=\"elementor-widget-container\">\n\t\t\t\t\t\t\t\t\t<p>Con ventanas de 360 grados y una cubierta principal di\u00e1fana que ofrece diversi\u00f3n al aire libre y protecci\u00f3n contra las inclemencias del tiempo, el 42 Cantius lo tiene todo. Satisfaga su apetito en la cocina completamente equipada, juegue y tome el sol en la espaciosa cubierta y rel\u00e1jese en los tranquilos camarotes para descansar al atardecer. Consulte precios con su distribuidor local.<\/p>\t\t\t\t\t\t\t\t<\/div>\n\t\t\t\t<\/div>\n\t\t\t\t\t<\/div>\n\t\t<\/div>\n\t\t\t\t<div class=\"elementor-column elementor-col-50 elementor-top-column elementor-element elementor-element-f62ccdd\" data-id=\"f62ccdd\" data-element_type=\"column\">\n\t\t\t<div class=\"elementor-widget-wrap elementor-element-populated\">\n\t\t\t\t\t\t<div class=\"elementor-element elementor-element-f2774fa elementor-widget elementor-widget-image\" data-id=\"f2774fa\" data-element_type=\"widget\" data-widget_type=\"image.default\">\n\t\t\t\t<div class=\"elementor-widget-container\">\n\t\t\t\t\t\t\t\t\t\t\t\t\t\t\t<img fetchpriority=\"high\" decoding=\"async\" width=\"800\" height=\"453\" src=\"https:\/\/servicios-nauticos.com\/wp-content\/uploads\/2025\/04\/Servicios-Nauticos-Puerto-Vallarta-Maztalan-Los-Cabos-Cruisers-yacht-42-Cantius-001-1024x580.jpg\" class=\"attachment-large size-large wp-image-2267\" alt=\"\" srcset=\"https:\/\/servicios-nauticos.com\/wp-content\/uploads\/2025\/04\/Servicios-Nauticos-Puerto-Vallarta-Maztalan-Los-Cabos-Cruisers-yacht-42-Cantius-001-1024x580.jpg 1024w, https:\/\/servicios-nauticos.com\/wp-content\/uploads\/2025\/04\/Servicios-Nauticos-Puerto-Vallarta-Maztalan-Los-Cabos-Cruisers-yacht-42-Cantius-001-300x170.jpg 300w, https:\/\/servicios-nauticos.com\/wp-content\/uploads\/2025\/04\/Servicios-Nauticos-Puerto-Vallarta-Maztalan-Los-Cabos-Cruisers-yacht-42-Cantius-001-768x435.jpg 768w, https:\/\/servicios-nauticos.com\/wp-content\/uploads\/2025\/04\/Servicios-Nauticos-Puerto-Vallarta-Maztalan-Los-Cabos-Cruisers-yacht-42-Cantius-001.jpg 1200w\" sizes=\"(max-width: 800px) 100vw, 800px\" \/>\t\t\t\t\t\t\t\t\t\t\t\t\t\t\t<\/div>\n\t\t\t\t<\/div>\n\t\t\t\t\t<\/div>\n\t\t<\/div>\n\t\t\t\t\t<\/div>\n\t\t<\/section>\n\t\t\t\t<section class=\"elementor-section elementor-top-section elementor-element elementor-element-2bf6b7f elementor-section-boxed elementor-section-height-default elementor-section-height-default\" data-id=\"2bf6b7f\" data-element_type=\"section\">\n\t\t\t\t\t\t<div class=\"elementor-container elementor-column-gap-default\">\n\t\t\t\t\t<div class=\"elementor-column elementor-col-50 elementor-top-column elementor-element elementor-element-47c804f\" data-id=\"47c804f\" data-element_type=\"column\">\n\t\t\t<div class=\"elementor-widget-wrap elementor-element-populated\">\n\t\t\t\t\t\t<div class=\"elementor-element elementor-element-5c8414b elementor-widget elementor-widget-text-editor\" data-id=\"5c8414b\" data-element_type=\"widget\" data-widget_type=\"text-editor.default\">\n\t\t\t\t<div class=\"elementor-widget-container\">\n\t\t\t\t\t\t\t\t\t<h2><strong>Presupuesto<\/strong><\/h2><table><tbody><tr><td><strong>Longitud total<\/strong><\/td><td>43&#039; 2\u201d \/ 13,15 m<\/td><\/tr><tr><td><strong>Haz<\/strong><\/td><td>13&#039; 8\u201d \/ 4,16 m<\/td><\/tr><tr><td><strong>Despeje del puente<br \/>(Luz de la parte superior del m\u00e1stil)<\/strong><\/td><td>13&#039; 10\u201d \/ 4,22 m<\/td><\/tr><tr><td><strong>Borrador<\/strong><\/td><td>40\u2033 \/ 1 m<\/td><\/tr><\/tbody><\/table>\t\t\t\t\t\t\t\t<\/div>\n\t\t\t\t<\/div>\n\t\t\t\t\t<\/div>\n\t\t<\/div>\n\t\t\t\t<div class=\"elementor-column elementor-col-50 elementor-top-column elementor-element elementor-element-948db4e\" data-id=\"948db4e\" data-element_type=\"column\">\n\t\t\t<div class=\"elementor-widget-wrap elementor-element-populated\">\n\t\t\t\t\t\t<div class=\"elementor-element elementor-element-b6a70ce elementor-widget elementor-widget-text-editor\" data-id=\"b6a70ce\" data-element_type=\"widget\" data-widget_type=\"text-editor.default\">\n\t\t\t\t<div class=\"elementor-widget-container\">\n\t\t\t\t\t\t\t\t\t<h2><strong>Tanque<\/strong><\/h2><table><tbody><tr><td><strong>Capacidad de combustible<\/strong><\/td><td>300 galones \/ 1136 L<\/td><\/tr><tr><td><strong>Capacidad de agua<\/strong><\/td><td>80 galones \/ 303 L<\/td><\/tr><tr><td><strong>Capacidad de residuos<\/strong><\/td><td>50 galones \/ 189 L<\/td><\/tr><tr><td><strong>Peso \u2013 Seco<\/strong><\/td><td>28,469 libras \/ 12913 kg<\/td><\/tr><\/tbody><\/table>\t\t\t\t\t\t\t\t<\/div>\n\t\t\t\t<\/div>\n\t\t\t\t\t<\/div>\n\t\t<\/div>\n\t\t\t\t\t<\/div>\n\t\t<\/section>\n\t\t\t\t<section class=\"elementor-section elementor-top-section elementor-element elementor-element-7fe8483 elementor-section-boxed elementor-section-height-default elementor-section-height-default\" data-id=\"7fe8483\" data-element_type=\"section\">\n\t\t\t\t\t\t<div class=\"elementor-container elementor-column-gap-default\">\n\t\t\t\t\t<div class=\"elementor-column elementor-col-100 elementor-top-column elementor-element elementor-element-c0a9a4f\" data-id=\"c0a9a4f\" data-element_type=\"column\">\n\t\t\t<div class=\"elementor-widget-wrap elementor-element-populated\">\n\t\t\t\t\t\t<div class=\"elementor-element elementor-element-d3f08cf gallery-spacing-custom elementor-widget elementor-widget-image-gallery\" data-id=\"d3f08cf\" data-element_type=\"widget\" data-widget_type=\"image-gallery.default\">\n\t\t\t\t<div class=\"elementor-widget-container\">\n\t\t\t\t\t\t\t<div class=\"elementor-image-gallery\">\n\t\t\t<div id='gallery-1' class='gallery galleryid-2266 gallery-columns-4 gallery-size-medium_large'><figure class='gallery-item'>\n\t\t\t<div class='gallery-icon landscape'>\n\t\t\t\t<a data-elementor-open-lightbox=\"yes\" data-elementor-lightbox-slideshow=\"d3f08cf\" data-elementor-lightbox-title=\"Servicios-Nauticos-Puerto-Vallarta-Maztalan-Los-Cabos-Cruisers-yacht-42-Cantius-002\" data-e-action-hash=\"#elementor-action%3Aaction%3Dlightbox%26settings%3DeyJpZCI6MjI2OSwidXJsIjoiaHR0cHM6XC9cL3NlcnZpY2lvcy1uYXV0aWNvcy5jb21cL3dwLWNvbnRlbnRcL3VwbG9hZHNcLzIwMjVcLzA0XC9TZXJ2aWNpb3MtTmF1dGljb3MtUHVlcnRvLVZhbGxhcnRhLU1henRhbGFuLUxvcy1DYWJvcy1DcnVpc2Vycy15YWNodC00Mi1DYW50aXVzLTAwMi5qcGciLCJzbGlkZXNob3ciOiJkM2YwOGNmIn0%3D\" href='https:\/\/servicios-nauticos.com\/wp-content\/uploads\/2025\/04\/Servicios-Nauticos-Puerto-Vallarta-Maztalan-Los-Cabos-Cruisers-yacht-42-Cantius-002.jpg'><img decoding=\"async\" width=\"768\" height=\"435\" src=\"https:\/\/servicios-nauticos.com\/wp-content\/uploads\/2025\/04\/Servicios-Nauticos-Puerto-Vallarta-Maztalan-Los-Cabos-Cruisers-yacht-42-Cantius-002-768x435.jpg\" class=\"attachment-medium_large size-medium_large\" alt=\"\" srcset=\"https:\/\/servicios-nauticos.com\/wp-content\/uploads\/2025\/04\/Servicios-Nauticos-Puerto-Vallarta-Maztalan-Los-Cabos-Cruisers-yacht-42-Cantius-002-768x435.jpg 768w, https:\/\/servicios-nauticos.com\/wp-content\/uploads\/2025\/04\/Servicios-Nauticos-Puerto-Vallarta-Maztalan-Los-Cabos-Cruisers-yacht-42-Cantius-002-300x170.jpg 300w, https:\/\/servicios-nauticos.com\/wp-content\/uploads\/2025\/04\/Servicios-Nauticos-Puerto-Vallarta-Maztalan-Los-Cabos-Cruisers-yacht-42-Cantius-002-1024x580.jpg 1024w, https:\/\/servicios-nauticos.com\/wp-content\/uploads\/2025\/04\/Servicios-Nauticos-Puerto-Vallarta-Maztalan-Los-Cabos-Cruisers-yacht-42-Cantius-002.jpg 1200w\" sizes=\"(max-width: 768px) 100vw, 768px\" \/><\/a>\n\t\t\t<\/div><\/figure><figure class='gallery-item'>\n\t\t\t<div class='gallery-icon landscape'>\n\t\t\t\t<a data-elementor-open-lightbox=\"yes\" data-elementor-lightbox-slideshow=\"d3f08cf\" data-elementor-lightbox-title=\"Servicios-Nauticos-Puerto-Vallarta-Maztalan-Los-Cabos-Cruisers-yacht-42-Cantius-003\" data-e-action-hash=\"#elementor-action%3Aaction%3Dlightbox%26settings%3DeyJpZCI6MjI3MCwidXJsIjoiaHR0cHM6XC9cL3NlcnZpY2lvcy1uYXV0aWNvcy5jb21cL3dwLWNvbnRlbnRcL3VwbG9hZHNcLzIwMjVcLzA0XC9TZXJ2aWNpb3MtTmF1dGljb3MtUHVlcnRvLVZhbGxhcnRhLU1henRhbGFuLUxvcy1DYWJvcy1DcnVpc2Vycy15YWNodC00Mi1DYW50aXVzLTAwMy5qcGciLCJzbGlkZXNob3ciOiJkM2YwOGNmIn0%3D\" href='https:\/\/servicios-nauticos.com\/wp-content\/uploads\/2025\/04\/Servicios-Nauticos-Puerto-Vallarta-Maztalan-Los-Cabos-Cruisers-yacht-42-Cantius-003.jpg'><img loading=\"lazy\" decoding=\"async\" width=\"768\" height=\"435\" src=\"https:\/\/servicios-nauticos.com\/wp-content\/uploads\/2025\/04\/Servicios-Nauticos-Puerto-Vallarta-Maztalan-Los-Cabos-Cruisers-yacht-42-Cantius-003-768x435.jpg\" class=\"attachment-medium_large size-medium_large\" alt=\"\" srcset=\"https:\/\/servicios-nauticos.com\/wp-content\/uploads\/2025\/04\/Servicios-Nauticos-Puerto-Vallarta-Maztalan-Los-Cabos-Cruisers-yacht-42-Cantius-003-768x435.jpg 768w, https:\/\/servicios-nauticos.com\/wp-content\/uploads\/2025\/04\/Servicios-Nauticos-Puerto-Vallarta-Maztalan-Los-Cabos-Cruisers-yacht-42-Cantius-003-300x170.jpg 300w, https:\/\/servicios-nauticos.com\/wp-content\/uploads\/2025\/04\/Servicios-Nauticos-Puerto-Vallarta-Maztalan-Los-Cabos-Cruisers-yacht-42-Cantius-003-1024x580.jpg 1024w, https:\/\/servicios-nauticos.com\/wp-content\/uploads\/2025\/04\/Servicios-Nauticos-Puerto-Vallarta-Maztalan-Los-Cabos-Cruisers-yacht-42-Cantius-003.jpg 1200w\" sizes=\"(max-width: 768px) 100vw, 768px\" \/><\/a>\n\t\t\t<\/div><\/figure><figure class='gallery-item'>\n\t\t\t<div class='gallery-icon landscape'>\n\t\t\t\t<a data-elementor-open-lightbox=\"yes\" data-elementor-lightbox-slideshow=\"d3f08cf\" data-elementor-lightbox-title=\"Servicios-Nauticos-Puerto-Vallarta-Maztalan-Los-Cabos-Cruisers-yacht-42-Cantius-004\" data-e-action-hash=\"#elementor-action%3Aaction%3Dlightbox%26settings%3DeyJpZCI6MjI3MSwidXJsIjoiaHR0cHM6XC9cL3NlcnZpY2lvcy1uYXV0aWNvcy5jb21cL3dwLWNvbnRlbnRcL3VwbG9hZHNcLzIwMjVcLzA0XC9TZXJ2aWNpb3MtTmF1dGljb3MtUHVlcnRvLVZhbGxhcnRhLU1henRhbGFuLUxvcy1DYWJvcy1DcnVpc2Vycy15YWNodC00Mi1DYW50aXVzLTAwNC5qcGciLCJzbGlkZXNob3ciOiJkM2YwOGNmIn0%3D\" href='https:\/\/servicios-nauticos.com\/wp-content\/uploads\/2025\/04\/Servicios-Nauticos-Puerto-Vallarta-Maztalan-Los-Cabos-Cruisers-yacht-42-Cantius-004.jpg'><img loading=\"lazy\" decoding=\"async\" width=\"768\" height=\"435\" src=\"https:\/\/servicios-nauticos.com\/wp-content\/uploads\/2025\/04\/Servicios-Nauticos-Puerto-Vallarta-Maztalan-Los-Cabos-Cruisers-yacht-42-Cantius-004-768x435.jpg\" class=\"attachment-medium_large size-medium_large\" alt=\"\" srcset=\"https:\/\/servicios-nauticos.com\/wp-content\/uploads\/2025\/04\/Servicios-Nauticos-Puerto-Vallarta-Maztalan-Los-Cabos-Cruisers-yacht-42-Cantius-004-768x435.jpg 768w, https:\/\/servicios-nauticos.com\/wp-content\/uploads\/2025\/04\/Servicios-Nauticos-Puerto-Vallarta-Maztalan-Los-Cabos-Cruisers-yacht-42-Cantius-004-300x170.jpg 300w, https:\/\/servicios-nauticos.com\/wp-content\/uploads\/2025\/04\/Servicios-Nauticos-Puerto-Vallarta-Maztalan-Los-Cabos-Cruisers-yacht-42-Cantius-004-1024x580.jpg 1024w, https:\/\/servicios-nauticos.com\/wp-content\/uploads\/2025\/04\/Servicios-Nauticos-Puerto-Vallarta-Maztalan-Los-Cabos-Cruisers-yacht-42-Cantius-004.jpg 1200w\" sizes=\"(max-width: 768px) 100vw, 768px\" \/><\/a>\n\t\t\t<\/div><\/figure><figure class='gallery-item'>\n\t\t\t<div class='gallery-icon landscape'>\n\t\t\t\t<a data-elementor-open-lightbox=\"yes\" data-elementor-lightbox-slideshow=\"d3f08cf\" data-elementor-lightbox-title=\"Servicios-Nauticos-Puerto-Vallarta-Maztalan-Los-Cabos-Cruisers-yacht-42-Cantius-005\" data-e-action-hash=\"#elementor-action%3Aaction%3Dlightbox%26settings%3DeyJpZCI6MjI3MiwidXJsIjoiaHR0cHM6XC9cL3NlcnZpY2lvcy1uYXV0aWNvcy5jb21cL3dwLWNvbnRlbnRcL3VwbG9hZHNcLzIwMjVcLzA0XC9TZXJ2aWNpb3MtTmF1dGljb3MtUHVlcnRvLVZhbGxhcnRhLU1henRhbGFuLUxvcy1DYWJvcy1DcnVpc2Vycy15YWNodC00Mi1DYW50aXVzLTAwNS5qcGciLCJzbGlkZXNob3ciOiJkM2YwOGNmIn0%3D\" href='https:\/\/servicios-nauticos.com\/wp-content\/uploads\/2025\/04\/Servicios-Nauticos-Puerto-Vallarta-Maztalan-Los-Cabos-Cruisers-yacht-42-Cantius-005.jpg'><img loading=\"lazy\" decoding=\"async\" width=\"768\" height=\"435\" src=\"https:\/\/servicios-nauticos.com\/wp-content\/uploads\/2025\/04\/Servicios-Nauticos-Puerto-Vallarta-Maztalan-Los-Cabos-Cruisers-yacht-42-Cantius-005-768x435.jpg\" class=\"attachment-medium_large size-medium_large\" alt=\"\" srcset=\"https:\/\/servicios-nauticos.com\/wp-content\/uploads\/2025\/04\/Servicios-Nauticos-Puerto-Vallarta-Maztalan-Los-Cabos-Cruisers-yacht-42-Cantius-005-768x435.jpg 768w, https:\/\/servicios-nauticos.com\/wp-content\/uploads\/2025\/04\/Servicios-Nauticos-Puerto-Vallarta-Maztalan-Los-Cabos-Cruisers-yacht-42-Cantius-005-300x170.jpg 300w, https:\/\/servicios-nauticos.com\/wp-content\/uploads\/2025\/04\/Servicios-Nauticos-Puerto-Vallarta-Maztalan-Los-Cabos-Cruisers-yacht-42-Cantius-005-1024x580.jpg 1024w, https:\/\/servicios-nauticos.com\/wp-content\/uploads\/2025\/04\/Servicios-Nauticos-Puerto-Vallarta-Maztalan-Los-Cabos-Cruisers-yacht-42-Cantius-005.jpg 1200w\" sizes=\"(max-width: 768px) 100vw, 768px\" \/><\/a>\n\t\t\t<\/div><\/figure><figure class='gallery-item'>\n\t\t\t<div class='gallery-icon landscape'>\n\t\t\t\t<a data-elementor-open-lightbox=\"yes\" data-elementor-lightbox-slideshow=\"d3f08cf\" data-elementor-lightbox-title=\"Servicios-Nauticos-Puerto-Vallarta-Maztalan-Los-Cabos-Cruisers-yacht-42-Cantius-006\" data-e-action-hash=\"#elementor-action%3Aaction%3Dlightbox%26settings%3DeyJpZCI6MjI3MywidXJsIjoiaHR0cHM6XC9cL3NlcnZpY2lvcy1uYXV0aWNvcy5jb21cL3dwLWNvbnRlbnRcL3VwbG9hZHNcLzIwMjVcLzA0XC9TZXJ2aWNpb3MtTmF1dGljb3MtUHVlcnRvLVZhbGxhcnRhLU1henRhbGFuLUxvcy1DYWJvcy1DcnVpc2Vycy15YWNodC00Mi1DYW50aXVzLTAwNi5qcGciLCJzbGlkZXNob3ciOiJkM2YwOGNmIn0%3D\" href='https:\/\/servicios-nauticos.com\/wp-content\/uploads\/2025\/04\/Servicios-Nauticos-Puerto-Vallarta-Maztalan-Los-Cabos-Cruisers-yacht-42-Cantius-006.jpg'><img loading=\"lazy\" decoding=\"async\" width=\"768\" height=\"435\" src=\"https:\/\/servicios-nauticos.com\/wp-content\/uploads\/2025\/04\/Servicios-Nauticos-Puerto-Vallarta-Maztalan-Los-Cabos-Cruisers-yacht-42-Cantius-006-768x435.jpg\" class=\"attachment-medium_large size-medium_large\" alt=\"\" srcset=\"https:\/\/servicios-nauticos.com\/wp-content\/uploads\/2025\/04\/Servicios-Nauticos-Puerto-Vallarta-Maztalan-Los-Cabos-Cruisers-yacht-42-Cantius-006-768x435.jpg 768w, https:\/\/servicios-nauticos.com\/wp-content\/uploads\/2025\/04\/Servicios-Nauticos-Puerto-Vallarta-Maztalan-Los-Cabos-Cruisers-yacht-42-Cantius-006-300x170.jpg 300w, https:\/\/servicios-nauticos.com\/wp-content\/uploads\/2025\/04\/Servicios-Nauticos-Puerto-Vallarta-Maztalan-Los-Cabos-Cruisers-yacht-42-Cantius-006-1024x580.jpg 1024w, https:\/\/servicios-nauticos.com\/wp-content\/uploads\/2025\/04\/Servicios-Nauticos-Puerto-Vallarta-Maztalan-Los-Cabos-Cruisers-yacht-42-Cantius-006.jpg 1200w\" sizes=\"(max-width: 768px) 100vw, 768px\" \/><\/a>\n\t\t\t<\/div><\/figure><figure class='gallery-item'>\n\t\t\t<div class='gallery-icon landscape'>\n\t\t\t\t<a data-elementor-open-lightbox=\"yes\" data-elementor-lightbox-slideshow=\"d3f08cf\" data-elementor-lightbox-title=\"Servicios-Nauticos-Puerto-Vallarta-Maztalan-Los-Cabos-Cruisers-yacht-42-Cantius-001\" data-e-action-hash=\"#elementor-action%3Aaction%3Dlightbox%26settings%3DeyJpZCI6MjI2NywidXJsIjoiaHR0cHM6XC9cL3NlcnZpY2lvcy1uYXV0aWNvcy5jb21cL3dwLWNvbnRlbnRcL3VwbG9hZHNcLzIwMjVcLzA0XC9TZXJ2aWNpb3MtTmF1dGljb3MtUHVlcnRvLVZhbGxhcnRhLU1henRhbGFuLUxvcy1DYWJvcy1DcnVpc2Vycy15YWNodC00Mi1DYW50aXVzLTAwMS5qcGciLCJzbGlkZXNob3ciOiJkM2YwOGNmIn0%3D\" href='https:\/\/servicios-nauticos.com\/wp-content\/uploads\/2025\/04\/Servicios-Nauticos-Puerto-Vallarta-Maztalan-Los-Cabos-Cruisers-yacht-42-Cantius-001.jpg'><img loading=\"lazy\" decoding=\"async\" width=\"768\" height=\"435\" src=\"https:\/\/servicios-nauticos.com\/wp-content\/uploads\/2025\/04\/Servicios-Nauticos-Puerto-Vallarta-Maztalan-Los-Cabos-Cruisers-yacht-42-Cantius-001-768x435.jpg\" class=\"attachment-medium_large size-medium_large\" alt=\"\" srcset=\"https:\/\/servicios-nauticos.com\/wp-content\/uploads\/2025\/04\/Servicios-Nauticos-Puerto-Vallarta-Maztalan-Los-Cabos-Cruisers-yacht-42-Cantius-001-768x435.jpg 768w, https:\/\/servicios-nauticos.com\/wp-content\/uploads\/2025\/04\/Servicios-Nauticos-Puerto-Vallarta-Maztalan-Los-Cabos-Cruisers-yacht-42-Cantius-001-300x170.jpg 300w, https:\/\/servicios-nauticos.com\/wp-content\/uploads\/2025\/04\/Servicios-Nauticos-Puerto-Vallarta-Maztalan-Los-Cabos-Cruisers-yacht-42-Cantius-001-1024x580.jpg 1024w, https:\/\/servicios-nauticos.com\/wp-content\/uploads\/2025\/04\/Servicios-Nauticos-Puerto-Vallarta-Maztalan-Los-Cabos-Cruisers-yacht-42-Cantius-001.jpg 1200w\" sizes=\"(max-width: 768px) 100vw, 768px\" \/><\/a>\n\t\t\t<\/div><\/figure>\n\t\t<\/div>\n\t\t<\/div>\n\t\t\t\t\t\t<\/div>\n\t\t\t\t<\/div>\n\t\t\t\t\t<\/div>\n\t\t<\/div>\n\t\t\t\t\t<\/div>\n\t\t<\/section>\n\t\t\t\t<section class=\"elementor-section elementor-top-section elementor-element elementor-element-018c634 elementor-section-boxed elementor-section-height-default elementor-section-height-default\" data-id=\"018c634\" data-element_type=\"section\">\n\t\t\t\t\t\t<div class=\"elementor-container elementor-column-gap-default\">\n\t\t\t\t\t<div class=\"elementor-column elementor-col-100 elementor-top-column elementor-element elementor-element-136c7d1\" data-id=\"136c7d1\" data-element_type=\"column\">\n\t\t\t<div class=\"elementor-widget-wrap elementor-element-populated\">\n\t\t\t\t\t\t<div class=\"elementor-element elementor-element-97dcc40 elementor-align-center elementor-widget elementor-widget-button\" data-id=\"97dcc40\" data-element_type=\"widget\" data-widget_type=\"button.default\">\n\t\t\t\t<div class=\"elementor-widget-container\">\n\t\t\t\t\t\t\t\t\t<div class=\"elementor-button-wrapper\">\n\t\t\t\t\t<a class=\"elementor-button elementor-button-link elementor-size-sm\" href=\"\/contacto\/\">\n\t\t\t\t\t\t<span class=\"elementor-button-content-wrapper\">\n\t\t\t\t\t\t\t\t\t<span class=\"elementor-button-text\">M\u00e1s informaci\u00f3n<\/span>\n\t\t\t\t\t<\/span>\n\t\t\t\t\t<\/a>\n\t\t\t\t<\/div>\n\t\t\t\t\t\t\t\t<\/div>\n\t\t\t\t<\/div>\n\t\t\t\t\t<\/div>\n\t\t<\/div>\n\t\t\t\t\t<\/div>\n\t\t<\/section>\n\t\t\t\t<\/div>","protected":false},"excerpt":{"rendered":"<p>Con ventanas de 360 grados y una cubierta principal di\u00e1fana que ofrece diversi\u00f3n al aire libre y protecci\u00f3n contra los elementos, el 42 Cantius lo tiene todo. Satisfaga su apetito en la cocina completamente equipada, juegue y tome el sol en la espaciosa cubierta y ret\u00edrese a los tranquilos camarotes para dormir al atardecer. Contacte con su distribuidor local para [\u2026]<\/p>","protected":false},"author":3,"featured_media":3236,"parent":677,"menu_order":2,"comment_status":"closed","ping_status":"closed","template":"elementor_header_footer","meta":{"footnotes":""},"class_list":["post-2266","page","type-page","status-publish","has-post-thumbnail","hentry"],"_links":{"self":[{"href":"https:\/\/servicios-nauticos.com\/es\/wp-json\/wp\/v2\/pages\/2266","targetHints":{"allow":["GET"]}}],"collection":[{"href":"https:\/\/servicios-nauticos.com\/es\/wp-json\/wp\/v2\/pages"}],"about":[{"href":"https:\/\/servicios-nauticos.com\/es\/wp-json\/wp\/v2\/types\/page"}],"author":[{"embeddable":true,"href":"https:\/\/servicios-nauticos.com\/es\/wp-json\/wp\/v2\/users\/3"}],"replies":[{"embeddable":true,"href":"https:\/\/servicios-nauticos.com\/es\/wp-json\/wp\/v2\/comments?post=2266"}],"version-history":[{"count":4,"href":"https:\/\/servicios-nauticos.com\/es\/wp-json\/wp\/v2\/pages\/2266\/revisions"}],"predecessor-version":[{"id":2276,"href":"https:\/\/servicios-nauticos.com\/es\/wp-json\/wp\/v2\/pages\/2266\/revisions\/2276"}],"up":[{"embeddable":true,"href":"https:\/\/servicios-nauticos.com\/es\/wp-json\/wp\/v2\/pages\/677"}],"wp:featuredmedia":[{"embeddable":true,"href":"https:\/\/servicios-nauticos.com\/es\/wp-json\/wp\/v2\/media\/3236"}],"wp:attachment":[{"href":"https:\/\/servicios-nauticos.com\/es\/wp-json\/wp\/v2\/media?parent=2266"}],"curies":[{"name":"wp","href":"https:\/\/api.w.org\/{rel}","templated":true}]}}